{"id":74,"date":"2024-10-04T18:09:24","date_gmt":"2024-10-04T18:09:24","guid":{"rendered":"https:\/\/syyspuolenturva.fi\/?page_id=74"},"modified":"2025-09-27T08:33:48","modified_gmt":"2025-09-27T06:33:48","slug":"testamentti","status":"publish","type":"page","link":"https:\/\/syyspuolenturva.fi\/index.php\/alku\/testamentti\/","title":{"rendered":"Testamentti"},"content":{"rendered":"\r\n<p><img data-recalc-dims=\"1\" loading=\"lazy\" decoding=\"async\" class=\"size-medium wp-image-78 alignright\" src=\"https:\/\/i0.wp.com\/syyspuolenturva.fi\/wp-content\/uploads\/2024\/10\/AT-bild1.jpg?resize=295%2C300&#038;ssl=1\" alt=\"teemakuva\" width=\"295\" height=\"300\" srcset=\"https:\/\/i0.wp.com\/syyspuolenturva.fi\/wp-content\/uploads\/2024\/10\/AT-bild1.jpg?resize=295%2C300&amp;ssl=1 295w, https:\/\/i0.wp.com\/syyspuolenturva.fi\/wp-content\/uploads\/2024\/10\/AT-bild1.jpg?w=358&amp;ssl=1 358w\" sizes=\"auto, (max-width: 295px) 100vw, 295px\" \/>Testamentilla tulee olla tarve ja tarkoitus. Testamentilla m\u00e4\u00e4r\u00e4\u00e4t itse, miten omaisuutesi jaetaan kuoleman j\u00e4lkeen. Ellei testamenttia tehd\u00e4, kuolinpes\u00e4 m\u00e4\u00e4r\u00e4\u00e4 asioista.<\/p>\r\n\r\n\r\n\r\n<p>T\u00e4ss\u00e4 osiossa yritet\u00e4\u00e4n tuoda esille joitakin asioita, joista voi m\u00e4\u00e4r\u00e4t\u00e4 testamentilla. Tarkoitus on antaa pohjaa, kun miettii mist\u00e4 asioista haluaisi m\u00e4\u00e4r\u00e4t\u00e4. Sellainen pohdinta on hyv\u00e4 tehd\u00e4 ennen juristin tapaamista. Ellei t\u00e4llaisia asioita ole voi testamentti olla turha.<\/p>\r\n\r\n\r\n\r\n<p>On muistettava, ett\u00e4 testamentti on sitova m\u00e4\u00e4r\u00e4ys, kunhan se on lain puitteissa m\u00e4\u00e4r\u00e4tty, ei toivomus. Kuolinpes\u00e4ll\u00e4 ei yleens\u00e4 ole oikeutta muuttaa testamentin m\u00e4\u00e4r\u00e4yksi\u00e4.<\/p>\r\n<p>Lakiosa on lains\u00e4\u00e4d\u00e4nn\u00f6n m\u00e4\u00e4r\u00e4ys siit\u00e4 mink\u00e4 osuuden rintaperillinen (puolet tasajaon osuudesta) saa vaatia testamentista huolimatta.<\/p>\r\n\r\n\r\n\r\n<h2 class=\"wp-block-heading\">Testamentin muotoseikat<\/h2>\r\n\r\n\r\n\r\n<p>T\u00e4rkeimm\u00e4t muotoseikat ovat, ett\u00e4 testamentin tulee olla kirjallinen ja sen saa tehd\u00e4 t\u00e4ysi-ik\u00e4inen, tai 15 vuotta t\u00e4ytt\u00e4nyt omaisuudesta, jonka on itse ansainnut. Testamentin tekij\u00e4n tulee ymm\u00e4rt\u00e4\u00e4 testamentin merkityksen ja tulee tehd\u00e4 se vapaaehtoisesti, ei painostuksen alla. Testamentin tulee olla niin selke\u00e4, ettei sen sis\u00e4ll\u00f6st\u00e4 tule erimielisyyksi\u00e4. Juristin apu varmistaa, ett\u00e4 muotoseikat t\u00e4ytet\u00e4\u00e4n.<\/p>\r\n\r\n\r\n\r\n<p>Testamentti tulee olla p\u00e4iv\u00e4tty sek\u00e4 tekij\u00e4n ja kahden todistajan allekirjoittama. Todistajien tulee olla t\u00e4ysivaltaisia eiv\u00e4tk\u00e4 saa olla tekij\u00e4n l\u00e4hisukulaisia. Todistajat todistavat allekirjoituksen lis\u00e4ksi, ett\u00e4 tekij\u00e4 ymm\u00e4rt\u00e4\u00e4 testamentin merkityksen ja ett\u00e4 se on vapaaehtoinen. Sellaista testamenttia ei saa todistaa, joka tehd\u00e4\u00e4n todistajan tai h\u00e4nen l\u00e4hisukulaisen hyv\u00e4ksi.<\/p>\r\n<h2>Unohdettava tai muistettava<\/h2>\r\n<p><span class=\"HwtZe\" lang=\"fi\"><span class=\"jCAhz ChMk0b\"><span class=\"ryNqvb\">Testamentilla voit valita, haluatko tulla unohdetuksi vai muistetuksi.<\/span><\/span> <span class=\"jCAhz ChMk0b\"><span class=\"ryNqvb\">Jos haluat tulla unohdetuksi, testamentissa ei ole erityisi\u00e4 m\u00e4\u00e4r\u00e4yksi\u00e4 koskien omaisuutta perinn\u00f6n siirtymisen j\u00e4lkeen.<\/span><\/span> <span class=\"jCAhz ChMk0b\"><span class=\"ryNqvb\">Jos haluat, ett\u00e4 sinut muistetaan, asetat testamentilla jonkinlaisen toiminnon, johon usein sis\u00e4ltyy oma nimesi.<\/span><\/span><\/span><\/p>\r\n\r\n\r\n\r\n<h2 class=\"wp-block-heading\">Mik\u00e4 omaisuus kenellekin<\/h2>\r\n\r\n\r\n\r\n<p>Testamentilla voi m\u00e4\u00e4r\u00e4t\u00e4 mik\u00e4 omaisuusosa menee m\u00e4\u00e4r\u00e4tylle perilliselle. T\u00e4m\u00e4 voi olla olennaista jos haluaa ett\u00e4 esim. kiinteist\u00f6 s\u00e4ilyy suvun piiriss\u00e4. Voi my\u00f6s m\u00e4\u00e4r\u00e4t\u00e4, ett\u00e4 joku omaisuusosa on myyt\u00e4v\u00e4 perillisten ulkopuolelle. Esimerkiksi kes\u00e4m\u00f6kki menee tytt\u00e4relle ja asunto menee pojalle, jos on nuo kaksi lasta.<\/p>\r\n\r\n\r\n\r\n<p>Testamentilla voi m\u00e4\u00e4r\u00e4t\u00e4, ett\u00e4 jokin omaisuuser\u00e4 menee perheen ulkopuoliselle saajalle. Varakas voi esimerkiksi m\u00e4\u00e4r\u00e4t\u00e4, ett\u00e4 asuinkunta saa tietyn lomakiinteist\u00f6n vanhusten virkistystoimintaa varten. Yhdistykset tarvitsevat varoja. Julkisen sektorin s\u00e4\u00e4st\u00f6paineet v\u00e4hent\u00e4v\u00e4t kolmannen sektorin toimintamahdollisuuksia. Lakiosa on kuitenkin yleens\u00e4 taattava rintaperillisille.\u00a0<\/p>\r\n<p>Kaikissa n\u00e4iss\u00e4 tapauksissa on syyt\u00e4 k\u00e4ytt\u00e4\u00e4 juristia jotta m\u00e4\u00e4r\u00e4ykset ovat tarkoituksenmukaisia sek\u00e4 laillisesti p\u00e4tevi\u00e4.\u00a0<\/p>\r\n<h2>Ei perillist\u00e4<\/h2>\r\n<p>Ellei ole perillist\u00e4 eik\u00e4 testamentti\u00e4k\u00e4\u00e4n menee omaisuus valtiolle. Silloin voi testamentti olla paikallaan niin ett\u00e4 omaisuus menee jollekin taholle jonka vainaja arvostaa. Perimysj\u00e4rjestys on veroviranomaisten mukaan:<\/p>\r\n<ol>\r\n<li><strong>Lapset.<\/strong>\u00a0Jos lapsi on kuollut, perint\u00f6 menee lastenlapsille ja heid\u00e4n j\u00e4lkeens\u00e4 lastenlastenlapsille.<\/li>\r\n<li><strong>Leski.<\/strong>\u00a0Leski perii puolisonsa, jos he olivat naimisissa eik\u00e4 vainajalla ole omia rintaperillisi\u00e4 eli lapsia tai lastenlapsia.<\/li>\r\n<li><strong>\u00c4iti ja is\u00e4.<\/strong>\u00a0Jos \u00e4iti ja is\u00e4 ovat kuolleet, perint\u00f6 menee sisaruksille ja heid\u00e4n j\u00e4lkeens\u00e4 sisarusten lapsille.<\/li>\r\n<li><strong>Isovanhemmat.\u00a0<\/strong>Jos isovanhemmat ovat kuolleet, perint\u00f6 menee sedille, t\u00e4deille ja enoille. Heid\u00e4n j\u00e4lkeens\u00e4 perint\u00f6 menee valtiolle. Serkut eiv\u00e4t siis kuulu perillisiin.<\/li>\r\n<\/ol>\r\n<div class=\"usGWQd\">\r\n<div class=\"KkbLmb\">\r\n<h2 class=\"OvtS8d\">Verojen v\u00e4hent\u00e4minen<\/h2>\r\n<\/div>\r\n<\/div>\r\n\r\n\r\n\r\n\r\n\r\n<p>Jos peritt\u00e4v\u00e4 omaisuus on merkitt\u00e4v\u00e4 voi olla edullista laatia testamentti, jolla maksettavien verojen m\u00e4\u00e4r\u00e4\u00e4 v\u00e4hennet\u00e4\u00e4n. N\u00e4iss\u00e4 asioissa asiantuntijan apu on t\u00e4rke\u00e4, jotta valitaan tarkoitukseen ja veros\u00e4\u00e4nt\u00f6ihin sopivat keinot<\/p>\r\n\r\n\r\n\r\n<p>Keinoihin voi kuulua perinn\u00f6n jakaminen useamman perillisen kesken, esim. yhden sukupolven ylitt\u00e4minen, siis m\u00e4\u00e4r\u00e4\u00e4m\u00e4\u00e4n perint\u00f6 jaettavaksi lapsen ja h\u00e4nen lastensa kesken, tai pelk\u00e4st\u00e4\u00e4n lapsenlapsille. Omistusoikeuden ja hallintaoikeuden erottaminen on my\u00f6s mahdollista. Usein t\u00e4llainen asia on hyv\u00e4 sopia etuk\u00e4teen.<\/p>\r\n\r\n\r\n\r\n<h2 class=\"wp-block-heading\">Lesken tai avolesken asema<\/h2>\r\n\r\n\r\n\r\n<p>Leskell\u00e4 tai etenkin avoleskell\u00e4 voi olla vaikeuksia selvit\u00e4 ilman perinn\u00f6nj\u00e4tt\u00e4j\u00e4n tukea. Testamentilla voidaan helpottaa lesken tai avolesken loppuel\u00e4m\u00e4\u00e4. Lapseton pari voi tehd\u00e4 keskin\u00e4isen testamentin, joko hallintatestamenttina tai omistustestamenttina, ettei kuolleen osuus yhdess\u00e4 kootusta varallisuudesta siirry kuolleen sukulaisille.<\/p>\r\n\r\n\r\n\r\n<p>Avioliiton leskell\u00e4 on lain mukaan oikeus asua yhteisess\u00e4 omistusasunnossa, kun taas avoleskell\u00e4 ei ole t\u00e4llaista oikeutta. Jos avoleskelle halutaan antaa t\u00e4llainen oikeus se pit\u00e4\u00e4 antaa testamentilla. Asumisoikeus on hallintaoikeus, ei omistusoikeus.<\/p>\r\n<p>Molemmissa tapauksissa voi testamentilla helpottaa tilannetta. Testamentilla voi my\u00f6s m\u00e4\u00e4r\u00e4t\u00e4, ett\u00e4 asumisoikeus jatkuu asunnon tilalle hankittavaan asuntoon. Se voi olla t\u00e4rke\u00e4 asia huonokuntoiselle ik\u00e4\u00e4ntyneelle, jos asunto ei ole el\u00e4kel\u00e4iselle sopiva.<\/p>\r\n\r\n\r\n\r\n<p>Molemmissa tapauksissa voi olla pienent\u00e4\u00e4 rintaperillisten perint\u00f6\u00e4 ensin kuolleen vanhemman j\u00e4lkeen ja j\u00e4tt\u00e4\u00e4 suurempi osa varallisuudesta leskelle tai avoleskelle.<\/p>\r\n\r\n\r\n\r\n<h2 class=\"wp-block-heading\">Perillisell\u00e4 rahavaikeuksia<\/h2>\r\n\r\n\r\n\r\n<p>Jos rintaperillisten joukossa on joku, jolla on rahavaikeuksia tai vaikeuksia hallinnoida varallisuutta niin testamentilla voidaan ottaa t\u00e4llaiset piirteet huomioon.<\/p>\r\n\r\n\r\n\r\n<p>Voit m\u00e4\u00e4r\u00e4t\u00e4 esimerkiksi, ett\u00e4 t\u00e4m\u00e4n perillisen lapset saavat osan perillisen osuudesta, mutta yleens\u00e4 enint\u00e4\u00e4n puolet. Lakiosa on yleens\u00e4 annettava rintaperilliselle. Esimerkiksi niin ett\u00e4 rintaperillinen saa lakiosan eli puolet tasajaon arvosta, ja h\u00e4nen lapsensa jakavat toisen puolen. Enemm\u00e4nkin voi m\u00e4\u00e4r\u00e4t\u00e4, jos ensisijainen perillinen hyv\u00e4ksyy lakiosaansa pienemm\u00e4n perinn\u00f6n.<\/p>\r\n\r\n\r\n\r\n<p>Jos taas haluaa suosia jotakin perillist\u00e4 tasajaon ylitt\u00e4m\u00e4\u00e4 arvoa niin senkin voi tehd\u00e4, kunhan ottaa muiden lakiosan huomioon.<\/p>\r\n<h2 class=\"lRu31\" dir=\"ltr\"><span class=\"HwtZe\" lang=\"fi\"><span class=\"jCAhz ChMk0b\"><span class=\"ryNqvb\">Perheyritykset <\/span><\/span><\/span><\/h2>\r\n<p class=\"lRu31\" dir=\"ltr\"><span class=\"HwtZe\" lang=\"fi\"><span class=\"jCAhz ChMk0b\"><span class=\"ryNqvb\">Jos on useita perillisi\u00e4, voi olla tarkoituksenmukaista tehd\u00e4 m\u00e4\u00e4r\u00e4yksi\u00e4 siit\u00e4, miten perheyrityksen toiminta voidaan turvata.<\/span><\/span><\/span><\/p>\r\n<h2 class=\"lRu31\" dir=\"ltr\"><span class=\"HwtZe\" lang=\"fi\"><span class=\"jCAhz ChMk0b\"><span class=\"ryNqvb\">Toiminnan tukea<\/span><\/span><\/span><\/h2>\r\n<p class=\"lRu31\" dir=\"ltr\"><span class=\"HwtZe\" lang=\"fi\"><span class=\"jCAhz ChMk0b\"><span class=\"ryNqvb\">Kuka tahansa voi tukea toimintaa testamenttaamalla varoja.<\/span><\/span> <span class=\"jCAhz ChMk0b\"><span class=\"ryNqvb\">T\u00e4m\u00e4n voi tehd\u00e4 melko nimett\u00f6m\u00e4sti testamenttaamalla varoja ilman erityisi\u00e4 m\u00e4\u00e4r\u00e4yksi\u00e4. <span class=\"jCAhz\">Voit my\u00f6s testamentata varoja k\u00e4ytett\u00e4v\u00e4ksi tiettyyn toimintaan.<\/span> Toinen mahdollisuus on perustaa rahaston, s\u00e4\u00e4ti\u00f6n tai vastaavan, jolloin nimi yleens\u00e4 tulee esiin.<\/span><\/span> <\/span><\/p>\r\n<p class=\"lRu31\" dir=\"ltr\"><span class=\"HwtZe\" lang=\"fi\"><span class=\"jCAhz\"><span class=\"ryNqvb\">Rahasto, s\u00e4\u00e4ti\u00f6 tai vastaava vaatii melko paljon varoja ollakseen tarkoituksenmukainen.<\/span><\/span> <span class=\"jCAhz\"><span class=\"ryNqvb\">Voit my\u00f6s testamentata varoja jo olemassa olevaan rahastoon.<\/span><\/span> <\/span><\/p>\r\n<p class=\"lRu31\" dir=\"ltr\"><span class=\"HwtZe\" lang=\"fi\"><span class=\"jCAhz\"><span class=\"ryNqvb\">Aiemmin oli melko yleist\u00e4 lahjoittaa koululle stipendirahasto.<\/span><\/span> <span class=\"jCAhz\"><span class=\"ryNqvb\">Nyky-yhteiskunnassa t\u00e4t\u00e4 ei pidet\u00e4 toivottavana, koska koulutuksen tulisi koskea kaikkia lahjakkuudesta ja vastaavista seikoista riippumatta.<\/span><\/span> <span class=\"jCAhz\"><span class=\"ryNqvb\">Koulut ottavat kyll\u00e4 mielell\u00e4\u00e4n vastaan \u200b\u200bvaroja virkistykseen, tapahtumiin, luokkaretkiin ja vastaaviin.<\/span><\/span> <\/span><\/p>\r\n<p class=\"lRu31\" dir=\"ltr\"><span class=\"HwtZe\" lang=\"fi\"><span class=\"jCAhz\"><span class=\"ryNqvb\">Nyky-yhteiskunnassa erityisesti kolmas sektori tarvitsee varoja.<\/span><\/span> <span class=\"jCAhz\"><span class=\"ryNqvb\">Kolmas sektori on yhdistykset ja muu vastaava toiminta.<\/span><\/span> <span class=\"jCAhz\"><span class=\"ryNqvb\">Valtio v\u00e4hent\u00e4\u00e4 tukeaan kolmannelle sektorille melko huomattavasti, kun taas toiminta yleens\u00e4 tarvitsee yh\u00e4 enemm\u00e4n varoja.<\/span><\/span><\/span><\/p>\r\n\r\n\r\n\r\n<h2 class=\"wp-block-heading\">Omistuksen ja hallintaoikeuden erottaminen<\/h2>\r\n\r\n\r\n\r\n<p>Testamentilla voi m\u00e4\u00e4r\u00e4t\u00e4, ett\u00e4 jonkin omaisuuser\u00e4n omistus siirtyy mutta ett\u00e4 hallintaoikeus j\u00e4\u00e4 m\u00e4\u00e4r\u00e4ajaksi tai saajan el\u00e4m\u00e4n loppuun. Esimerkiksi kes\u00e4m\u00f6kin omistus voi siirty\u00e4 lapsenlapselle mutta hallintaoikeus (k\u00e4ytt\u00f6oikeus ym.) j\u00e4\u00e4 lapselle. Hallintaoikeuden erottaminen edellytt\u00e4\u00e4 yleens\u00e4, ett\u00e4 osapuolet pystyv\u00e4t sopimaan asioista, esim. kuka maksaa kes\u00e4m\u00f6kin isompia korjauksia.<\/p>\r\n\r\n\r\n\r\n<h2 class=\"wp-block-heading\">Varautuminen riitelyyn<\/h2>\r\n\r\n\r\n\r\n<p>Testamentilla voi m\u00e4\u00e4r\u00e4t\u00e4, ett\u00e4 jos joku perillinen ei tyydy testamentissa m\u00e4\u00e4r\u00e4ttyyn asiaan vaan riitauttaa asioita, t\u00e4m\u00e4 perillinen saa ainoastaan lakiosan. Lakiosan laatu voidaan m\u00e4\u00e4ritell\u00e4, esim. raha.<\/p>\r\n\r\n\r\n\r\n<p>Jos on pel\u00e4tt\u00e4viss\u00e4, ett\u00e4 jokin perillinen tuottaa vaikeuksia kuolinpes\u00e4n hoidossa tai perinn\u00f6njaossa t\u00e4llaiselle perilliselle voi m\u00e4\u00e4r\u00e4t\u00e4 legaatti (m\u00e4\u00e4r\u00e4tyn omaisuuser\u00e4n saanti) jolloin perillinen ei ole kuolinpes\u00e4n osaomistaja. Legaatin tulee kuitenkin olla v\u00e4hint\u00e4\u00e4n lakiosan suuruinen.<\/p>\r\n\r\n\r\n\r\n<p>Pitk\u00e4\u00e4n jatkuva omistuksen ja hallintaoikeuden erottaminen ja \/ tai yhteisomistus saattaa aikaa my\u00f6ten johtaa erimielisyyksiin.<\/p>\r\n\r\n\r\n\r\n<p>Juristilla voi hyvinkin olla muitakin keinoja.<\/p>\r\n\r\n\r\n\r\n<h2 class=\"wp-block-heading\">Avio-oikeuden poisto<\/h2>\r\n\r\n\r\n\r\n<p>Testamentilla voi m\u00e4\u00e4r\u00e4t\u00e4, ettei perillisten aviopuolisolla ole avio-oikeutta perint\u00f6\u00f6n. T\u00e4m\u00e4 on yleinen varotoimenpide, kun avioerot ovat yleisi\u00e4.<\/p>\r\n\r\n\r\n\r\n<h2 class=\"wp-block-heading\">Alaik\u00e4iset testamentinsaajat<\/h2>\r\n\r\n\r\n\r\n<p>Jos testamentti sis\u00e4lt\u00e4\u00e4 m\u00e4\u00e4r\u00e4yksi\u00e4 alaik\u00e4isille testamentinsaajille niin alaik\u00e4isen vanhemmat ovat ensisijaisesti alaik\u00e4isen edunvalvojia. Jos sek\u00e4 alaik\u00e4inen ett\u00e4 vanhemmista ainakin toinen on kuolinpes\u00e4n osakkaita, niin vanhemmat ovat esteellisi\u00e4 edunvalvojiksi. T\u00e4ll\u00f6in on hankittava Digi- ja v\u00e4est\u00f6tietovirastosta alaik\u00e4iselle edunvalvoja holhouslains\u00e4\u00e4d\u00e4nn\u00f6n perusteella.<\/p>\r\n\r\n\r\n\r\n<p>Er\u00e4s mahdollisuus v\u00e4ltt\u00e4\u00e4 t\u00e4t\u00e4 on laatia testamentti niin ett\u00e4 alaik\u00e4inen saa legaatin, jolloin alaik\u00e4inen ei ole kuolinpes\u00e4n osakas ja edunvalvoja on yleens\u00e4 tarpeeton.<\/p>\r\n\r\n\r\n\r\n<p>27.9.2025<\/p>\r\n\r\n\r\n\r\n<p>&nbsp;<\/p>\r\n","protected":false},"excerpt":{"rendered":"<p>Testamentilla tulee olla tarve ja tarkoitus. Testamentilla m\u00e4\u00e4r\u00e4\u00e4t itse, miten omaisuutesi jaetaan kuoleman j\u00e4lkeen. Ellei testamenttia tehd\u00e4, kuolinpes\u00e4 m\u00e4\u00e4r\u00e4\u00e4 asioista. T\u00e4ss\u00e4 osiossa yritet\u00e4\u00e4n tuoda esille joitakin asioita, joista voi m\u00e4\u00e4r\u00e4t\u00e4 testamentilla. Tarkoitus on antaa pohjaa, kun miettii mist\u00e4 asioista haluaisi m\u00e4\u00e4r\u00e4t\u00e4. Sellainen pohdinta on hyv\u00e4 tehd\u00e4 ennen juristin tapaamista. Ellei t\u00e4llaisia asioita ole voi testamentti [&hellip;]<\/p>\n","protected":false},"author":1,"featured_media":0,"parent":36,"menu_order":0,"comment_status":"closed","ping_status":"closed","template":"","meta":{"advanced_seo_description":"","jetpack_seo_html_title":"","jetpack_seo_noindex":false,"footnotes":""},"class_list":["post-74","page","type-page","status-publish","hentry","entry"],"jetpack_sharing_enabled":true,"_links":{"self":[{"href":"https:\/\/syyspuolenturva.fi\/index.php\/wp-json\/wp\/v2\/pages\/74","targetHints":{"allow":["GET"]}}],"collection":[{"href":"https:\/\/syyspuolenturva.fi\/index.php\/wp-json\/wp\/v2\/pages"}],"about":[{"href":"https:\/\/syyspuolenturva.fi\/index.php\/wp-json\/wp\/v2\/types\/page"}],"author":[{"embeddable":true,"href":"https:\/\/syyspuolenturva.fi\/index.php\/wp-json\/wp\/v2\/users\/1"}],"replies":[{"embeddable":true,"href":"https:\/\/syyspuolenturva.fi\/index.php\/wp-json\/wp\/v2\/comments?post=74"}],"version-history":[{"count":10,"href":"https:\/\/syyspuolenturva.fi\/index.php\/wp-json\/wp\/v2\/pages\/74\/revisions"}],"predecessor-version":[{"id":341,"href":"https:\/\/syyspuolenturva.fi\/index.php\/wp-json\/wp\/v2\/pages\/74\/revisions\/341"}],"up":[{"embeddable":true,"href":"https:\/\/syyspuolenturva.fi\/index.php\/wp-json\/wp\/v2\/pages\/36"}],"wp:attachment":[{"href":"https:\/\/syyspuolenturva.fi\/index.php\/wp-json\/wp\/v2\/media?parent=74"}],"curies":[{"name":"wp","href":"https:\/\/api.w.org\/{rel}","templated":true}]}}