{"id":71,"date":"2024-10-04T18:08:25","date_gmt":"2024-10-04T18:08:25","guid":{"rendered":"https:\/\/syyspuolenturva.fi\/?page_id=71"},"modified":"2025-09-11T13:34:40","modified_gmt":"2025-09-11T11:34:40","slug":"terminologia","status":"publish","type":"page","link":"https:\/\/syyspuolenturva.fi\/index.php\/alku\/terminologia\/","title":{"rendered":"Terminologia"},"content":{"rendered":"<p><img data-recalc-dims=\"1\" loading=\"lazy\" decoding=\"async\" class=\"size-medium wp-image-78 alignright\" src=\"https:\/\/i0.wp.com\/syyspuolenturva.fi\/wp-content\/uploads\/2024\/10\/AT-bild1.jpg?resize=295%2C300&#038;ssl=1\" alt=\"teemakuva\" width=\"295\" height=\"300\" srcset=\"https:\/\/i0.wp.com\/syyspuolenturva.fi\/wp-content\/uploads\/2024\/10\/AT-bild1.jpg?resize=295%2C300&amp;ssl=1 295w, https:\/\/i0.wp.com\/syyspuolenturva.fi\/wp-content\/uploads\/2024\/10\/AT-bild1.jpg?w=358&amp;ssl=1 358w\" sizes=\"auto, (max-width: 295px) 100vw, 295px\" \/><\/p>\r\n\r\n<p>Terminologia on t\u00e4rke\u00e4 niin ett\u00e4 puhutaan samoista asioista. Alla otetaan esille joitakin termej\u00e4, k\u00e4sitteit\u00e4, jotka saattavat johtaa v\u00e4\u00e4rink\u00e4sityksiin.<\/p>\r\n\r\n\r\n\r\n<h2 class=\"wp-block-heading\">Edunvalvonta<\/h2>\r\n\r\n\r\n\r\n\r\n\r\n<p>Edunvalvonta voi merkit\u00e4 useita asioita:<\/p>\r\n\r\n\r\n\r\n<ul class=\"wp-block-list\">\r\n<li>valvoa jonkin ryhm\u00e4n (esim. el\u00e4kel\u00e4isten) etuja yhteiskunnassa, EU- ja valtiotasolla sek\u00e4 hyvinvointialueissa ja kunnissa, my\u00f6s yrityksiss\u00e4 (ammattiyhdistykset);<\/li>\r\n\r\n\r\n\r\n<li>valvoa omia etujaan, esim. saada el\u00e4kett\u00e4 ja sosiaalisia etuuksia; sek\u00e4<\/li>\r\n\r\n\r\n\r\n<li><strong>valvoa toisen henkil\u00f6n etuja, kun henkil\u00f6 ei kykene siihen itse, esim. maksaa laskuja ja vastaavia asioita, my\u00f6s hoito ja hoiva.<\/strong><\/li>\r\n<\/ul>\r\n\r\n\r\n\r\n<p>N\u00e4m\u00e4 sivut k\u00e4sittelev\u00e4t kolmatta asiaryhm\u00e4\u00e4 yll\u00e4, silloin kun henkil\u00f6 el\u00e4m\u00e4ns\u00e4 jossain vaiheessa (usein ik\u00e4\u00e4ntymisen seurauksena) tarvitsee virallisesti toisen henkil\u00f6n hoitamaan edunvalvontaansa.<\/p>\r\n\r\n\r\n\r\n<p>Edunvalvontaa voidaan tehd\u00e4 osittain my\u00f6s ilman lain tukea (esim. katsoa naapurin talon, koiran ja postin per\u00e4\u00e4n naapurin matkan aikana), mutta lain tukea tarvitaan suuria ja merkitt\u00e4vi\u00e4 asioita varten. Edunvalvonta on yleiskielen k\u00e4site ja termi, joka ei ole sidottu mihink\u00e4\u00e4n lakiin tai edunvalvonnan muotoon.<\/p>\r\n\r\n\r\n\r\n<p>Toisen henkil\u00f6n edunvalvontaa varten, kun henkil\u00f6 ei itse siihen kykene, on olemassa kaksi lakia:<\/p>\r\n\r\n\r\n\r\n<ul class=\"wp-block-list\">\r\n<li>laki holhoustoimesta (1.4.1999\/442); sek\u00e4<\/li>\r\n\r\n\r\n\r\n<li>laki edunvalvontavaltuutuksesta (25.5.2007\/648).<\/li>\r\n<\/ul>\r\n\r\n\r\n\r\n<h2 class=\"wp-block-heading\">T\u00e4ysivaltaisuus ja oikeustoimikelpoisuus<\/h2>\r\n\r\n\r\n\r\n<p>Aikaisemmin oli joko t\u00e4ysivaltainen tai holhottava, melko mustavalkoinen jaottelu. Joko pystyi hoitamaan kaikki itse tai ei mit\u00e4\u00e4n. My\u00f6hemmin on otettu k\u00e4ytt\u00f6\u00f6n v\u00e4livaiheita.<\/p>\r\n\r\n\r\n\r\n<p>Nyky\u00e4\u00e4n henkil\u00f6 voi olla t\u00e4ysivaltainen mutta joitakin asioita varten on m\u00e4\u00e4r\u00e4tty edunvalvoja (lain k\u00e4site henkil\u00f6lle, joka t\u00e4m\u00e4n lain mukaan on m\u00e4\u00e4r\u00e4tty hoitamaan toisen puolesta n\u00e4it\u00e4 asioita). T\u00e4ll\u00f6in henkil\u00f6 ei ole julistettu vajaavaltaiseksi. Henkil\u00f6ll\u00e4 on t\u00e4ll\u00f6in oikeus hoitaa monia asioita itse, mutta ei ihan kaikkia.<\/p>\r\n\r\n\r\n\r\n<p>Oikeustoimikykyisyys tarkoittaa (hieman yksinkertaistettuna) ett\u00e4 henkil\u00f6 kykenee hoitamaan asioitaan niin ett\u00e4 ymm\u00e4rt\u00e4\u00e4 mit\u00e4 p\u00e4\u00e4tt\u00e4\u00e4 sek\u00e4 p\u00e4\u00e4t\u00f6sten merkityksen ja vaikutuksen.<\/p>\r\n\r\n\r\n\r\n<p>Oikeustoimikelpoisuutta voi virallisesti rajoittaa osittain .<\/p>\r\n\r\n\r\n\r\n<p>Kaikki t\u00e4m\u00e4 holhoustoimilain mukaan.<\/p>\r\n\r\n\r\n\r\n<p>Jotta saataisiin mahdollisuus p\u00e4\u00e4tt\u00e4\u00e4 omista asioistaan l\u00e4hes ilman viranomaisten mukaantuloa vahvistettiin edunvalvontavaltuutus ja sille oma laki.<\/p>\r\n\r\n\r\n\r\n<h2 class=\"wp-block-heading\">Kuka hoitaa edunvalvonnan?<\/h2>\r\n\r\n\r\n\r\n<p>Monimutkaisuus tulee erityisesti t\u00e4ss\u00e4. N\u00e4ill\u00e4 sivuilla on pakko noudattaa lains\u00e4\u00e4d\u00e4nn\u00f6n terminologiaa, vaikka se on hiukan monimutkaista.<\/p>\r\n\r\n\r\n\r\n<p>Itsest\u00e4\u00e4n selvien asioiden tai pikkuasioiden osalta ei tarvita muodollisuuksia. Vanhemmat yleens\u00e4 hoitavat lastensa edunvalvontaa, vaikka ei aina yksin. Kuka tahansa voi hoitaa naapurin kissaa tai taloa matkan aikana.<\/p>\r\n<h3>Laki holhoustoimesta<\/h3>\r\n\r\n\r\n\r\n<p>Holhoustoimilain perusteella m\u00e4\u00e4r\u00e4tty edunvalvontaa hoitava henkil\u00f6 on edunvalvoja. Edunvalvojan m\u00e4\u00e4r\u00e4\u00e4 tapauksesta riippuen joko tuomioistuin tai holhousviranomainen (Digi- ja v\u00e4est\u00f6tietovirasto DVV, aikaisemmin maistraatti, joka on fuusioitu). Aikaisempi termi oli holhooja.<\/p>\r\n\r\n\r\n\r\n<p>Edunvalvontavaltuutuslain mukaan m\u00e4\u00e4r\u00e4tty edunvalvontaa hoitava henkil\u00f6 on edunvalvontavaltuutettu, lyhyesti valtuutettu.<\/p>\r\n\r\n\r\n\r\n<p>Sekaannusta voi tulla siksi ett\u00e4 yleiskielen sana edunvalvoja ja lains\u00e4\u00e4d\u00e4nn\u00f6n sana edunvalvoja ovat eri asioita. Yleiskielen edunvalvoja voi olla esim. lapsen vanhempi, Brysselin lobbaaja, ty\u00f6paikan luottamushenkil\u00f6, edunvalvontavaltuutettu tai holhoustoimilain mukaan m\u00e4\u00e4r\u00e4tty edunvalvoja. Kun asioi virallisesti edunvalvonta-asioissa ei pit\u00e4isi k\u00e4ytt\u00e4\u00e4 yleiskielen sanaa edunvalvoja laajempana k\u00e4sitteen\u00e4.<\/p>\r\n\r\n\r\n\r\n<p>N\u00e4iden terminologiavaikeuksien vuoksi n\u00e4ill\u00e4 sivuilla k\u00e4ytet\u00e4\u00e4n kahden edunvalvontamenetelmien osalta k\u00e4sitteit\u00e4 1) edunvalvontavaltakirja sek\u00e4 2) holhoustoimilain mukainen edunvalvoja.<\/p>\r\n\r\n\r\n\r\n<h3 class=\"wp-block-heading\">Laki edunvalvontavaltuutuksesta<\/h3>\r\n\r\n\r\n\r\n<p>Valtuutus on tahdonilmaisu (min\u00e4 valtuutan \u2026..). Valtakirja on dokumentti, jolla valtuutus toteutetaan. Valtuutus sis\u00e4ltyy valtakirjaan. Joka antaa valtuutuksen on valtuuttaja, ja valtuutuksen saanut on valtuutettu tai edunvalvontavaltuutettu.<\/p>\r\n\r\n\r\n\r\n<h2 class=\"wp-block-heading\">Edunvalvontavaltuutuksen voimaantulo<\/h2>\r\n\r\n\r\n\r\n<p>Lain mukaan edunvalvontavaltuutus tulee voimaan, kun DVV vahvistaa sen.<\/p>\r\n\r\n\r\n\r\n<p>Jotkin henkil\u00f6t k\u00e4ytt\u00e4v\u00e4t vahvistuksesta esim. termi\u00e4 rekister\u00f6inti. T\u00e4m\u00e4 on johtanut v\u00e4\u00e4rink\u00e4sitykseen, ett\u00e4 valtakirja tulisi vied\u00e4 DVV:lle heti kun se on tehty, ennen sen vahvistamista. N\u00e4in ei ole. Valtakirja s\u00e4ilytet\u00e4\u00e4n yksityisesti, kunnes se vied\u00e4\u00e4n DVV:lle vahvistettavaksi.<\/p>\r\n\r\n\r\n\r\n<p>DVV kyll\u00e4 rekister\u00f6i monia valtuutuksia vahvistuksen j\u00e4lkeen mutta vain jos se sis\u00e4lt\u00e4\u00e4 valtuutuksen edustaa valtuuttajaa taloudellisissa asioissa (melkein kaikki sis\u00e4lt\u00e4v\u00e4t t\u00e4m\u00e4n).<\/p>\r\n\r\n\r\n\r\n<h2 class=\"wp-block-heading\">Hoito ja hoiva, potilas ja asiakas<\/h2>\r\n\r\n\r\n\r\n<p>Hoito tarkoittaa t\u00e4ss\u00e4 yhteydess\u00e4 l\u00e4\u00e4ketieteellist\u00e4 hoitoa, l\u00e4\u00e4kkeit\u00e4, terapiaa, leikkauksia sek\u00e4 muuta vastaavaa, ja t\u00e4t\u00e4 s\u00e4\u00e4dell\u00e4\u00e4n potilaslaissa. T\u00e4m\u00e4 eroaa hoivasta joka t\u00e4ss\u00e4 yhteydess\u00e4 tarkoittaa asumista, ruokaa, vaatteita, toimintaa ja muuta vastaavaa. N\u00e4iden k\u00e4sitteiden erossa on melko paljon sekaannuksia.<\/p>\r\n\r\n\r\n\r\n<p>Hoito kuuluu terveyssektoriin, kun hoiva kuuluu sosiaalisektoriin. Terveyssektorissa palvelujen k\u00e4ytt\u00e4j\u00e4 on potilas ja sosiaalisektorissa palvelujen k\u00e4ytt\u00e4j\u00e4 on asiakas. N\u00e4m\u00e4 k\u00e4sitteet ovat lains\u00e4\u00e4d\u00e4nn\u00f6ss\u00e4. K\u00e4site asiakas on my\u00f6s k\u00e4yt\u00f6ss\u00e4 siten ett\u00e4 tarkoitetaan sek\u00e4 potilasta ett\u00e4 sosiaalisektorin asiakasta.<\/p>\r\n\r\n\r\n\r\n<p>Tulee helposti sekaannuksia, kun k\u00e4ytt\u00e4\u00e4 yleiskielen sanaa hoito sek\u00e4 l\u00e4\u00e4ketieteellisest\u00e4 hoidosta ett\u00e4 sosiaalisektorin hoivasta. K\u00e4sitteet potilas ja asiakas selvi\u00e4v\u00e4t yleens\u00e4 yhteydest\u00e4.<\/p>\r\n\r\n\r\n\r\n<h3 class=\"wp-block-heading\">Hoitotahto<\/h3>\r\n\r\n\r\n\r\n<p>Hoitotahto on m\u00e4\u00e4ritelty potilaslaissa. Hoitotahto voi olla kirjallinen tai suullinen, se voidaan tallettaa useassa paikassa eik\u00e4 sen sis\u00e4lt\u00f6\u00e4 ole m\u00e4\u00e4ritelty.<\/p>\r\n\r\n\r\n\r\n<p>K\u00e4sitteest\u00e4 on aikaisemmin my\u00f6s k\u00e4ytetty termi\u00e4 hoitotestamentti. Ruotsinkielisi\u00e4 termej\u00e4 on useampia.<\/p>\r\n\r\n\r\n\r\n<p>Hoitotahto voi olla useanlainen:<\/p>\r\n\r\n\r\n\r\n<ul class=\"wp-block-list\">\r\n<li>ohje tai suunnitelma tietty\u00e4 hoitoa varten;<\/li>\r\n\r\n\r\n\r\n<li>psykiatrinen hoitotahto; sek\u00e4<\/li>\r\n\r\n\r\n\r\n<li>el\u00e4m\u00e4n loppuvaiheen hoitotahto.<\/li>\r\n<\/ul>\r\n\r\n\r\n\r\n<p>N\u00e4iden sivujen hoitotahto tarkoittaa viimeist\u00e4 yll\u00e4 olevista vaihtoehdoista.<\/p>\r\n\r\n\r\n\r\n<h3 class=\"wp-block-heading\">Hoivatahto<\/h3>\r\n\r\n\r\n\r\n<p>Ei ole mit\u00e4\u00e4n yleisesti k\u00e4ytetty\u00e4 termi\u00e4 asiapaperille, jossa henkil\u00f6 antaa sitovia m\u00e4\u00e4r\u00e4yksi\u00e4 sek\u00e4 toiveita hoivastaan, ei suomeksi eik\u00e4 ruotsiksi. Ei ole my\u00f6sk\u00e4\u00e4n lains\u00e4\u00e4d\u00e4nt\u00f6\u00e4. N\u00e4m\u00e4 sivut k\u00e4ytt\u00e4v\u00e4t toistaiseksi termi\u00e4 hoivatahto.<\/p>\r\n\r\n\r\n\r\n<h2 class=\"wp-block-heading\">Testamentti<\/h2>\r\n\r\n\r\n\r\n<p>Testamentti tarkoittaa useimmissa kieliss\u00e4 m\u00e4\u00e4r\u00e4yksi\u00e4 kuoleman j\u00e4lkeiselle ajalle, kun taas hoitotahto ja hoivatahto tarkoittavat m\u00e4\u00e4r\u00e4yksi\u00e4 ajalle ennen kuolemaa. Termi\u00e4 testamentti on k\u00e4ytetty yli 2000 vuotta.<\/p>\r\n\r\n\r\n\r\n<p>Testamentist\u00e4 ja ylip\u00e4\u00e4t\u00e4\u00e4n perint\u00f6oikeudesta m\u00e4\u00e4r\u00e4t\u00e4\u00e4n perint\u00f6kaaressa.<\/p>\r\n\r\n\r\n\r\n<h2 class=\"wp-block-heading\">Digitestamentti<\/h2>\r\n\r\n\r\n\r\n<p>N\u00e4m\u00e4 sivut k\u00e4ytt\u00e4v\u00e4t termi\u00e4 digitestamentti asiapaperista, jolla m\u00e4\u00e4r\u00e4t\u00e4\u00e4n mit\u00e4 tehd\u00e4 henkil\u00f6n digitaalisesta omaisuudesta, l\u00e4sn\u00e4olo internetiss\u00e4 (s\u00e4hk\u00f6posti, Facebook ym.) sek\u00e4 muusta digitaalisesta omaisuudesta (puhelin, tietokone, valokuvakokoelmat, ym.) kun henkil\u00f6 ei itse kykene k\u00e4ytt\u00e4m\u00e4\u00e4n niit\u00e4, m\u00e4\u00e4r\u00e4\u00e4m\u00e4\u00e4n niist\u00e4, tai on kuollut. T\u00e4m\u00e4 on melko uusi asia, joka ei ole viel\u00e4 vakiintunut, ei sis\u00e4ll\u00f6llisesti eik\u00e4 sanastomieless\u00e4.<\/p>\r\n<p>Ei ole olemassa lains\u00e4\u00e4d\u00e4nt\u00f6\u00e4 joka suoraan koskisi digitestamenttia.<\/p>\r\n\r\n\r\n\r\n<p>11.9.2025<\/p>\r\n","protected":false},"excerpt":{"rendered":"<p>Terminologia on t\u00e4rke\u00e4 niin ett\u00e4 puhutaan samoista asioista. Alla otetaan esille joitakin termej\u00e4, k\u00e4sitteit\u00e4, jotka saattavat johtaa v\u00e4\u00e4rink\u00e4sityksiin. Edunvalvonta Edunvalvonta voi merkit\u00e4 useita asioita: N\u00e4m\u00e4 sivut k\u00e4sittelev\u00e4t kolmatta asiaryhm\u00e4\u00e4 yll\u00e4, silloin kun henkil\u00f6 el\u00e4m\u00e4ns\u00e4 jossain vaiheessa (usein ik\u00e4\u00e4ntymisen seurauksena) tarvitsee virallisesti toisen henkil\u00f6n hoitamaan edunvalvontaansa. Edunvalvontaa voidaan tehd\u00e4 osittain my\u00f6s ilman lain tukea (esim. katsoa [&hellip;]<\/p>\n","protected":false},"author":1,"featured_media":0,"parent":36,"menu_order":0,"comment_status":"closed","ping_status":"closed","template":"","meta":{"advanced_seo_description":"","jetpack_seo_html_title":"","jetpack_seo_noindex":false,"footnotes":""},"class_list":["post-71","page","type-page","status-publish","hentry","entry"],"jetpack_sharing_enabled":true,"_links":{"self":[{"href":"https:\/\/syyspuolenturva.fi\/index.php\/wp-json\/wp\/v2\/pages\/71","targetHints":{"allow":["GET"]}}],"collection":[{"href":"https:\/\/syyspuolenturva.fi\/index.php\/wp-json\/wp\/v2\/pages"}],"about":[{"href":"https:\/\/syyspuolenturva.fi\/index.php\/wp-json\/wp\/v2\/types\/page"}],"author":[{"embeddable":true,"href":"https:\/\/syyspuolenturva.fi\/index.php\/wp-json\/wp\/v2\/users\/1"}],"replies":[{"embeddable":true,"href":"https:\/\/syyspuolenturva.fi\/index.php\/wp-json\/wp\/v2\/comments?post=71"}],"version-history":[{"count":5,"href":"https:\/\/syyspuolenturva.fi\/index.php\/wp-json\/wp\/v2\/pages\/71\/revisions"}],"predecessor-version":[{"id":332,"href":"https:\/\/syyspuolenturva.fi\/index.php\/wp-json\/wp\/v2\/pages\/71\/revisions\/332"}],"up":[{"embeddable":true,"href":"https:\/\/syyspuolenturva.fi\/index.php\/wp-json\/wp\/v2\/pages\/36"}],"wp:attachment":[{"href":"https:\/\/syyspuolenturva.fi\/index.php\/wp-json\/wp\/v2\/media?parent=71"}],"curies":[{"name":"wp","href":"https:\/\/api.w.org\/{rel}","templated":true}]}}