{"id":68,"date":"2024-10-04T18:07:33","date_gmt":"2024-10-04T18:07:33","guid":{"rendered":"https:\/\/syyspuolenturva.fi\/?page_id=68"},"modified":"2025-09-11T13:46:11","modified_gmt":"2025-09-11T11:46:11","slug":"riittaako-rahat-elakeaikana","status":"publish","type":"page","link":"https:\/\/syyspuolenturva.fi\/index.php\/alku\/rahat\/riittaako-rahat-elakeaikana\/","title":{"rendered":"Riitt\u00e4\u00e4k\u00f6 rahat el\u00e4keaikana?"},"content":{"rendered":"\r\n<h2 class=\"wp-block-heading\"><img data-recalc-dims=\"1\" loading=\"lazy\" decoding=\"async\" class=\"size-medium wp-image-78 alignright\" src=\"https:\/\/i0.wp.com\/syyspuolenturva.fi\/wp-content\/uploads\/2024\/10\/AT-bild1.jpg?resize=295%2C300&#038;ssl=1\" alt=\"teemakuva\" width=\"295\" height=\"300\" srcset=\"https:\/\/i0.wp.com\/syyspuolenturva.fi\/wp-content\/uploads\/2024\/10\/AT-bild1.jpg?resize=295%2C300&amp;ssl=1 295w, https:\/\/i0.wp.com\/syyspuolenturva.fi\/wp-content\/uploads\/2024\/10\/AT-bild1.jpg?w=358&amp;ssl=1 358w\" sizes=\"auto, (max-width: 295px) 100vw, 295px\" \/>Kolme puolitusta<\/h2>\r\n\r\n\r\n\r\n<p>Raha-asioiden kolme suurinta muutosta ovat suuruusluokaltaan puolituksia:<\/p>\r\n\r\n\r\n\r\n<ul class=\"wp-block-list\">\r\n<li>palkasta el\u00e4kkeeseen;<\/li>\r\n\r\n\r\n\r\n<li>parin toinen joutuu kalliiseen hoivakotiin, h\u00e4nen el\u00e4kkeens\u00e4 ja muut tulot menev\u00e4t p\u00e4\u00e4osin siihen; ja<\/li>\r\n\r\n\r\n\r\n<li>toinen kuolee, h\u00e4nen el\u00e4kkeens\u00e4 lakkaa ja perinn\u00f6njaossa menee puolet yhteisest\u00e4 omaisuudesta.<\/li>\r\n<\/ul>\r\n\r\n\r\n\r\n<p>Miten asua ja el\u00e4\u00e4 t\u00e4llaisten muutosten j\u00e4lkeen? Mink\u00e4laisia j\u00e4rjestelyj\u00e4 ja varautumisia on olemassa?<\/p>\r\n\r\n\r\n\r\n<p>T\u00e4m\u00e4 sivu on l\u00e4hinn\u00e4 her\u00e4te. Jokaisen tulee itse mietti\u00e4 ja tehd\u00e4 omia arviointeja. Menojen v\u00e4hent\u00e4minen on jokaisella mahdollisuus, tosin minimiel\u00e4kkeen saajalla varsin vaikeaa. On hyv\u00e4, jos palkansaaja yritt\u00e4\u00e4 el\u00e4\u00e4 muutaman kuukauden el\u00e4ketalousarviolla jo ennen el\u00e4k\u00f6itymist\u00e4.<\/p>\r\n\r\n\r\n\r\n<h2 class=\"wp-block-heading\">Muita muutoksia<\/h2>\r\n\r\n\r\n\r\n<p>Joitakin t\u00e4rkeit\u00e4 muita muutoksia:<\/p>\r\n\r\n\r\n\r\n<ul class=\"wp-block-list\">\r\n<li>el\u00e4kkeen ostovoiman muutokset;<\/li>\r\n\r\n\r\n\r\n<li>asumisen muutos, asunnonvaihto; ja<\/li>\r\n\r\n\r\n\r\n<li>lahjat ja ennakkoperinn\u00f6t.<\/li>\r\n<\/ul>\r\n\r\n\r\n\r\n<p>Kaikki paitsi ostovoiman muutokset ovat yli-y\u00f6n muutoksia uuteen tilanteeseen.<\/p>\r\n\r\n\r\n\r\n<h2 class=\"wp-block-heading\">Taustaa: hoitopalvelut sek\u00e4 hoivapalvelut<\/h2>\r\n\r\n\r\n\r\n<p>Julkisen sektorin l\u00e4\u00e4ketieteellinen <strong>hoito<\/strong> (terveyspalvelut) on vahvasti tuettu, kun taas <strong>hoiva<\/strong> ja huolenpito (sosiaalipalvelut) ensisijaisesti pit\u00e4\u00e4 kustantaa itse.<\/p>\r\n\r\n\r\n\r\n<h3 class=\"wp-block-heading\">Terveyspalvelut<\/h3>\r\n\r\n\r\n\r\n<p>Useimmat k\u00e4ytt\u00e4v\u00e4t julkisia terveyspalveluja. Yksityisi\u00e4 terveyspalveluja voi kyll\u00e4kin k\u00e4ytt\u00e4\u00e4, ja silloin palvelut maksetaan itse. Kela yleens\u00e4 maksaa v\u00e4h\u00e4isen osan, omien s\u00e4\u00e4nt\u00f6jens\u00e4 mukaan.<\/p>\r\n\r\n\r\n\r\n<p>Yksityisi\u00e4 terveyspalveluja k\u00e4ytet\u00e4\u00e4n esimerkiksi, kun julkisen sektorin odotusajat ovat pitki\u00e4. Esimerkkej\u00e4 yleisesti k\u00e4ytetyist\u00e4 yksityisist\u00e4 terveyspalveluista ovat hammasl\u00e4\u00e4k\u00e4ri, gynekologi ja silm\u00e4l\u00e4\u00e4k\u00e4ri (my\u00f6s harmaakaihileikkaukset). Toinen olennainen syy on tyytym\u00e4tt\u00f6myys julkisen sektorin palveluihin, usein pitki\u00e4 odotusaikoja eik\u00e4 mahdollisuutta valita l\u00e4\u00e4k\u00e4ri.<\/p>\r\n\r\n\r\n\r\n<h3 class=\"wp-block-heading\">Sosiaalipalvelut<\/h3>\r\n\r\n\r\n\r\n<p>P\u00e4\u00e4s\u00e4\u00e4nt\u00f6 on, ett\u00e4 jokainen maksaa sosiaalisektorin palvelut ensisijaisesti itse. Ne ovat verrattavissa asumiseen, ruokaan ja vastaavaan. Julkisen sektorin sosiaalipalveluissa on maksukattoja.<\/p>\r\n\r\n\r\n\r\n<p>Joitakin palveluja tuetaan jossain m\u00e4\u00e4rin. Jotkut tuet ovat tulosidonnaisia, toiset ovat sek\u00e4 tulo- ett\u00e4 omaisuussidonnaisia. N\u00e4m\u00e4 tuet vaihtelevat hyvinvointialueesta toiseen.<\/p>\r\n\r\n\r\n\r\n<p>Jos omat tulot eiv\u00e4t riit\u00e4 sosiaaliviranomaiset tukevat kyll\u00e4 esim. hoivakotihoitoa, mutta omien periaatteiden ja sosiaaliviranomaisten omien ehtojen ja j\u00e4rjestelyjen mukaisesti, my\u00f6s laatu. Tuki voi my\u00f6s riippua parin toisen osapuolen tuloista. Tuki voi my\u00f6s riippua parin toisen osapuolen tuloista.<\/p>\r\n\r\n\r\n\r\n\r\n\r\n<p>On my\u00f6s toinen tukimuoto, palvelusetelit tai jotain vastaavaa. Silloin saa itse valita ja p\u00e4\u00e4tt\u00e4\u00e4. Palveluseteli voi kattaa joko kaikki kustannukset tai osan.<\/p>\r\n\r\n\r\n\r\n<p>Jos haluaa hyvi\u00e4 palveluja, parempia kuin julkisella sektorilla, on varminta maksaa ne kokonaan itse, tai osittain palveluseteleill\u00e4.<\/p>\r\n\r\n\r\n\r\n<p>Lehtitietojen mukaan tehostetun palveluasumisen k\u00e4ytt\u00e4jist\u00e4 noin puolet k\u00e4ytt\u00e4\u00e4 yksityisi\u00e4 palveluja.<\/p>\r\n\r\n\r\n\r\n<h2 class=\"wp-block-heading\">Avioliitto tai avoliitto<\/h2>\r\n\r\n\r\n\r\n<p>Palvelut ja niiden kustannukset riippuvat my\u00f6s siit\u00e4, onko yksin\u00e4inen vai onko parisuhteessa. Parisuhteen osalta on suuri ero siin\u00e4, onko pari avioliitossa vaiko avosuhteessa. Avioliitto on oikeastaan iso paketti parisuhdetta koskevia s\u00e4\u00e4d\u00f6ksi\u00e4, kun taas avosuhdetta koskevat s\u00e4\u00e4d\u00f6kset ovat erilaisia, pienempi paketti. Avosuhteen osapuolia kohdellaan p\u00e4\u00e4osin kahtena yksin\u00e4isen\u00e4. Verotuksen ja sosiaalisektorin s\u00e4\u00e4nn\u00f6t ovat erilaisia.<\/p>\r\n\r\n\r\n\r\n<p>Suurin ero tulee, jos avoparin toinen kuolee.<\/p>\r\n\r\n\r\n\r\n<h2 class=\"wp-block-heading\">Varautuminen puolituksiin<\/h2>\r\n\r\n\r\n\r\n<p>Ty\u00f6suhteessa oleva ei voi vaikuttaa ty\u00f6el\u00e4kkeen suuruuteen. Jos haluaa <strong>suuremman m\u00e4\u00e4r\u00e4n rahaa k\u00e4ytt\u00f6\u00f6ns\u00e4 el\u00e4keaikana, <\/strong>on kaksi p\u00e4\u00e4mahdollisuutta:<\/p>\r\n\r\n\r\n\r\n<ul class=\"wp-block-list\">\r\n<li>ottaa el\u00e4kevakuutus, jolloin saa lis\u00e4el\u00e4kett\u00e4; ja<\/li>\r\n\r\n\r\n\r\n<li>s\u00e4\u00e4st\u00e4\u00e4 ty\u00f6uran aikana ja k\u00e4ytt\u00e4\u00e4 s\u00e4\u00e4st\u00f6t el\u00e4keaikana.<\/li>\r\n<\/ul>\r\n\r\n\r\n\r\n<p>N\u00e4iden suurin ero on, ett\u00e4 el\u00e4kevakuutuksen el\u00e4ke loppuu kuolemaan eik\u00e4 kuolinpes\u00e4 saa mit\u00e4\u00e4n, kun taas s\u00e4\u00e4st\u00f6t j\u00e4\u00e4v\u00e4t kuolinpes\u00e4lle, jos niit\u00e4 ei el\u00e4keaikana k\u00e4yt\u00e4 loppuun.<\/p>\r\n\r\n\r\n\r\n<p>Yritt\u00e4j\u00e4n\u00e4 toiminut on itse valinnut el\u00e4kemaksujen tason. Alhainen maksutaso tarkoittaa alhaista el\u00e4kett\u00e4. Moni on valinnut alhaisen maksutason. Korkea maksutaso tarkoittaa korkeampaa el\u00e4kett\u00e4.<\/p>\r\n\r\n\r\n\r\n<p>My\u00f6s menoja voi yritt\u00e4\u00e4 v\u00e4hent\u00e4\u00e4.<\/p>\r\n\r\n\r\n\r\n<p>Jos <strong>toinen joutuu hoivakotiin,<\/strong> jossa sosiaaliviranomaiset maksavat osan, toinen el\u00e4ke menee l\u00e4hes kokonaan hoivakotiin. Kotiin j\u00e4\u00e4nyt puoliso joutuu selvi\u00e4m\u00e4\u00e4n yhdell\u00e4 el\u00e4kkeell\u00e4. &#8221;Hoivakotileskelle&#8221; ei ole mit\u00e4\u00e4n el\u00e4kett\u00e4. Silloin s\u00e4\u00e4st\u00f6t ovat tarpeen. Toinen mahdollisuus on muuttaa halvempaan asuntoon.<\/p>\r\n\r\n\r\n\r\n<p>Jos vaihtaa asuntoa voi olla, ett\u00e4 sosiaaliviranomaiset vaativat jonkin osan myyntihinnasta hoivakotikustannuksiin. Silloin on vaikeaa vaihtaa asuntoa. Yhteiset pankkitilit (TAI-tilit) saattavat olla hankalia hoivakotimaksujen osalta.<\/p>\r\n\r\n\r\n\r\n<p>Jos <strong>toinen parista kuolee, <\/strong>loppuu toinen el\u00e4ke ja yhteisest\u00e4 omaisuudesta puolet menee kuolinpes\u00e4lle.Silloin tarvitaan ehk\u00e4 s\u00e4\u00e4st\u00f6j\u00e4 tai \/ ja muutto edullisempaan asuntoon.<\/p>\r\n<p>Jos parilla on ollut avioliitto saa leski asua yhteisest\u00e4 kodissa my\u00f6s ilman testamenttia. Testamentilla voi m\u00e4\u00e4r\u00e4t\u00e4, ett\u00e4 oikeus s\u00e4ilyy my\u00f6s yhteisen asunnon tilalle hankittuun asuntoon.Testamentilla voi pienent\u00e4\u00e4 perint\u00f6\u00e4 ensiksi kuolleen vanhemman j\u00e4lkeen. S\u00e4\u00e4st\u00f6ill\u00e4 on merkityst\u00e4.<\/p>\r\n<p>Avoleskelle testamentti on v\u00e4ltt\u00e4m\u00e4t\u00f6n jotta avoleski saa oikeuden jatka asumista yhteisess\u00e4 asunnossa. Pitk\u00e4n ajan puitteissa hallintaoikeusj\u00e4rjestely voi kyll\u00e4kin muodostua sek\u00e4 henkiseksi ett\u00e4 rahalliseksi rasitteeksi.<\/p>\r\n\r\n\r\n\r\n<h2 class=\"wp-block-heading\">Lahjat ja ennakkoperinn\u00f6t<\/h2>\r\n\r\n\r\n\r\n<p>On melko tavallista, ett\u00e4 ik\u00e4\u00e4ntyv\u00e4t vanhemmat lahjoittavat lapsilleen omaisuutta jo elinaikanaan, er\u00e4\u00e4nlaisena ennakkoperint\u00f6n\u00e4. T\u00e4m\u00e4 on tapa v\u00e4ltt\u00e4\u00e4 tai v\u00e4hent\u00e4\u00e4 veroja edellytt\u00e4en, ett\u00e4 lahjoja ei ilmoiteta ennakkoperinn\u00f6iksi. Jos t\u00e4m\u00e4 onnistuu, niin ratkaisu on erinomainen. On kuitenkin muistettava, ett\u00e4 perint\u00f6vero on pienempi kuin lahjavero. Voi my\u00f6s harkita onko veron v\u00e4ltt\u00e4minen tarpeen, kun kummatkin verot ovat pienehk\u00f6ille omaisuusm\u00e4\u00e4rille melko pieni\u00e4.<\/p>\r\n\r\n\r\n\r\n<p>T\u00e4llaisilla lahjoilla on my\u00f6s riskej\u00e4. On tapahtunut, ett\u00e4 jokin lapsi ei pysty s\u00e4ilytt\u00e4m\u00e4\u00e4n lahjoitettua omaisuutta vaan oppii el\u00e4m\u00e4\u00e4n periaatteella &#8221;pappa betalar&#8221;, is\u00e4 maksaa. T\u00e4ll\u00f6in omaisuus h\u00e4vi\u00e4\u00e4 ja vanhempien ja lasten v\u00e4liset suhteet k\u00e4rsiv\u00e4t.<\/p>\r\n\r\n\r\n\r\n<p>Toinen riski on, ett\u00e4 hyv\u00e4ntahtoiset vanhemmat lahjoittavat liikaa eik\u00e4 heill\u00e4 en\u00e4\u00e4 ole varaa el\u00e4\u00e4 kuten ennenkin, erityisesti silloin, kun toinen vanhemmista kuolee ja kuolinpes\u00e4 jaetaan. Ei ole j\u00e4rkev\u00e4\u00e4 ensin lahjoittaa omaisuutta lapsille ja sitten itse ottaa asuntolainaa ja autolainaa, mutta sellaistakin tapahtuu.<\/p>\r\n\r\n\r\n\r\n<h2 class=\"wp-block-heading\">My\u00f6nnetyt el\u00e4kkeet ja tulevat el\u00e4kkeet<\/h2>\r\n\r\n\r\n\r\n<h3 class=\"wp-block-heading\">Poliittisia n\u00e4k\u00f6kohtia<\/h3>\r\n\r\n\r\n\r\n<p>Poliittinen keskustelu viittaa siihen, ett\u00e4 nykynuoriso haluaa v\u00e4hent\u00e4\u00e4 el\u00e4kemaksujaan. Usealla poliittisella nuorisoj\u00e4rjest\u00f6ll\u00e4 on sellaisia ohjelmia. Nuoriso on jossain m\u00e4\u00e4rin kadottanut uskonsa el\u00e4kej\u00e4rjestelmiin. T\u00e4m\u00e4 viittaisi siihen, ett\u00e4 tulevat el\u00e4kkeet voivat pienenty\u00e4.<\/p>\r\n<p>Toisaalta mielipidekyselyt viittaavat siihen, ett\u00e4 v\u00e4est\u00f6 kokonaisuudessaan mieluummin maksavat korkeampia el\u00e4kemaksuja kuin pienempi\u00e4 el\u00e4kkeit\u00e4.<\/p>\r\n\r\n\r\n\r\n<p>Muutosprosessit ovat hitaita, ja etenkin viranomaiset painottavat, ett\u00e4 muutokset eiv\u00e4t koskisi jo my\u00f6nnettyj\u00e4 el\u00e4kkeit\u00e4. Ne jatkuisivat sellaisinaan, niill\u00e4 on lains\u00e4\u00e4d\u00e4nn\u00f6n suoja. Mutta my\u00f6s lains\u00e4\u00e4d\u00e4nn\u00f6n muutoksista keskustellaan osana julkisen sektorin s\u00e4\u00e4st\u00f6j\u00e4.<\/p>\r\n\r\n\r\n\r\n<p>Toisaalta vaikuttaa silt\u00e4, ett\u00e4 inflaatiokorjaukset ovat vaaravy\u00f6hykkeess\u00e4, eiv\u00e4tk\u00e4 ehk\u00e4 kompensoi kustannustason nousua kokonaan. Korotuksilla ei n\u00e4yt\u00e4 olevan yht\u00e4 vahva suoja kuin el\u00e4kkeell\u00e4. Silloin el\u00e4kkeiden ostovoima pienenisi. T\u00e4t\u00e4 on jo n\u00e4hty mennein\u00e4 vuosikymmenin\u00e4. Pienennykset ovat vuositasolla v\u00e4h\u00e4isi\u00e4, mutta kertautuvat. Jos inflaatio kasvaa saattavat pienennykset olla suurempia.<\/p>\r\n\r\n\r\n\r\n<p>Viranomaiset ja poliittinen taho painottaa my\u00f6s, ett\u00e4 v\u00e4himm\u00e4isel\u00e4kkeet ja takuuel\u00e4kkeet nousevat my\u00f6s jatkossa. Suurin riski on, ett\u00e4 maksavien henkil\u00f6iden m\u00e4\u00e4r\u00e4, siis ty\u00f6lliset, v\u00e4henev\u00e4t. Lis\u00e4\u00e4ntyv\u00e4 ty\u00f6paikkam\u00e4\u00e4r\u00e4 lienee paras el\u00e4keturva.<\/p>\r\n\r\n\r\n\r\n<p>Poliittisen kehityksen ja poliittisten trendien ennustaminen on aina ep\u00e4varmaa. Varovainen henkil\u00f6 selvitt\u00e4\u00e4 eri vaihtoehtoja ja el\u00e4kkeiden lisukkeita. Ei kaikkia munia samaan koriin.<\/p>\r\n\r\n\r\n\r\n<h3 class=\"wp-block-heading\">Eri el\u00e4kkeet ja niiden ostovoima<\/h3>\r\n\r\n\r\n\r\n<p>On oikeastaan kahdenlaisia el\u00e4kkeit\u00e4: Kela-el\u00e4kkeet ja tulosidonnaiset el\u00e4kkeet. Kela-el\u00e4kkeit\u00e4 on kaksi: kansanel\u00e4ke sek\u00e4 takuuel\u00e4ke. N\u00e4m\u00e4 ovat er\u00e4\u00e4nlaisia poliittisia el\u00e4kkeit\u00e4, niiden suuruus p\u00e4\u00e4tet\u00e4\u00e4n poliittisilla p\u00e4\u00e4t\u00f6ksill\u00e4 ja saattavat vaihdella poliittisten n\u00e4kemysten muuttuessa.<\/p>\r\n\r\n\r\n\r\n<p>Tulosidonnaiset el\u00e4kkeet ovat ty\u00f6el\u00e4ke ja sen alalajit, esim. vanhuusel\u00e4ke, perhe-el\u00e4ke, ty\u00f6kyvytt\u00f6myysel\u00e4ke.<\/p>\r\n\r\n\r\n\r\n\r\n\r\n<h3 class=\"wp-block-heading\">Reservej\u00e4 ja tavallisten el\u00e4kkeiden lisi\u00e4<\/h3>\r\n\r\n\r\n\r\n<p>Varovainen henkil\u00f6 voi joko s\u00e4\u00e4st\u00e4\u00e4 varoja el\u00e4kekauden reserviksi, tai hankkia yksityinen lis\u00e4el\u00e4ke. K\u00e4ytt\u00e4m\u00e4t\u00f6n reservi menee perint\u00f6n\u00e4 seuraavalle sukupolvelle, kun taas lis\u00e4el\u00e4ke kyll\u00e4kin antaa korkeamman el\u00e4kkeen mutta mit\u00e4\u00e4n ei mene seuraavalle sukupolvelle.<\/p>\r\n\r\n\r\n\r\n<p>Ellei muuta niin omistusasunto saattaa toimia reservin\u00e4. Voi muuttaa vuokra-asuntoon, kunhan asunto saadaan myyty\u00e4. Myynti voi olla hidasta kasvukeskusten ulkopuolella. Samaten asunnon arvon s\u00e4ilyminen on varminta kasvukeskuksissa.<\/p>\r\n\r\n\r\n\r\n<p>Reservit tulee olla kokonaan sen henkil\u00f6n omaisuutta, joka aikanaan saattaa tarvita niit\u00e4. Muuten reservin k\u00e4ytt\u00f6\u00f6notto voi olla vaikeaa.<\/p>\r\n\r\n\r\n\r\n<h2 class=\"wp-block-heading\">Yhteensovitus edunvalvontavaltakirjan kanssa<\/h2>\r\n\r\n\r\n\r\n<p>Varmistaakseen ett\u00e4 kaikki hoidetaan hyvin vaikka itse ei olisikaan riitt\u00e4v\u00e4n voimissaan p\u00e4\u00e4t\u00f6ksentekoa varten tulee n\u00e4m\u00e4 asiat ottaa soveltuvin osin mukaan edunvalvontavaltakirjaan, sen varmistamiseksi, ett\u00e4 omat varat k\u00e4ytet\u00e4\u00e4n oman hyvinvoinnin j\u00e4rjest\u00e4miseen tulevan perinn\u00f6n kasvattamisen sijaan. Jos n\u00e4in haluaa.<\/p>\r\n\r\n\r\n\r\n<p>24.9.2024<\/p>\r\n","protected":false},"excerpt":{"rendered":"<p>Kolme puolitusta Raha-asioiden kolme suurinta muutosta ovat suuruusluokaltaan puolituksia: Miten asua ja el\u00e4\u00e4 t\u00e4llaisten muutosten j\u00e4lkeen? Mink\u00e4laisia j\u00e4rjestelyj\u00e4 ja varautumisia on olemassa? T\u00e4m\u00e4 sivu on l\u00e4hinn\u00e4 her\u00e4te. Jokaisen tulee itse mietti\u00e4 ja tehd\u00e4 omia arviointeja. Menojen v\u00e4hent\u00e4minen on jokaisella mahdollisuus, tosin minimiel\u00e4kkeen saajalla varsin vaikeaa. On hyv\u00e4, jos palkansaaja yritt\u00e4\u00e4 el\u00e4\u00e4 muutaman kuukauden el\u00e4ketalousarviolla jo [&hellip;]<\/p>\n","protected":false},"author":1,"featured_media":0,"parent":65,"menu_order":0,"comment_status":"closed","ping_status":"closed","template":"","meta":{"advanced_seo_description":"","jetpack_seo_html_title":"","jetpack_seo_noindex":false,"footnotes":""},"class_list":["post-68","page","type-page","status-publish","hentry","entry"],"jetpack_sharing_enabled":true,"_links":{"self":[{"href":"https:\/\/syyspuolenturva.fi\/index.php\/wp-json\/wp\/v2\/pages\/68","targetHints":{"allow":["GET"]}}],"collection":[{"href":"https:\/\/syyspuolenturva.fi\/index.php\/wp-json\/wp\/v2\/pages"}],"about":[{"href":"https:\/\/syyspuolenturva.fi\/index.php\/wp-json\/wp\/v2\/types\/page"}],"author":[{"embeddable":true,"href":"https:\/\/syyspuolenturva.fi\/index.php\/wp-json\/wp\/v2\/users\/1"}],"replies":[{"embeddable":true,"href":"https:\/\/syyspuolenturva.fi\/index.php\/wp-json\/wp\/v2\/comments?post=68"}],"version-history":[{"count":4,"href":"https:\/\/syyspuolenturva.fi\/index.php\/wp-json\/wp\/v2\/pages\/68\/revisions"}],"predecessor-version":[{"id":333,"href":"https:\/\/syyspuolenturva.fi\/index.php\/wp-json\/wp\/v2\/pages\/68\/revisions\/333"}],"up":[{"embeddable":true,"href":"https:\/\/syyspuolenturva.fi\/index.php\/wp-json\/wp\/v2\/pages\/65"}],"wp:attachment":[{"href":"https:\/\/syyspuolenturva.fi\/index.php\/wp-json\/wp\/v2\/media?parent=68"}],"curies":[{"name":"wp","href":"https:\/\/api.w.org\/{rel}","templated":true}]}}