{"id":56,"date":"2024-10-04T18:03:48","date_gmt":"2024-10-04T18:03:48","guid":{"rendered":"https:\/\/syyspuolenturva.fi\/?page_id=56"},"modified":"2026-02-27T19:19:31","modified_gmt":"2026-02-27T17:19:31","slug":"pankkitilit","status":"publish","type":"page","link":"https:\/\/syyspuolenturva.fi\/index.php\/alku\/rahat\/pankkitilit\/","title":{"rendered":"Pankkitilit"},"content":{"rendered":"\r\n<p><img data-recalc-dims=\"1\" loading=\"lazy\" decoding=\"async\" class=\"size-medium wp-image-78 alignright\" src=\"https:\/\/i0.wp.com\/syyspuolenturva.fi\/wp-content\/uploads\/2024\/10\/AT-bild1.jpg?resize=295%2C300&#038;ssl=1\" alt=\"teemakuva\" width=\"295\" height=\"300\" srcset=\"https:\/\/i0.wp.com\/syyspuolenturva.fi\/wp-content\/uploads\/2024\/10\/AT-bild1.jpg?resize=295%2C300&amp;ssl=1 295w, https:\/\/i0.wp.com\/syyspuolenturva.fi\/wp-content\/uploads\/2024\/10\/AT-bild1.jpg?w=358&amp;ssl=1 358w\" sizes=\"auto, (max-width: 295px) 100vw, 295px\" \/>T\u00e4ss\u00e4 osiossa k\u00e4sitell\u00e4\u00e4n etup\u00e4\u00e4ss\u00e4 parin eli kahden henkil\u00f6n yhteisi\u00e4 pankkiasioita, mutta my\u00f6s muiden henkil\u00f6iden el\u00e4m\u00e4n loppuvaiheen pankkij\u00e4rjestelyj\u00e4.<\/p>\r\n\r\n\r\n\r\n<p>Viimeist\u00e4\u00e4n <strong>el\u00e4kei\u00e4ss\u00e4<\/strong> on aika tarkistaa pankkitilit ja muut pankkij\u00e4rjestelyt. N\u00e4m\u00e4 asiat ovat yht\u00e4 lailla oleellisia <strong>nuorille<\/strong> henkil\u00f6ille, jotka muuttavat yhteen, hankkivat asunnon tai saavat lapsen.<\/p>\r\n\r\n\r\n\r\n<p>Jokainen vastaa omista j\u00e4rjestelyist\u00e4\u00e4n, ja ne j\u00e4rjestelyt tulee tehd\u00e4 <strong>ennen kuin on liian my\u00f6h\u00e4ist\u00e4<\/strong>. Esim. kuolemantapauksessa on aivan riitt\u00e4v\u00e4sti muuta ajateltavaa ja j\u00e4rjestett\u00e4v\u00e4\u00e4. Vaikea sairaus voi est\u00e4\u00e4 j\u00e4rjestelyj\u00e4, joissa tarvitaan sairastuneen hyv\u00e4ksynt\u00e4.<\/p>\r\n\r\n\r\n\r\n<p>Seuraavat tarkastelut koskevat etup\u00e4\u00e4ss\u00e4 <strong>k\u00e4ytt\u00f6tilej\u00e4<\/strong>.<\/p>\r\n\r\n\r\n\r\n<h2><strong>Perusperiaate<\/strong><\/h2>\r\n\r\n\r\n\r\n<p>Pankkitilin varat omistaa se henkil\u00f6 tai ne henkil\u00f6t, jotka on kirjattu tilin omistajiksi. Lis\u00e4ksi on valtakirjoja, k\u00e4ytt\u00f6oikeuksia.<\/p>\r\n\r\n\r\n\r\n<p>Pankki voi hyv\u00e4ksy\u00e4 vain sellaisia j\u00e4rjestelyj\u00e4 (valtakirjoja tms.) joissa v\u00e4\u00e4rink\u00e4yt\u00f6kset ovat helppo selvitt\u00e4\u00e4.<\/p>\r\n\r\n\r\n\r\n<p>Valtakirja on vain varojen nosto-oikeus eik\u00e4 muuta tilill\u00e4 olevien varojen omistusta. Nosto-oikeus voi olla esim. kortilla tai valtuutetun pankkitunnuksilla, joilla valtuutettu saa nostaa varoja valtakirjan antajan tililt\u00e4. Omistus tilill\u00e4 oleviin varoihin s\u00e4ilyy muutostilanteissa. Muutostilanteissa valtakirja yleens\u00e4 peruutetaan tai mit\u00e4t\u00f6id\u00e4\u00e4n pankin toimesta. Valtakirjan antaja voi aina peruuttaa valtakirja milloin tahansa.<\/p>\r\n\r\n\r\n\r\n<p>Pankit voivat hyv\u00e4ksy\u00e4 ainoastaan sellaisia j\u00e4rjestelyj\u00e4 (esim. valtakirjoja) joissa v\u00e4\u00e4rink\u00e4yt\u00f6kset ovat helppoja selvitt\u00e4\u00e4.<\/p>\r\n\r\n\r\n\r\n\r\n\r\n<p><strong>Tilimuodot<\/strong><\/p>\r\n\r\n\r\n\r\n<p>T\u00e4rkeimm\u00e4t tilimuodot omistuksen ja nosto-oikeuksien kannalta:<\/p>\r\n\r\n\r\n\r\n<ul class=\"wp-block-list\">\r\n<li>yhden henkil\u00f6n tili;<\/li>\r\n\r\n\r\n\r\n<li>TAI-tili (Mies TAI Nainen), kumpikin saa nostaa varoja yksin;<\/li>\r\n\r\n\r\n\r\n<li>JA-tili (Mies JA Nainen), varoja saavat nostaa vain molemmat yhdess\u00e4.<\/li>\r\n<\/ul>\r\n\r\n\r\n\r\n<p>Yhteisten tilien osalta ei ole m\u00e4\u00e4ritelty pankissa mit\u00e4 osuuksia tilin varoista kumpikin omistaa.<\/p>\r\n\r\n\r\n\r\n<p>Tilinomistajan kuoleman sattuessa omistajaksi tulee kuolinpes\u00e4 ja kuolinpes\u00e4n sis\u00e4iset s\u00e4\u00e4nn\u00f6t.<\/p>\r\n\r\n\r\n\r\n<p>TAI-tili perustuu osapuolten sopimukseen, ett\u00e4 kummallakin omistajalla on oikeus yksin nostaa varoja. Kummallakin omistajalla on oikeus irtisanoa t\u00e4m\u00e4 sopimus. T\u00e4ll\u00f6in tili muuttuu JA-tiliksi, jolloin varoja voi nostaa vain yhdess\u00e4. Uuden sopimuksen perusteella tili voidaan muuttaa takaisin TAI-tiliksi.<\/p>\r\n\r\n\r\n\r\n<p>Kuolinpes\u00e4n osakkaalla on tiett\u00e4v\u00e4sti oikeus sulkea yhteinen tili koska leskell\u00e4 ei ole oikeutta k\u00e4ytt\u00e4\u00e4 kuolinpes\u00e4n varoja elantoonsa.<\/p>\r\n\r\n\r\n\r\n<p>Jos omistaja joutuu viranomaisten osin kustantamaan <strong>hoivakotiin,<\/strong> viranomaisille tulee nosto-oikeuksia hoivakotiasukkaan varoihin, l\u00e4hinn\u00e4 tuloihin. Nosto-oikeuksiin on omia s\u00e4\u00e4nt\u00f6j\u00e4.<\/p>\r\n\r\n\r\n\r\n<h2 class=\"wp-block-heading\">K\u00e4ytt\u00f6tileiksi yhteinen tili vai omat tilit?<\/h2>\r\n\r\n\r\n\r\n<p>Parin yhteiset k\u00e4ytt\u00f6tilit voidaan tehd\u00e4 eri p\u00e4\u00e4periaatteilla:<\/p>\r\n\r\n\r\n\r\n<ul class=\"wp-block-list\">\r\n<li>yksi ainoa tili toisen nimess\u00e4;<\/li>\r\n\r\n\r\n\r\n<li>yhteinen TAI-tili, Mies TAI Nainen;<\/li>\r\n\r\n\r\n\r\n<li>molemmilla omat tilit;<\/li>\r\n\r\n\r\n\r\n<li>molemmilla omat tilit sek\u00e4 lis\u00e4ksi yhteinen TAI-tili.<\/li>\r\n<\/ul>\r\n\r\n\r\n\r\n<p>Lis\u00e4ksi voi olla valtakirjoja ristiin. Valtakirjaan voi liitty\u00e4 pankkitunnukset ja pankkikortit.<\/p>\r\n\r\n\r\n\r\n<h3 class=\"wp-block-heading\">Yksi ainoa tili toisen nimiss\u00e4<\/h3>\r\n\r\n\r\n\r\n<p>T\u00e4ss\u00e4 j\u00e4rjestelyss\u00e4 kummankin palkka tai el\u00e4ke menee t\u00e4lle tilille. J\u00e4rjestelyll\u00e4 on juurensa lains\u00e4\u00e4d\u00e4nn\u00f6ss\u00e4 ennen vuotta 1930. Siihen saakka aviossa oleva nainen oli aviomiehens\u00e4 holhouksessa eik\u00e4 h\u00e4nell\u00e4 ollut oikeutta hallita omaa omaisuuttaan. J\u00e4rjestely on nyky-yhteiskunnassa t\u00e4ysin sopimaton. Jos tilinomistaja kuolee, leskell\u00e4 ei ole ruokarahaa eik\u00e4 edes saa omaa palkkaansa tai el\u00e4kett\u00e4\u00e4n.<\/p>\r\n\r\n\r\n\r\n<h3 class=\"wp-block-heading\">TAI-tili ainoana tilin\u00e4<\/h3>\r\n\r\n\r\n\r\n<p>Tili Mies TAI Nainen tarkoittaa yhteisi\u00e4 varoja (ei m\u00e4\u00e4ritelty paljonko kukin omistaa). Molempien palkka ja \/ tai el\u00e4ke menee t\u00e4lle ainoalle tilille. Soveltuu hyvin p\u00e4ivitt\u00e4iseksi k\u00e4ytt\u00f6tiliksi niin kauan kun kaikki menee hyvin <strong>mutta ei vaikeuksien sattuessa<\/strong> kuten vakava sairaus tai kuolema.<\/p>\r\n\r\n\r\n\r\n\r\n\r\n<p>V\u00e4\u00e4rink\u00e4ytt\u00f6 on helppoa. Erotilanteessa tai jos toiselle tulee esim. muistisairaus, peliriippuvuus tai muita rahavaikeuksia tili on riskialtis: toinen voi nostaa vaikka tilin tyhj\u00e4ksi toisen tiet\u00e4m\u00e4tt\u00e4 etuk\u00e4teen. Riski on erityisen suuri, jos molempien palkka tai el\u00e4ke menee yhteiselle tilille ja tili\u00e4 k\u00e4ytet\u00e4\u00e4n my\u00f6s s\u00e4\u00e4st\u00f6tilin\u00e4. V\u00e4\u00e4rink\u00e4ytt\u00f6riski on koskee yht\u00e4 lailla valtakirjaoikeuksia.\u00a0<\/p>\r\n\r\n\r\n\r\n<p>Yhteinen TAI-tili, johon molemmat el\u00e4kkeet menev\u00e4t on riskialtis. Lis\u00e4ksi se sopii huonosti tilanteeseen, jossa toinen joutuu kalliiseen hoivakotiin. Saattaa synty\u00e4 erimielisyyksi\u00e4 sosiaaliviranomaisten kanssa, kun hoivakodin maksuja maksetaan tililt\u00e4.<\/p>\r\n<p>Jos toinen kuolee tilinomistajat ovat kuolinpes\u00e4 ja leski. Laki m\u00e4\u00e4r\u00e4\u00e4, ett\u00e4 kuolinpes\u00e4n varoja saa k\u00e4ytt\u00e4\u00e4 ainoastaan kuolinpes\u00e4n v\u00e4litt\u00f6miin kustannuksiin kuten hautajaiset ym. Koska kuolinpes\u00e4n osuus varoista on m\u00e4\u00e4rittelem\u00e4t\u00f6n ei ole varmaa, ett\u00e4 leskell\u00e4 on oikeus nostaa varoja elantoaan varten.\u00a0 Tiett\u00e4v\u00e4sti riitt\u00e4\u00e4, ett\u00e4 kuolinpes\u00e4n yksi osakas vaatii tilin\u00a0 sulkemista. Pankeilla on erilaisia periaatteita.<\/p>\r\n\r\n\r\n\r\n<h3 class=\"wp-block-heading\">Kummallakin omat tilit<\/h3>\r\n\r\n\r\n\r\n<p>Kumpikin voi nostaa varoja omalta tililt\u00e4\u00e4n, ja kummallakin on kortti ja pankkitunnukset omalle tilille.<\/p>\r\n\r\n\r\n\r\n<p>J\u00e4rjestely sopii hyvin p\u00e4ivitt\u00e4isk\u00e4ytt\u00f6tileiksi, usein niin ett\u00e4 pari on sopinut siit\u00e4 mit\u00e4 kumpikin maksaa. Palkka tai el\u00e4ke menee saajan omalle tilille. Suoraveloituslaskut ohjataan sopimuksen mukaisesti.<\/p>\r\n\r\n\r\n\r\n<p>V\u00e4\u00e4rink\u00e4yt\u00f6n riskit ovat pienempi\u00e4 ilman valtakirjoja.<\/p>\r\n\r\n\r\n\r\n<p>Sek\u00e4 finanssivalvonta, poliisi ett\u00e4 useimmat pankit suosittelevat t\u00e4t\u00e4 ratkaisua <strong>varmimpana ja parhaana ratkaisuna<\/strong>.<\/p>\r\n\r\n\r\n\r\n<h3 class=\"wp-block-heading\">Omat tilit sek\u00e4 yhteinen TAI-tili<\/h3>\r\n\r\n\r\n\r\n<p>J\u00e4rjestely on muunnos omat-tilit-j\u00e4rjestelylle. Kummallakin on oma tili ja siirt\u00e4\u00e4 esim. kuukausittain rahoja yhteiselle TAI-tilille. Juoksevat kulut maksetaan t\u00e4lt\u00e4 yhteiselt\u00e4 tililt\u00e4. Suoraveloituslaskut ohjataan sopimuksen mukaisesti omalle tai yhteiselle tilille. Kummallakin on kortti sek\u00e4 omalle ett\u00e4 yhteiselle tilille, ja oman tilin pankkitunnukset k\u00e4yv\u00e4t my\u00f6s yhteiselle tilille.<\/p>\r\n\r\n\r\n\r\n<p>J\u00e4rjestely antaa hyv\u00e4n pohjan sille paljonko kumpikin maksaa yhteisi\u00e4 kustannuksia. Valtakirjat eiv\u00e4t ole niink\u00e4\u00e4n tarpeellisia.<\/p>\r\n\r\n\r\n\r\n<p>Voi olla j\u00e4rkev\u00e4\u00e4, ett\u00e4 s\u00e4\u00e4nn\u00f6lliset maksut yhteiselle tilille ovat automaattisia niin ett\u00e4 ne jatkuvat my\u00f6s, jos sairastunut on kyvyt\u00f6n hoitamaan maksut itse.<\/p>\r\n\r\n\r\n\r\n<h2 class=\"wp-block-heading\">Toinen sairastuu vakavasti<\/h2>\r\n\r\n\r\n\r\n<p>Jos toinen sairastuu vakavasti niin ettei kykene hoitamaan asioitaan voi tulla vaikeuksia.<\/p>\r\n\r\n\r\n\r\n<p>Tilanne riippuu siit\u00e4 saako pankki t\u00e4st\u00e4 tiedon ja miten pankki siin\u00e4 tapauksessa toimii. Se saattaa vaihdella tapauksesta toiseen. Pankki voi peruuttaa valtakirjat sek\u00e4 sairastuneen pankkitunnukset ja pankkikortit. T\u00e4m\u00e4 p\u00e4tee erityisesti, jos tilinomistajalle m\u00e4\u00e4r\u00e4t\u00e4\u00e4n edunvalvoja tai vahvistetaan edunvalvontavaltakirja.<\/p>\r\n\r\n\r\n\r\n<h2 class=\"wp-block-heading\">Toinen kuolee<\/h2>\r\n\r\n\r\n\r\n<p>Kuolleen tilit suljetaan v\u00e4litt\u00f6m\u00e4sti ja kuolinpes\u00e4 tulee kuolleen tilalle omistajaksi. Tilien valtakirjat peruutetaan v\u00e4litt\u00f6m\u00e4sti.<\/p>\r\n\r\n\r\n\r\n<p>Kuolleen tilit\u00e4 tai yhteiselt\u00e4 TAI-tililt\u00e4 voidaan joka tapauksessa maksaa sellaisia kuluja, jotka kiistattomasti kuuluvat kuolinpes\u00e4n maksettavaksi, kuten hautajaiskulut. Pankit tarkistavat t\u00e4llaiset maksut. Kun perunkirjoitus on tehty ja on selv\u00e4\u00e4 ketk\u00e4 ovat kuolinpes\u00e4n osakkaita, osakkaat voivat valtuuttaa jonkin henkil\u00f6n hoitamaan kuolinpes\u00e4n asioita. T\u00e4ll\u00f6in on selvint\u00e4, ett\u00e4 kuolinpes\u00e4ll\u00e4 on oma pankkitili, ei yhteist\u00e4 tili\u00e4 lesken kanssa.<\/p>\r\n\r\n\r\n\r\n<p>Jos parilla on omat tilit niin leskell\u00e4 on varoja omalla tilill\u00e4\u00e4n, jonne tulee my\u00f6s h\u00e4nen palkkansa tai el\u00e4kkeens\u00e4 ilman erityisi\u00e4 toimenpiteit\u00e4. Normaalitilanne, minimiriski, pitk\u00e4n p\u00e4\u00e4lle vakaa ratkaisu, ei vaadi erityistoimenpiteit\u00e4 kuoleman vuoksi.<\/p>\r\n\r\n\r\n\r\n<p>Jos k\u00e4yt\u00f6ss\u00e4 on vain yksi tili kuolleen nimell\u00e4 tulee <strong>umpikuja<\/strong>. Tili on kokonaisuudessa kuolinpes\u00e4n omaisuutta. Silloin leskell\u00e4 ei ole k\u00e4ytt\u00f6rahoja eik\u00e4 edes saa omaa palkkaansa tai el\u00e4kett\u00e4\u00e4n.<\/p>\r\n\r\n\r\n\r\n<p><strong>Yhteiset TAI-tilit ovat poikkeus<\/strong> t\u00e4h\u00e4n perusperiaatteeseen, ett\u00e4 kuolleen pankissa olevat varat j\u00e4\u00e4dytet\u00e4\u00e4n, tilit suljetaan ja kaikki tilin valtakirjat ym. lakkautetaan. Viranomaiset ja pankit hyv\u00e4ksyv\u00e4t usein &#8211; mutta ei aina &#8211; toistaiseksi sen, ett\u00e4 leski k\u00e4ytt\u00e4\u00e4 TAI-tili\u00e4 kuten ennenkin.<\/p>\r\n\r\n\r\n\r\n<p>Jos ainoana tilin\u00e4 on TAI-tili ja se suljetaan niin leskell\u00e4 ei ole rahoja eik\u00e4 saa omaa palkkaansa eik\u00e4 el\u00e4kett\u00e4\u00e4n vaan h\u00e4nen pit\u00e4\u00e4 avata uusi oma tili johon jatkossa maksetaan palkka tai el\u00e4ke.<\/p>\r\n\r\n\r\n\r\n<p>Yhteiset tilit ja yhteiset varat eiv\u00e4t sovellu hyvin t\u00e4llaiseen kuvaan. On l\u00e4hes aina ep\u00e4selv\u00e4\u00e4 mink\u00e4 osuuden yhteisen tilin varoista osapuolet omistavat.<\/p>\r\n\r\n\r\n\r\n<p>On mielenkiintoista todeta, ett\u00e4 eri pankit (ja eri pankkitoimihenkil\u00f6t) antavat kovin erilaisia ohjeita ja neuvoja koskien TAI-tilej\u00e4. Joku pankki suosittelee TAI-tilej\u00e4 ja toinen pankki ei en\u00e4\u00e4 avaa uusia TAI-tilej\u00e4.<\/p>\r\n\r\n\r\n\r\n<h1 class=\"wp-block-heading\">V\u00e4\u00e4rink\u00e4yt\u00f6ksi\u00e4<\/h1>\r\n\r\n\r\n\r\n<p>Talousvaikeudet, peliriippuvuus, ero tai jokin vastaava voi houkutella toista osapuolta tyhjent\u00e4m\u00e4\u00e4n yhteinen tili tai tili, johon on valtakirja. Valtakirja pankkitilille on aina riski, ja sellaisia valtakirjoja tulisi antaa vain, jos on varma luottamus. T\u00e4h\u00e4n sis\u00e4ltyy se, ett\u00e4 valtakirja peruutetaan, jos valtuutettu sairastuu tai joutuu rahavaikeuksiin.<\/p>\r\n\r\n\r\n\r\n<p>Vaikea sairaus voi olla muistisairaus. T\u00e4ll\u00f6in potilaalla on heikentynyt kyky ymm\u00e4rt\u00e4\u00e4 p\u00e4\u00e4t\u00f6ksi\u00e4 ja toimenpiteit\u00e4 kuten itse siirt\u00e4\u00e4 merkitt\u00e4vi\u00e4 summia perheen ulkopuolelle.<\/p>\r\n\r\n\r\n\r\n<p>Vaikean sairauden varalta tulisi olla edunvalvontavaltakirja ja muita j\u00e4rjestelyj\u00e4.<\/p>\r\n\r\n\r\n\r\n<h2 class=\"wp-block-heading\">Pankkitilille s\u00e4\u00e4st\u00e4minen<\/h2>\r\n\r\n\r\n\r\n<p>Pankkitilille s\u00e4\u00e4stet\u00e4\u00e4n varoja m\u00e4\u00e4r\u00e4tty\u00e4 tarkoitusta varten, tai ne ovat varalla odottamattomia tapahtumia varten. On selvint\u00e4, ett\u00e4 kummallakin on omat tilit s\u00e4\u00e4st\u00f6j\u00e4 varten. N\u00e4in s\u00e4\u00e4st\u00f6t ovat ainakin osittain k\u00e4ytett\u00e4viss\u00e4 my\u00f6s muutostilanteissa tai odottamattomissa tilanteissa.<\/p>\r\n\r\n\r\n\r\n<p>S\u00e4\u00e4st\u00f6j\u00e4 ei tulisi olla k\u00e4ytt\u00f6tileill\u00e4. S\u00e4\u00e4st\u00f6tileill\u00e4 ei tulisi olla valtakirjoja.<\/p>\r\n\r\n\r\n\r\n<h2 class=\"wp-block-heading\">Suositus<\/h2>\r\n\r\n\r\n\r\n<p>Selv\u00e4 suositus kaikille, jotka haluavat hyvin toimivan ratkaisun, joka samalla v\u00e4hent\u00e4\u00e4 riskej\u00e4: omat k\u00e4ytt\u00f6tilit kummallekin, omilla korteilla ja pankkitunnuksilla. Palkka tai el\u00e4ke menee my\u00f6s t\u00e4lle tilille. T\u00e4m\u00e4 on my\u00f6s useimpien pankkien suositus. Suoraveloituslaskut ohjataan kuten sovitaan. Lis\u00e4ksi on hyv\u00e4 olla yhteinen TAI-tili (kuukauden) k\u00e4ytt\u00f6menoille. Jos t\u00e4m\u00e4 yhteinen tili suljetaan niin kyseess\u00e4 on melko v\u00e4h\u00e4iset summat.<\/p>\r\n\r\n\r\n\r\n<p>T\u00e4ll\u00e4 ratkaisulla on rahaa kummallekin kaikissa tilanteissa. Jos toinen sairastuu vakavasti tai kuolee, on toisella paljon muuta hoidettavaa kuin j\u00e4rjest\u00e4\u00e4 pankkitilit uudelleen, jos se edes on mahdollista.<\/p>\r\n<p>Valtakirjoja voi tehd\u00e4, jos todella tarvitaan. Jos halutaan pienent\u00e4\u00e4 riskej\u00e4 kun vanhenee pit\u00e4isi valtakirjat mit\u00e4t\u00f6id\u00e4. On inhimillist\u00e4 ett\u00e4 on vaikeata sopia t\u00e4llaisesta muutoksesta ilman korotettuja \u00e4\u00e4ni\u00e4 jos k\u00e4yt\u00e4nt\u00f6 on jatkunut jopa vuosikymmeni\u00e4.<\/p>\r\n\r\n\r\n\r\n<p>Yll\u00e4 oleva koskee k\u00e4ytt\u00f6tilej\u00e4. S\u00e4\u00e4st\u00f6t ja vararahastot tulisi olla omilla tileill\u00e4\u00e4n.<\/p>\r\n\r\n\r\n\r\n\r\n\r\n<h2 class=\"wp-block-heading\">Internetpankkitunnukset ja pankkikortit<\/h2>\r\n\r\n\r\n\r\n<p>Internetpankkitunnukset ovat henkil\u00f6n tunnistautumisv\u00e4lineit\u00e4, ensisijaisesti pankkiasiointia varten. Niit\u00e4 k\u00e4ytet\u00e4\u00e4n paljon muuhun kuin pankkiasiointiin, etenkin vahvaan tunnistautumiseen. Tunnuksilla voi tehd\u00e4 paljon muutakin kuin hoitaa pankkiasioita. Siksi on kielletty antaa pankkitunnuksia kenellek\u00e4\u00e4n muulle. Pankki voi valtakirjalla antaa valtuutetulle oikeuden k\u00e4ytt\u00e4\u00e4 valtuutetun pankkitunnuksia valtuuttajan pankkitilill\u00e4.<\/p>\r\n\r\n\r\n\r\n\r\n\r\n<p>Jos pankki saa tiet\u00e4\u00e4, ett\u00e4 joku on antanut pankkitunnuksensa toiselle henkil\u00f6lle niin pankin lievin toimenpide on, ett\u00e4 pankkitunnukset kuoletetaan, ja voimakkain ett\u00e4 koko tili suljetaan ja p\u00e4\u00e4lle ehk\u00e4 viel\u00e4 rikosilmoitus. T\u00e4m\u00e4 on mainittu tiliehdoissa. Riski on suuri ja t\u00e4ysin tarpeeton.<\/p>\r\n\r\n\r\n\r\n<p>Jokaisen pankin asiakkaan tulee ymm\u00e4rt\u00e4\u00e4, etteiv\u00e4t pankit salli j\u00e4rjestelyj\u00e4, joiden v\u00e4\u00e4rink\u00e4ytt\u00f6\u00e4 on vaikea todentaa.<\/p>\r\n\r\n\r\n\r\n<h1 class=\"wp-block-heading\">Pankkivaltakirjat ja edunvalvonta<\/h1>\r\n\r\n\r\n\r\n<p>Pankit ovat yh\u00e4 varovaisempia ja v\u00e4hent\u00e4v\u00e4t omia riskej\u00e4\u00e4n, my\u00f6s riskej\u00e4, ett\u00e4 niit\u00e4 syytet\u00e4\u00e4n v\u00e4\u00e4rink\u00e4yt\u00f6sten mahdollistamiseen. Siksi pankit seuraavat my\u00f6s asiakkaidensa terveytt\u00e4 ja puuttuvat tilanteeseen jollakin tavoin, esim. vaativat edunvalvojaa, mit\u00e4t\u00f6iv\u00e4t valtakirjoja tms. T\u00e4ll\u00e4 on sek\u00e4 hyvi\u00e4 ett\u00e4 huonoja puolia. Pankit eiv\u00e4t en\u00e4\u00e4 samalla tavalla ota huomioon asiakkaidensa toimivaa arkea.<\/p>\r\n\r\n\r\n\r\n<p>Tiliehdoissa on usein m\u00e4\u00e4r\u00e4ys, ett\u00e4 pankki voi mit\u00e4t\u00f6id\u00e4 pankkivaltakirjat, jos asiakkaalle m\u00e4\u00e4r\u00e4t\u00e4\u00e4n edunvalvoja tai vahvistetaan edunvalvontavaltakirja, mahdollisesti my\u00f6s, jos huomaavat ett\u00e4 asiakas ei kykene hoitamaan asioitaan.<\/p>\r\n\r\n\r\n\r\n<p>Varovainen ennakoi n\u00e4it\u00e4 tilanteita siten ett\u00e4 t\u00e4llaisten toimenpiteiden vaikutus minimoidaan.<\/p>\r\n\r\n\r\n\r\n<h2 class=\"wp-block-heading\">Laskujen ja maksujen uudelleenohjaus<\/h2>\r\n\r\n\r\n\r\n<p>Jos jokin tili suljetaan niin laskut, jotka on ohjattu maksettavaksi t\u00e4lt\u00e4 tililt\u00e4, on ohjattava toiselle tilille, joka ei ole suljettu. T\u00e4m\u00e4 tehd\u00e4\u00e4n pankissa siten ett\u00e4 my\u00f6s jo saapuneet maksamattomat laskut tarkistetaan. T\u00e4llaista ei voi tehd\u00e4 etuk\u00e4teen.<\/p>\r\n\r\n\r\n\r\n<p>Sama p\u00e4tee muille s\u00e4\u00e4nn\u00f6llisille maksuille, jos niit\u00e4 on, esim. yhteiselle tilille.<\/p>\r\n\r\n\r\n\r\n<p>Vakavasti sairastuneen henkil\u00f6n asioiden hoitamiseksi tulisi olla tehtyn\u00e4 edunvalvontavaltakirja. Ulkopuolisen henkil\u00f6n on muuten l\u00e4hes mahdotonta pys\u00e4ytt\u00e4\u00e4 s\u00e4\u00e4nn\u00f6llisi\u00e4 maksuja.<\/p>\r\n\r\n\r\n\r\n<h2 class=\"wp-block-heading\">Ukrainan sota ja muut kriisit<\/h2>\r\n\r\n\r\n\r\n<p>Varovainen voi varautua erilaisten kriisien varalta niin ett\u00e4 rahoja on k\u00e4ytett\u00e4viss\u00e4. Kriisej\u00e4 voi synty\u00e4 erilaisilla tavoilla:<\/p>\r\n\r\n\r\n\r\n<ul class=\"wp-block-list\">\r\n<li>pankin tietoj\u00e4rjestelm\u00e4 on tilap\u00e4isesti ep\u00e4kunnossa niin ett\u00e4 esim. pankkikortit eiv\u00e4t toimi;<\/li>\r\n\r\n\r\n\r\n<li>cyberhy\u00f6kk\u00e4ys yhden pankin tietoj\u00e4rjestelm\u00e4\u00e4n pys\u00e4ytt\u00e4\u00e4 sen pankin tietoj\u00e4rjestelm\u00e4n; ja<\/li>\r\n\r\n\r\n\r\n<li>cyberhy\u00f6kk\u00e4ys pankkien ja kauppojen v\u00e4lisen rahaliikenteen tietoj\u00e4rjestelmiin niin ett\u00e4 mik\u00e4\u00e4n pankkikortti tai rahansiirto ei toimi.<\/li>\r\n<\/ul>\r\n\r\n\r\n\r\n<p>Kaksi tapaa v\u00e4hent\u00e4\u00e4 omia riskej\u00e4:<\/p>\r\n\r\n\r\n\r\n<ul class=\"wp-block-list\">\r\n<li>pit\u00e4\u00e4 k\u00e4ytt\u00f6tili toisessa pankissa; ja<\/li>\r\n\r\n\r\n\r\n<li>pit\u00e4\u00e4 k\u00e4teist\u00e4 rahaa kotivarana niin ett\u00e4 selvi\u00e4\u00e4 muutaman p\u00e4iv\u00e4n.<\/li>\r\n<\/ul>\r\n\r\n\r\n\r\n<h2 class=\"wp-block-heading\">Muita j\u00e4rjestelyj\u00e4<\/h2>\r\n\r\n\r\n\r\n<p>On my\u00f6s muita j\u00e4rjestelyj\u00e4, tarpeet ovat erilaisia. Ainakin sijoitukset, lainat ja tallelokerot on tarkistettava ajoittain, esim. silloin kun j\u00e4\u00e4 el\u00e4kkeelle.<\/p>\r\n\r\n\r\n\r\n<p>Tallelokerossa saattaa l\u00f6yty\u00e4 edunvalvontavaltakirjan alkuper\u00e4iskappale, jollainen kuitenkin tulisi olla valtuutetun hallussa. Vain alkuper\u00e4inen edunvalvontavaltakirja voidaan vahvistaa.<\/p>\r\n\r\n\r\n\r\n<p>Lis\u00e4ksi on syyt\u00e4 sanoa irti tarpeettomat pankkikortit ja luottokortit. Etenkin nettiostoksissa k\u00e4ytetyt luottokortit on peruutettava. Korttitiedot saattavat olla talletettuna jossakin jolloin v\u00e4\u00e4rink\u00e4yt\u00f6n riski on olemassa, vaikka tietomurron j\u00e4lkeen. Varaj\u00e4rjestelyt pit\u00e4isi kuitenkin s\u00e4ilytt\u00e4\u00e4.<\/p>\r\n\r\n\r\n\r\n<p>Pankkitileill\u00e4 ja korteilla on yleens\u00e4 turvarajoituksia, esim. nettiostosten kielt\u00e4minen ja \/ tai maksujen tekeminen muihin maihin. Niit\u00e4 voi muuttaa, kunhan kirjaudutaan pankkiin.<\/p>\r\n\r\n\r\n\r\n<p>27.2.2026<\/p>\r\n","protected":false},"excerpt":{"rendered":"<p>T\u00e4ss\u00e4 osiossa k\u00e4sitell\u00e4\u00e4n etup\u00e4\u00e4ss\u00e4 parin eli kahden henkil\u00f6n yhteisi\u00e4 pankkiasioita, mutta my\u00f6s muiden henkil\u00f6iden el\u00e4m\u00e4n loppuvaiheen pankkij\u00e4rjestelyj\u00e4. Viimeist\u00e4\u00e4n el\u00e4kei\u00e4ss\u00e4 on aika tarkistaa pankkitilit ja muut pankkij\u00e4rjestelyt. N\u00e4m\u00e4 asiat ovat yht\u00e4 lailla oleellisia nuorille henkil\u00f6ille, jotka muuttavat yhteen, hankkivat asunnon tai saavat lapsen. Jokainen vastaa omista j\u00e4rjestelyist\u00e4\u00e4n, ja ne j\u00e4rjestelyt tulee tehd\u00e4 ennen kuin on liian [&hellip;]<\/p>\n","protected":false},"author":1,"featured_media":0,"parent":65,"menu_order":0,"comment_status":"closed","ping_status":"closed","template":"","meta":{"advanced_seo_description":"","jetpack_seo_html_title":"","jetpack_seo_noindex":false,"footnotes":""},"class_list":["post-56","page","type-page","status-publish","hentry","entry"],"jetpack_sharing_enabled":true,"_links":{"self":[{"href":"https:\/\/syyspuolenturva.fi\/index.php\/wp-json\/wp\/v2\/pages\/56","targetHints":{"allow":["GET"]}}],"collection":[{"href":"https:\/\/syyspuolenturva.fi\/index.php\/wp-json\/wp\/v2\/pages"}],"about":[{"href":"https:\/\/syyspuolenturva.fi\/index.php\/wp-json\/wp\/v2\/types\/page"}],"author":[{"embeddable":true,"href":"https:\/\/syyspuolenturva.fi\/index.php\/wp-json\/wp\/v2\/users\/1"}],"replies":[{"embeddable":true,"href":"https:\/\/syyspuolenturva.fi\/index.php\/wp-json\/wp\/v2\/comments?post=56"}],"version-history":[{"count":7,"href":"https:\/\/syyspuolenturva.fi\/index.php\/wp-json\/wp\/v2\/pages\/56\/revisions"}],"predecessor-version":[{"id":396,"href":"https:\/\/syyspuolenturva.fi\/index.php\/wp-json\/wp\/v2\/pages\/56\/revisions\/396"}],"up":[{"embeddable":true,"href":"https:\/\/syyspuolenturva.fi\/index.php\/wp-json\/wp\/v2\/pages\/65"}],"wp:attachment":[{"href":"https:\/\/syyspuolenturva.fi\/index.php\/wp-json\/wp\/v2\/media?parent=56"}],"curies":[{"name":"wp","href":"https:\/\/api.w.org\/{rel}","templated":true}]}}