{"id":53,"date":"2024-10-04T18:03:07","date_gmt":"2024-10-04T18:03:07","guid":{"rendered":"https:\/\/syyspuolenturva.fi\/?page_id=53"},"modified":"2025-12-05T09:10:05","modified_gmt":"2025-12-05T07:10:05","slug":"hoiva","status":"publish","type":"page","link":"https:\/\/syyspuolenturva.fi\/index.php\/alku\/hoiva\/","title":{"rendered":"Hoiva"},"content":{"rendered":"\r\n<h2><strong>Yleist\u00e4<\/strong><\/h2>\r\n\r\n\r\n\r\n<p><img data-recalc-dims=\"1\" loading=\"lazy\" decoding=\"async\" class=\"size-medium wp-image-78 alignright\" src=\"https:\/\/i0.wp.com\/syyspuolenturva.fi\/wp-content\/uploads\/2024\/10\/AT-bild1.jpg?resize=295%2C300&#038;ssl=1\" alt=\"teemakuva\" width=\"295\" height=\"300\" srcset=\"https:\/\/i0.wp.com\/syyspuolenturva.fi\/wp-content\/uploads\/2024\/10\/AT-bild1.jpg?resize=295%2C300&amp;ssl=1 295w, https:\/\/i0.wp.com\/syyspuolenturva.fi\/wp-content\/uploads\/2024\/10\/AT-bild1.jpg?w=358&amp;ssl=1 358w\" sizes=\"auto, (max-width: 295px) 100vw, 295px\" \/>Hoiva tarkoittaa t\u00e4ss\u00e4 asumista, ruokaa, muuta yleist\u00e4 tukea mutta ei l\u00e4\u00e4ketieteellist\u00e4 hoitoa. Hoivatahdossa voit itse tehd\u00e4 sitovia p\u00e4\u00e4t\u00f6ksi\u00e4 joistakin asioista ja tehd\u00e4 toivomuksia muista asioista. P\u00e4\u00e4s\u00e4\u00e4nt\u00f6isesti hoiva on kustannettava itse, omista tuloista. Jos omat tulot eiv\u00e4t riit\u00e4 yhteiskunta voi omien sosiaalisektorin s\u00e4\u00e4d\u00f6stens\u00e4 mukaan tukea hoivaa.<\/p>\r\n\r\n\r\n\r\n<p>Mik\u00e4\u00e4n lains\u00e4\u00e4d\u00e4nt\u00f6 ei t\u00e4ss\u00e4 vaiheessa sis\u00e4ll\u00e4 mit\u00e4\u00e4n s\u00e4\u00e4d\u00f6ksi\u00e4 hoivatahdosta.<\/p>\r\n\r\n\r\n\r\n<p>N\u00e4m\u00e4 sivut suosittelevat erillist\u00e4 hoivatahtoa useista syist\u00e4:<\/p>\r\n\r\n\r\n\r\n<ul class=\"wp-block-list\">\r\n<li>hoivatahto liittyy sek\u00e4 hoivaan, l\u00e4\u00e4ketieteelliseen hoitoon sek\u00e4 edunvalvontaan;<\/li>\r\n\r\n\r\n\r\n<li>hoivaa pit\u00e4isi voida muuttaa ilman ett\u00e4 tarvitsee muuttaa hoitotahtoa tai edunvalvontavaltakirjaa;<\/li>\r\n\r\n\r\n\r\n<li>hoivaa ei pid\u00e4 sis\u00e4llytt\u00e4\u00e4 hoitotahtoon koska hoitotahto on terveyssektorin salassa pidett\u00e4v\u00e4 potilasasiakirja, jota ei saa antaa tai n\u00e4ytt\u00e4\u00e4 ulkopuolisille;<\/li>\r\n\r\n\r\n\r\n<li>hoitotahto on pidett\u00e4v\u00e4 lyhyen\u00e4, ett\u00e4 se toimisi my\u00f6s kiireellisess\u00e4 akuuttihoidossa.<\/li>\r\n<\/ul>\r\n\r\n\r\n\r\n<p>Hoivatahdossa voit m\u00e4\u00e4r\u00e4tt\u00e4v\u00e4 miten haluat asua ja miten hoiva j\u00e4rjestet\u00e4\u00e4n, jos et en\u00e4\u00e4 itse pysty hoitamaan omia asioitasi. Samalla sinun tulee varmistaa, ett\u00e4 henkil\u00f6, joka vastaa edunvalvonnastasi on saanut teht\u00e4v\u00e4ksi huolehtia my\u00f6s hoivastasi ja sen kustannuksista. On mahdollista, ett\u00e4 tuomioistuimen m\u00e4\u00e4r\u00e4\u00e4m\u00e4 edunvalvoja ei huolehdi hoivan j\u00e4rjestelyist\u00e4, ehk\u00e4 ainoastaan osoittaa varoja siihen. T\u00e4llaisessa tapauksessa tarvitaan joku muu huolehtimaan hoivaj\u00e4rjestelyist\u00e4.<\/p>\r\n\r\n\r\n\r\n<p>Voit sis\u00e4llytt\u00e4\u00e4 hoivatahtoon my\u00f6s m\u00e4\u00e4r\u00e4yksi\u00e4 ja toivomuksia v\u00e4hemmist\u00e4 hoivaj\u00e4rjestelyist\u00e4.<\/p>\r\n\r\n\r\n\r\n<h2><strong>P\u00e4\u00e4j\u00e4rjestelyt, asuminen ja ruoka<\/strong><\/h2>\r\n\r\n\r\n\r\n<p>Siin\u00e4 vaiheessa kun tarvitset tukea hoivallesi on nelj\u00e4 p\u00e4\u00e4vaihtoehtoa:<\/p>\r\n\r\n\r\n\r\n<ul class=\"wp-block-list\">\r\n<li>asut omassa kodissasi ja saat tarvittavaa tukea sinne;<\/li>\r\n\r\n\r\n\r\n<li>asut jonkin toisen luona joka huolehtii tarvittavasta tuesta (usein omaishoitaja);<\/li>\r\n\r\n\r\n\r\n<li>asut hyvinvointialueen hoivakodissa, jossa on tukea; sek\u00e4<\/li>\r\n\r\n\r\n\r\n<li>asut yksityisess\u00e4 hoivakodissa, jossa on tukea.<\/li>\r\n<\/ul>\r\n\r\n\r\n\r\n<p>Lehtitietojen mukaan noin puolet henkil\u00f6ist\u00e4, jotka tarvitsevat tuettua hoiva-asumista asuvat yksityisess\u00e4 hoivakodissa. Kaikki eiv\u00e4t tarvitse raskaita tukij\u00e4rjestelyj\u00e4.<\/p>\r\n\r\n\r\n\r\n<p>Valinta on sinun, ja sis\u00e4llyt\u00e4t valintasi hoivatahtoon. Se henkil\u00f6 joka hoitaa edunvalvonnan on yleens\u00e4 saanut teht\u00e4v\u00e4n j\u00e4rjest\u00e4\u00e4 asumisesi tahtosi mukaan. Voit m\u00e4\u00e4r\u00e4t\u00e4 t\u00e4st\u00e4 hoivatahdossasi.<\/p>\r\n\r\n\r\n\r\n<p>Jotkin vaihtoehdot vaativat enemm\u00e4n varoja kuin toiset. Valintasi voi riippua siit\u00e4, paljonko varoja sinulla on ja paljonko haluat k\u00e4ytt\u00e4\u00e4 asumiseen ja tukeen. Joka maksaa my\u00f6s p\u00e4\u00e4tt\u00e4\u00e4. Jos hyvinvointialue maksaa osan niin on noudatettava heid\u00e4n ehtojaan.<\/p>\r\n\r\n\r\n\r\n<p>Jos haluat asua kotona mahdollisimman kauan sinun pit\u00e4\u00e4 hyviss\u00e4 ajoin katsoa ett\u00e4 kotisi on sovitettu useammasta n\u00e4k\u00f6kulmasta: korkea ik\u00e4, alentunut fyysinen toimintakyky mutta my\u00f6s mahdollinen dementia.<\/p>\r\n\r\n\r\n\r\n<p>Jos taas valitset hyvinvointialueen asumisen niin hyvinvointialue m\u00e4\u00e4r\u00e4\u00e4 palvelutason. Valitettavasti t\u00e4m\u00e4 riippuu paljon siit\u00e4 miss\u00e4 asut, ja voi muuttua poliittisen p\u00e4\u00e4t\u00f6ksenteon mukaan.<\/p>\r\n\r\n\r\n\r\n<p>Jos sinulla on selv\u00e4 mielipide asumisen osalta se pit\u00e4isi kirjata yl\u00f6s. Silloin sinun pit\u00e4isi ensin selvitt\u00e4\u00e4 miss\u00e4 haluat asua. Yksityisill\u00e4 hoivakodeilla voi olla huomattavia hintaeroja riippuen avuntarpeesta. Muuttaminen saattaa olla halpaa mutta kun avuntarve lis\u00e4\u00e4ntyy niin my\u00f6s kustannukset nousevat.<\/p>\r\n\r\n\r\n\r\n<p>Hoivatahdossa voi olla ohjeita koskien ruokaa ja juomaa. Voit saada punaviini\u00e4 ruuan kanssa ja kuohuviiniasunnuntaisin, tai jotain vastaavaa, mielihalujesi mukaan. Ne voivat koskea esim. lempiruokia tai inhokkeja. Ehk\u00e4 t\u00e4rke\u00e4mp\u00e4\u00e4 on selvitt\u00e4\u00e4 onko hoivapaikassa oma keitti\u00f6 josta tarvittaessa voit saada mit\u00e4 haluat.<\/p>\r\n<p>Hoivatahto voi my\u00f6s sis\u00e4lt\u00e4\u00e4 m\u00e4\u00e4r\u00e4yksi\u00e4 ja toiveita digitaalisista palveluista, alue joka kehittyy nopeasti ja joka ainakin osittain voi korvata henkil\u00f6palveluja paikan p\u00e4\u00e4ll\u00e4. T\u00e4t\u00e4 koskeva lains\u00e4\u00e4d\u00e4nt\u00f6 on ty\u00f6n alla. Iso asia on saako henkil\u00f6 itse m\u00e4\u00e4r\u00e4t\u00e4 palvelujen k\u00e4yt\u00f6st\u00e4 vai saako hoivaorganisaatio p\u00e4\u00e4tt\u00e4\u00e4 annettavista digitaalisista palveluista.<\/p>\r\n\r\n\r\n\r\n<p>Jos asumismuotosi perustaso ei sis\u00e4ll\u00e4 kaikkea mit\u00e4 haluat niin se ehk\u00e4 on j\u00e4rjestett\u00e4viss\u00e4 sopivaa korvausta vastaan.<\/p>\r\n<p>On my\u00f6s t\u00e4rke\u00e4t\u00e4, ett\u00e4 hoivakoti tiet\u00e4\u00e4, ett\u00e4 edunvalvontavaltakirja on olemassa, ettei hoivakoti hae edunvalvojan asettamista ottamatta yhteytt\u00e4 omaisiin.<\/p>\r\n\r\n\r\n\r\n<h2><strong>Viihtymisen tukea<\/strong><\/h2>\r\n\r\n\r\n\r\n<p>Vanhuuden viimeisell\u00e4 osuudella useimmat tarvitsevat tukea, ruokaa, vaatetusta, hygieniaa, tekemist\u00e4 ja paljon muuta. Tuki voi olla osa asumismuotoa tai erillisen\u00e4. Tukimuodot on hyv\u00e4 selvitt\u00e4\u00e4 osana asumispaikan valintaa.<\/p>\r\n\r\n\r\n\r\n<p>T\u00e4m\u00e4ntapaiset tuet ja viihtymisen osatekij\u00e4t voidaan hyvin sis\u00e4llytt\u00e4\u00e4 hoivatahtoon.<\/p>\r\n\r\n\r\n\r\n<p>Koska hoivatahto ei viel\u00e4 ole yleisess\u00e4 k\u00e4yt\u00f6ss\u00e4 on hyv\u00e4 itse mietti\u00e4 mink\u00e4laisia ohjeita haluat sis\u00e4llytt\u00e4\u00e4 hoivatahtoon. N\u00e4it\u00e4 varten tulee olla my\u00f6s varoja koska hoiva on ensisijaisesti itse kustannettava el\u00e4misen osio.<\/p>\r\n\r\n\r\n\r\n<h2><strong>Hyv\u00e4n hoivakodin tunnusmerkkej\u00e4<\/strong><\/h2>\r\n\r\n\r\n\r\n<p>Lehti ET numero 3 \/ 2023 sis\u00e4lt\u00e4\u00e4 kirjoituksen, jossa on hyv\u00e4n hoivakodin tunnusmerkkej\u00e4. Ne ovat k\u00e4yt\u00e4nn\u00f6llisi\u00e4 ja hieman humoristisia, eiv\u00e4t tieteellisi\u00e4:<\/p>\r\n\r\n\r\n\r\n<ul class=\"wp-block-list\">\r\n<li><strong>Aula-aste-mittari<\/strong> tarkoittaa onko k\u00e4yt\u00e4v\u00e4t ja muut yhteiset tilat k\u00e4yt\u00f6ss\u00e4 vai tyhji\u00e4. Hyviss\u00e4 paikoissa vanhukset hakeutuvat tai heid\u00e4t haetaan yhteisiin tiloihin, kanssak\u00e4ymiseen monta kertaa p\u00e4iv\u00e4ss\u00e4, puute taas saattaa olla osoituksena muista ongelmista.<\/li>\r\n\r\n\r\n\r\n<li><strong>Letti-indeksi <\/strong>osoittaa onko asukasnaisilla lettej\u00e4 tai papiljotteja ja herroilla sileit\u00e4 leukoja. Jos henkil\u00f6kunta on hoitanut nekin asiat niin heill\u00e4 on my\u00f6s aikaa auttaa vessak\u00e4yntien ja tukisukkien kanssa.<\/li>\r\n\r\n\r\n\r\n<li><strong>Kaffifaktori <\/strong>saa korkeat pisteet, jos hoivahenkil\u00f6kunta istuu kahvilla rupattelemassa asukkaiden kanssa. Silloin henkil\u00f6kunnan mitoitus, ty\u00f6tyytyv\u00e4isyys ja pysyvyys on yleens\u00e4 hyv\u00e4ll\u00e4 tolalla.<\/li>\r\n\r\n\r\n\r\n<li><strong>Makaroonivellimatriisi <\/strong>kertoo, ett\u00e4 talossa on keitt\u00e4j\u00e4, joka osaa laittaa hyvi\u00e4 vanhan ajan herkkuja, kuten kaalik\u00e4\u00e4ryleit\u00e4 tai tillilihaa. Silloin liian v\u00e4h\u00e4st\u00e4 sy\u00f6misest\u00e4 johtuvaa kuihtumista ilmenee selv\u00e4sti v\u00e4hemm\u00e4n. Hyv\u00e4 ruoka voi tarjota nautintoja viel\u00e4 silloinkin, kun niit\u00e4 ei el\u00e4m\u00e4ss\u00e4 muuten en\u00e4\u00e4 kovin paljon ole.<\/li>\r\n<\/ul>\r\n\r\n\r\n\r\n<p>Kun el\u00e4m\u00e4n huvit ja nautinnot muuten v\u00e4henev\u00e4t on hyv\u00e4 ruoka usein viel\u00e4 j\u00e4ljell\u00e4.<\/p>\r\n<h2>Hoivatahdon esimerkki<\/h2>\r\n<p>Valikossa l\u00f6ytyy hoivatahdon esimerkki. Sellainen asiakirja voidaan painottaa huomattavastikin eri tavalla, kukin tarpeittensa mukaan. Hoivapaikassa voi olla paljonkin yksityiskohtaisempi malli.<\/p>\r\n\r\n\r\n\r\n<p>5.12.2025<\/p>\r\n\r\n\r\n\r\n<p>&nbsp;<\/p>\r\n","protected":false},"excerpt":{"rendered":"<p>Yleist\u00e4 Hoiva tarkoittaa t\u00e4ss\u00e4 asumista, ruokaa, muuta yleist\u00e4 tukea mutta ei l\u00e4\u00e4ketieteellist\u00e4 hoitoa. Hoivatahdossa voit itse tehd\u00e4 sitovia p\u00e4\u00e4t\u00f6ksi\u00e4 joistakin asioista ja tehd\u00e4 toivomuksia muista asioista. P\u00e4\u00e4s\u00e4\u00e4nt\u00f6isesti hoiva on kustannettava itse, omista tuloista. Jos omat tulot eiv\u00e4t riit\u00e4 yhteiskunta voi omien sosiaalisektorin s\u00e4\u00e4d\u00f6stens\u00e4 mukaan tukea hoivaa. Mik\u00e4\u00e4n lains\u00e4\u00e4d\u00e4nt\u00f6 ei t\u00e4ss\u00e4 vaiheessa sis\u00e4ll\u00e4 mit\u00e4\u00e4n s\u00e4\u00e4d\u00f6ksi\u00e4 hoivatahdosta. [&hellip;]<\/p>\n","protected":false},"author":1,"featured_media":0,"parent":36,"menu_order":0,"comment_status":"closed","ping_status":"closed","template":"","meta":{"advanced_seo_description":"","jetpack_seo_html_title":"","jetpack_seo_noindex":false,"footnotes":""},"class_list":["post-53","page","type-page","status-publish","hentry","entry"],"jetpack_sharing_enabled":true,"_links":{"self":[{"href":"https:\/\/syyspuolenturva.fi\/index.php\/wp-json\/wp\/v2\/pages\/53","targetHints":{"allow":["GET"]}}],"collection":[{"href":"https:\/\/syyspuolenturva.fi\/index.php\/wp-json\/wp\/v2\/pages"}],"about":[{"href":"https:\/\/syyspuolenturva.fi\/index.php\/wp-json\/wp\/v2\/types\/page"}],"author":[{"embeddable":true,"href":"https:\/\/syyspuolenturva.fi\/index.php\/wp-json\/wp\/v2\/users\/1"}],"replies":[{"embeddable":true,"href":"https:\/\/syyspuolenturva.fi\/index.php\/wp-json\/wp\/v2\/comments?post=53"}],"version-history":[{"count":8,"href":"https:\/\/syyspuolenturva.fi\/index.php\/wp-json\/wp\/v2\/pages\/53\/revisions"}],"predecessor-version":[{"id":365,"href":"https:\/\/syyspuolenturva.fi\/index.php\/wp-json\/wp\/v2\/pages\/53\/revisions\/365"}],"up":[{"embeddable":true,"href":"https:\/\/syyspuolenturva.fi\/index.php\/wp-json\/wp\/v2\/pages\/36"}],"wp:attachment":[{"href":"https:\/\/syyspuolenturva.fi\/index.php\/wp-json\/wp\/v2\/media?parent=53"}],"curies":[{"name":"wp","href":"https:\/\/api.w.org\/{rel}","templated":true}]}}