{"id":47,"date":"2024-10-04T18:01:31","date_gmt":"2024-10-04T18:01:31","guid":{"rendered":"https:\/\/syyspuolenturva.fi\/?page_id=47"},"modified":"2026-02-26T14:41:20","modified_gmt":"2026-02-26T12:41:20","slug":"hoito","status":"publish","type":"page","link":"https:\/\/syyspuolenturva.fi\/index.php\/alku\/hoito\/","title":{"rendered":"Hoito"},"content":{"rendered":"\r\n<p><img data-recalc-dims=\"1\" loading=\"lazy\" decoding=\"async\" class=\"size-medium wp-image-78 alignright\" src=\"https:\/\/i0.wp.com\/syyspuolenturva.fi\/wp-content\/uploads\/2024\/10\/AT-bild1.jpg?resize=295%2C300&#038;ssl=1\" alt=\"teemakuva\" width=\"295\" height=\"300\" srcset=\"https:\/\/i0.wp.com\/syyspuolenturva.fi\/wp-content\/uploads\/2024\/10\/AT-bild1.jpg?resize=295%2C300&amp;ssl=1 295w, https:\/\/i0.wp.com\/syyspuolenturva.fi\/wp-content\/uploads\/2024\/10\/AT-bild1.jpg?w=358&amp;ssl=1 358w\" sizes=\"auto, (max-width: 295px) 100vw, 295px\" \/>Hoito tarkoittaa t\u00e4ss\u00e4 yhteydess\u00e4 l\u00e4\u00e4ketieteellist\u00e4 hoitoa, l\u00e4\u00e4kehoitoa, terapiaa, leikkausta tai vastaavaa. Kaikki t\u00e4m\u00e4 kuuluu terveyssektoriin ja silloin olet potilas. Terveyssektorissa on tiukat s\u00e4\u00e4nn\u00f6t salassapidolle. Julkinen terveyssektori on voimakkaasti tuettu verovaroista.<\/p>\r\n\r\n\r\n\r\n<p>Asuminen, ruoka, vaatetus, tekemiset ym. ei-l\u00e4\u00e4ketieteelliset asiat ovat hoivaa eik\u00e4 terveyssektorin henkil\u00f6kunta huolehdi n\u00e4ist\u00e4. Hoiva-asioissa olet asiakas, et potilas. Hoiva on osa sosiaalisektoria ja se on l\u00e4ht\u00f6kohtaisesti jokaisen itsens\u00e4 kustannettava. Osa hoivasta voidaan maksaa sosiaalisektorin varoista, ellei itse pysty siihen.<\/p>\r\n\r\n\r\n\r\n<h2 class=\"wp-block-heading\">Potilaslain mukaiset hoitop\u00e4\u00e4t\u00f6kset<\/h2>\r\n\r\n\r\n\r\n<p>Hoitop\u00e4\u00e4t\u00f6kset (siis l\u00e4\u00e4ketieteelliset p\u00e4\u00e4t\u00f6kset) tehd\u00e4\u00e4n vuonna 1993 voimaan tulleen potilaslain mukaan hoitotilanteessa seuraavassa j\u00e4rjestyksess\u00e4:<\/p>\r\n\r\n\r\n\r\n<ul class=\"wp-block-list\">\r\n<li>potilas itse suullisesti;<\/li>\r\n\r\n\r\n\r\n<li>ellei potilas kykene siihen p\u00e4\u00e4tet\u00e4\u00e4n hoitotahdon mukaan; ja<\/li>\r\n\r\n\r\n\r\n<li>ellei hoitotahtoa ole niin hoitohenkil\u00f6kunta p\u00e4\u00e4tt\u00e4\u00e4 kuultuaan omaisia.<\/li>\r\n<\/ul>\r\n\r\n\r\n\r\n<p>Potilas p\u00e4\u00e4tt\u00e4\u00e4 hoidosta itse. Hoitohenkil\u00f6kunta ehdottaa hoitoa tai hoitovaihtoehtoa ja potilas joko hyv\u00e4ksyy tai hylk\u00e4\u00e4. Jos potilas hylk\u00e4\u00e4 tulee hoitohenkil\u00f6kunnan neuvotella potilaan kanssa, kunnes p\u00e4\u00e4sev\u00e4t sopimukseen. Potilaalla ei ole oikeuksia vaatia tietty\u00e4 hoitoa.<\/p>\r\n\r\n\r\n\r\n<p>Pakkohoitoa saa antaa ainoastaan, jos siit\u00e4 on s\u00e4\u00e4detty laissa erikseen.<\/p>\r\n\r\n\r\n\r\n<p>Jos potilas ei kykene edell\u00e4 mainittuun menettelyyn tulee seuraavaksi tilalle etuk\u00e4teen laadittu hoitotahto. Hoitotahto voi potilaslain mukaan olla kirjallinen tai suullinen joka saneltuna tallennetaan potilasasiakirjoihin. Hoitohenkil\u00f6kunnan tulee p\u00e4\u00e4s\u00e4\u00e4nt\u00f6isesti noudattaa hoitotahtoa.<\/p>\r\n\r\n\r\n\r\n<p>Useimmiten el\u00e4m\u00e4n loppup\u00e4\u00e4n hoitotahto t\u00e4ht\u00e4\u00e4 siihen, ett\u00e4 el\u00e4m\u00e4\u00e4 ei hoitomenetelmill\u00e4 pidennet\u00e4, jos el\u00e4m\u00e4 on p\u00e4\u00e4osin k\u00e4rsimyst\u00e4. El\u00e4m\u00e4n pit\u00e4\u00e4 olla el\u00e4misen arvoista. L\u00e4\u00e4k\u00e4rikoulutus sis\u00e4lt\u00e4\u00e4 n\u00e4it\u00e4 asioita, mutta on olemassa melko suuri harmaa alue, jossa voi olla erilaisia tulkintoja.<\/p>\r\n\r\n\r\n\r\n<p>Ellei etuk\u00e4teen laadittua hoitotahtoa ole tai ei l\u00f6ydet\u00e4, tulee hoitohenkil\u00f6kunnan mahdollisuuksien mukaan kuulla omaisia tai l\u00e4heisi\u00e4 siit\u00e4, mit\u00e4 potilas itse olisi halunnut, ei siit\u00e4 mit\u00e4 mielt\u00e4 omaiset itse ovat. Kuulemisen j\u00e4lkeen p\u00e4\u00e4t\u00f6ksen tekee hoitohenkil\u00f6kunta.<\/p>\r\n\r\n\r\n\r\n<p>Hoitotahdon tulee olla niin selv\u00e4, ett\u00e4 sen noudattaminen ei luo hoitohenkil\u00f6kunnalle riski\u00e4, jos vaikka omaisilla olisi vahvat erilaiset mielipiteet.<\/p>\r\n\r\n\r\n\r\n<p>Hoitotahto ei ole eutanasiaa, kuolinapua. Hoitohenkil\u00f6kunnalla p\u00e4\u00e4tet\u00e4\u00e4n luonnollisesta kuolemasta.<\/p>\r\n\r\n\r\n\r\n<h2><strong>Hoitotahto k\u00e4yt\u00e4nn\u00f6ss\u00e4<\/strong><\/h2>\r\n\r\n\r\n\r\n<p>Jotta hoitotahto toimisi kuten on tarkoitettu, se tulee olla k\u00e4ytett\u00e4viss\u00e4 hoitotilanteessa.<\/p>\r\n\r\n\r\n\r\n<p>Paperidokumentti tulee harvoin esille, ellei potilas itse tai omaiset antavat sen.<\/p>\r\n\r\n\r\n\r\n<p>S\u00e4hk\u00f6isen dokumentin olemassaolo tulisi n\u00e4ky\u00e4 potilastietojen tietoj\u00e4rjestelm\u00e4n etusivulla niin ett\u00e4 l\u00e4\u00e4k\u00e4ri saa siit\u00e4 tiedon ja voi saada sen esille klikkaamalla. Saatujen tietojen mukaan n\u00e4in ei ole. L\u00e4\u00e4k\u00e4rin pit\u00e4isi oma-aloitteisesti etsi\u00e4 sit\u00e4 erilaisista tietoj\u00e4rjestelmist\u00e4 eik\u00e4 n\u00e4in tehd\u00e4, jos on kiire.<\/p>\r\n<p>Monella henkil\u00f6ll\u00e4 on mukanaan \u00e4lypuhelin. Lukitusn\u00e4ytt\u00f6 on se sivu joka n\u00e4kyy kun puhelin on lukittu. Lukitusn\u00e4ytt\u00f6\u00f6n voi lis\u00e4t\u00e4 tietoa terveydest\u00e4, yhteyshenkil\u00f6 h\u00e4t\u00e4tilanteessa (lyhenne ICE), ja muuta. Siihen voi my\u00f6s lis\u00e4t\u00e4 tietoa miss\u00e4 hoitotahto on tallennettu. Lyhenne DNR tarkoittaa elvytyskieltoa ja on hyvin tunnettu terveyssektorissa, mukaan laskien ambulanssihenkil\u00f6kunta.\u00a0\u00a0<\/p>\r\n\r\n\r\n\r\n<p>S\u00e4hk\u00f6inen hoitotahto tallennetaan usein hyvinvointialueen tietoj\u00e4rjestelm\u00e4\u00e4n. Jos potilas on asunut tai saanut hoitoa muualla, hoitotahto saattaa olla toisessa hyvinvointialueen toisenlaisessa tietoj\u00e4rjestelm\u00e4ss\u00e4.<\/p>\r\n\r\n\r\n\r\n<p>S\u00e4hk\u00f6inen hoitotahto voidaan my\u00f6s tallettaa Kanta-tietokantaan.<\/p>\r\n\r\n\r\n\r\n<p>Koska hoitotahto voidaan tallettaa useaan eri paikkaan, aikaa my\u00f6ten saattaa synty\u00e4 saman henkil\u00f6n useita hoitotahtoja, jotka voivat olla ristiriitaisia. T\u00e4t\u00e4 ongelmaa ei viel\u00e4 ole ratkottu.<\/p>\r\n\r\n\r\n\r\n<p>On my\u00f6s l\u00e4\u00e4k\u00e4reit\u00e4, jotka eiv\u00e4t oikeastaan halua tunnustaa potilaan oikeutta kielt\u00e4\u00e4 hoitoa, jopa yleis\u00f6osaston kirjoituksissa. T\u00e4llainen v\u00e4hent\u00e4\u00e4 hoitotahdon uskottavuutta.<\/p>\r\n\r\n\r\n\r\n<p>Ei ole ep\u00e4tavallista, ett\u00e4 omaiset vaativat jotain hoitoa, kun potilas itse ei kykene p\u00e4\u00e4t\u00f6ksiin. Sellaiset omaiset voivat uhata oikeudenk\u00e4ynnill\u00e4 tai jotain vastaavalla. Omaiset sivuuttavat t\u00e4ll\u00f6in hoitotahdon kokonaan. Sellaisessa tilanteessa hoitohenkil\u00f6kunta saattaa valita helpomman tien, syrj\u00e4ytt\u00e4\u00e4 hoitotahto ja noudattaa omaisten vaatimuksia. Potilas saattaa t\u00e4ll\u00f6in joutua k\u00e4rsim\u00e4\u00e4n pitemp\u00e4\u00e4n. Hoitotahdossa voi kielt\u00e4\u00e4 omaisten kuulemisen ja antaa p\u00e4\u00e4t\u00f6kset kokonaan hoitohenkil\u00f6kunnalle.<\/p>\r\n\r\n\r\n\r\n<p>Hyvinvointialueet ovat melko itsen\u00e4isi\u00e4 hankkiessaan tietoj\u00e4rjestelmi\u00e4. Hyv\u00e4 yhteensopivuus muiden vastaavien tietoj\u00e4rjestelmien kanssa ei ole saanut korkeaa prioriteettia. Potilaat ovat olleet alueellisten organisaatioiden potilaita, ei valtakunnallisen hoito-organisaation potilaita. Jos muuttaa toisen hyvinvointialueen alueelle ei saa mukaansa potilasasiakirjoja. Jonkinlaisella ty\u00f6ll\u00e4 voi kyll\u00e4 saada osia siirretty\u00e4.<\/p>\r\n\r\n\r\n\r\n<p>Hoitotahdon tulisi olla k\u00e4ytett\u00e4viss\u00e4 kaikkialla Suomessa, erityisesti akuuttihoidossa. Useat erilaiset tavat tallettaa hoitotahto on t\u00e4ss\u00e4 suhteessa ongelma.<\/p>\r\n\r\n\r\n\r\n<p>Hoitotahdon tulisi olla niin selv\u00e4 ja selke\u00e4 ettei se vaadi merkitt\u00e4v\u00e4\u00e4 tulkintaa ja p\u00e4tee tuomioistuimessa. Hoitotahto tulisi muotoilla sellaiseksi, ett\u00e4 hoitohenkil\u00f6kunnalla on selv\u00e4 velvoite noudattaa sit\u00e4. Hoitotahtoon ei tulisi sis\u00e4llytt\u00e4\u00e4 sosiaalipuolen asioita, esim. hoiva-asioita, eik\u00e4 my\u00f6sk\u00e4\u00e4n muuta, joka ei kuulu terveyssektoriin. Akuuttihoidossa on usein kiire ja siksi hoitotahdon tulee olla lyhyt ja ytimek\u00e4s.<\/p>\r\n\r\n\r\n\r\n<p>My\u00f6s lains\u00e4\u00e4d\u00e4nt\u00f6 on vanha ja hieman ep\u00e4tarkka. Hoitotahto voidaan ymm\u00e4rt\u00e4\u00e4 henkil\u00f6n itsem\u00e4\u00e4r\u00e4misoikeutena, juridinen oikeus, tai yhten\u00e4 monista n\u00e4k\u00f6kulmista, joita l\u00e4\u00e4k\u00e4ri voi tulkita melko vapaasti.<\/p>\r\n\r\n\r\n\r\n<p>Hoitotahto on selv\u00e4sti vaikein niist\u00e4 dokumenteista, joita k\u00e4sitell\u00e4\u00e4n n\u00e4ill\u00e4 sivuilla. Hoitotahto riippuu el\u00e4m\u00e4nkatsomuksesta, mielipiteist\u00e4, tunteista ja muista n\u00e4k\u00f6kulmista.<\/p>\r\n\r\n\r\n\r\n<p>Kaikki t\u00e4m\u00e4 on my\u00f6t\u00e4vaikuttanut siihen, ett\u00e4 hoitotahto ei ole saanut sellaisen merkityksen, jonka lains\u00e4\u00e4t\u00e4j\u00e4t aikanaan halusivat.<\/p>\r\n\r\n\r\n\r\n<h2><strong>Hoitotahdon erilaiset p\u00e4\u00e4periaatteet<\/strong><\/h2>\r\n\r\n\r\n\r\n<p>Hoitotahto voidaan laatia nelj\u00e4n eri p\u00e4\u00e4periaatteen mukaan:<\/p>\r\n\r\n\r\n\r\n<ul class=\"wp-block-list\">\r\n<li>luottaa l\u00e4\u00e4k\u00e4rien osaamiseen ja etiikkaan eik\u00e4 laatia hoitotahtoa;<\/li>\r\n\r\n\r\n\r\n<li>lyhyt ja hyvin yleinen hoitotahto;<\/li>\r\n\r\n\r\n\r\n<li>valita tiettyj\u00e4 hoitomuotoja, joita ei haluta; ja<\/li>\r\n\r\n\r\n\r\n<li>m\u00e4\u00e4ritell\u00e4 minimitason el\u00e4m\u00e4nlaatu, mik\u00e4 kuuluu el\u00e4misen arvoiseen el\u00e4m\u00e4\u00e4n.<\/li>\r\n<\/ul>\r\n\r\n\r\n\r\n<p>Valikossa yll\u00e4 on esimerkkej\u00e4 n\u00e4ist\u00e4.<\/p>\r\n\r\n\r\n\r\n<h3><strong>Luottaa l\u00e4\u00e4k\u00e4riin<\/strong><\/h3>\r\n\r\n\r\n\r\n<p>T\u00e4m\u00e4 on perusvaihtoehto. T\u00e4ss\u00e4 vaihtoehdossa ei laadita hoitotahtoa vaan luotetaan l\u00e4\u00e4k\u00e4rien ja muun hoitohenkil\u00f6kunnan osaamiseen ja etiikkaan. Monet valitsevat t\u00e4m\u00e4n, joko tieten tai tiet\u00e4m\u00e4tt\u00e4\u00e4n.<\/p>\r\n\r\n\r\n\r\n<p>Niin\u00e4 vuosikymmenin\u00e4, jolloin hoitotahto on sis\u00e4ltynyt lains\u00e4\u00e4d\u00e4nt\u00f6\u00f6n, on l\u00e4\u00e4k\u00e4rikunta kehitt\u00e4nyt paremman k\u00e4sityksen siit\u00e4 miss\u00e4 rajoissa el\u00e4misen arvoinen el\u00e4m\u00e4 on.<\/p>\r\n\r\n\r\n\r\n<h3><strong>Lyhyt ja yleinen hoitotahto<\/strong><\/h3>\r\n\r\n\r\n\r\n<p>T\u00e4ss\u00e4 vaihtoehdossa hoitotahto ei sis\u00e4ll\u00e4 selkeit\u00e4 hoitoa koskevia ohjeita vaan l\u00e4\u00e4k\u00e4ri joutuu tekem\u00e4\u00e4n ty\u00f6t\u00e4\u00e4n ik\u00e4\u00e4n kuin hoitotahtoa ei olisi. Hoidon kannalta t\u00e4llainen hoitotahto on melko turha.<\/p>\r\n\r\n\r\n\r\n<p>Hoitotahto voi kyll\u00e4kin sis\u00e4lt\u00e4\u00e4 muuta olennaista, esim. kielto kuulla omaisia. T\u00e4m\u00e4 voi olla tarpeen, jos on riski\u00e4 sille, ett\u00e4 omaiset rupeavat vaatimaan jotain hoitoa, siis riidan riski\u00e4. Muutakin vastaavaa voi sis\u00e4lty\u00e4.<\/p>\r\n\r\n\r\n\r\n<h3><strong>Tiettyjen hoitomuotojen kielt\u00e4minen<\/strong><\/h3>\r\n\r\n\r\n\r\n<p>T\u00e4ss\u00e4 vaihtoehdossa valitaan hoitomuotoja, jotka potilas haluaa kielt\u00e4\u00e4. Niit\u00e4 voivat olla esim.:<\/p>\r\n\r\n\r\n\r\n<ul class=\"wp-block-list\">\r\n<li>elvytys;<\/li>\r\n\r\n\r\n\r\n<li>pitk\u00e4aikainen suonensis\u00e4inen hoito sek\u00e4 letkusy\u00f6tt\u00f6;<\/li>\r\n\r\n\r\n\r\n<li>tehohoito;<\/li>\r\n\r\n\r\n\r\n<li>el\u00e4m\u00e4\u00e4 muuten pident\u00e4v\u00e4 raskas hoito; ja \/ tai<\/li>\r\n\r\n\r\n\r\n<li>amputaatio.<\/li>\r\n<\/ul>\r\n\r\n\r\n\r\n<p>Kaikissa tapauksissa tulee antaa oireidenmukaista hoitoa niin ett\u00e4 potilaan el\u00e4m\u00e4nlaatu on niin hyv\u00e4 kuin mahdollista. T\u00e4m\u00e4 kyll\u00e4kin kuuluu tavanomaiseen hoitoon mutta voidaan sis\u00e4llytt\u00e4\u00e4 hoitotahtoon.<\/p>\r\n<p>Hoitotahto voi olla rajoitettu elvytyskieltoon, er\u00e4s tapa kielt\u00e4\u00e4 hoitomuoto. Eritt\u00e4in yksinkertainen tapa on tatuoidairjaimet DNR rintakeh\u00e4\u00e4n. DNR tarkoittaa Do Not Resuscitate ja on lyhenne jonka l\u00e4hes kaikki l\u00e4\u00e4k\u00e4rit tuntevat, ymp\u00e4ri maailman.<\/p>\r\n\r\n\r\n\r\n<h3><strong>El\u00e4m\u00e4nlaatu <br \/><\/strong><\/h3>\r\n\r\n\r\n\r\n<p>T\u00e4ss\u00e4 vaihtoehdossa henkil\u00f6 m\u00e4\u00e4rittelee el\u00e4m\u00e4nlaadun minimitason, el\u00e4misen arvoisen el\u00e4m\u00e4n v\u00e4himm\u00e4isasiat.Keskeisi\u00e4 osoituksia voivat olla:<\/p>\r\n\r\n\r\n\r\n<ul class=\"wp-block-list\">\r\n<li>tunnistanko omaiseni ja iloitsenko niiden tapaamisesta?<\/li>\r\n\r\n\r\n\r\n<li>onko minulla hyv\u00e4\u00e4 sosiaalista kanssak\u00e4ymist\u00e4?<\/li>\r\n\r\n\r\n\r\n<li>iloitsenko ruokailusta?<\/li>\r\n\r\n\r\n\r\n<li>nukunko p\u00e4\u00e4s\u00e4\u00e4nt\u00f6isesti hyvin?<\/li>\r\n\r\n\r\n\r\n<li>pystynk\u00f6 itse nousemaan s\u00e4ngyst\u00e4?<\/li>\r\n<\/ul>\r\n\r\n\r\n\r\n<p>Useimmat tai kaikki n\u00e4ist\u00e4 tulee saada vastauksen &#8221;kyll\u00e4&#8221; jotta el\u00e4m\u00e4 olisi el\u00e4misen arvoista.<\/p>\r\n\r\n\r\n\r\n\r\n\r\n<p>Jos tulkinta on, ett\u00e4 el\u00e4m\u00e4 ei ole el\u00e4misen arvoista niin p\u00e4\u00e4tet\u00e4\u00e4n ett\u00e4 potilas saa palliatiivista hoitoa, siis vain oireenmukaista hoitoa eik\u00e4 sellaista hoitoa, joka pident\u00e4\u00e4 el\u00e4m\u00e4\u00e4. T\u00e4h\u00e4n p\u00e4\u00e4t\u00f6kseen sis\u00e4ltyy my\u00f6s elvytyskielto, DNR. T\u00e4ll\u00f6in luonnollinen kuolema tulee, kun on tullakseen.<\/p>\r\n\r\n\r\n\r\n<p>Hoitotahto voi my\u00f6s olla rajoitettu elvytyskieltoon. Silloin on yksinkertainen tapa tatuoida lyhenne DNR rintakeh\u00e4\u00e4n. DNR tarkoittaa Do Not Resuscitate ja on maailmanlaajuisesti tunnettu. Tatuoinnin voi my\u00f6s tehd\u00e4, vaikka olisikin laajempi hoitotahto.<\/p>\r\n\r\n\r\n\r\n<p>T\u00e4llainen hoitotahto olisi hyv\u00e4 tarkistaa hoivakodissa esim. vuosittain.<\/p>\r\n\r\n\r\n\r\n<h2><strong>Salassapito<\/strong><\/h2>\r\n\r\n\r\n\r\n<p>Hoitotahto on terveyssektorin potilasasiakirja, joka lain mukaan on salassa pidett\u00e4v\u00e4, ellei potilas itse anna lupaa poiketa siit\u00e4. Hoitotahto sek\u00e4 sen perusteella teht\u00e4v\u00e4 p\u00e4\u00e4t\u00f6s, joka sis\u00e4lt\u00e4\u00e4 p\u00e4\u00e4t\u00f6ksen palliatiivisesta hoidosta sek\u00e4 p\u00e4\u00e4t\u00f6s palliatiivisesta hoidosta tulisi potilaan luvalla antaa tiedoksi hoivapaikkaan, jotta potilasta ei turhaan l\u00e4hetett\u00e4isi akuuttihoitoon. Lupa tulisi sis\u00e4llytt\u00e4\u00e4 hoitotahtoon.<\/p>\r\n\r\n\r\n\r\n<h2><strong>Omaiset<\/strong><\/h2>\r\n\r\n\r\n\r\n<p>Tullessaan sairaalaan tai muuhun hoitopaikkaan potilaalta kysyt\u00e4\u00e4n usein omaisten nimi\u00e4 ja yhteystietoja. N\u00e4m\u00e4 nimet tulisi selvyyden vuoksi olla yhtenevi\u00e4 hoitotahdon ja edunvalvontavaltakirjan kanssa.<\/p>\r\n\r\n\r\n\r\n\r\n\r\n<h2><strong>Hoitokustannukset<\/strong><\/h2>\r\n\r\n\r\n\r\n<p>Terveyshoito on voimakkaasti subventoitu. Potilas maksaa julkisen sektorin antamasta hoidosta ainoastaan melko v\u00e4h\u00e4isen k\u00e4ynti- tai p\u00e4iv\u00e4maksun riippumatta todellisista kustannuksista.<\/p>\r\n\r\n\r\n\r\n<p>Jotkin hoitovaihtoehdot voivat tuoda korkeampia kustannuksia. Jos potilas ei itse kykene hoitamaan asioitaan tulee ottaa yhteytt\u00e4 henkil\u00f6\u00f6n, joka hoitaa potilaan edunvalvontaa, jotta hoitopaikka saa sitoumuksen, ett\u00e4 kalliimpi hoito maksetaan.<\/p>\r\n\r\n\r\n\r\n<h2 class=\"wp-block-heading\">Edunvalvonnan kanssa koordinointi<\/h2>\r\n\r\n\r\n\r\n<p>Hoitotahto tulee koordinoida edunvalvonnan kanssa, joko edunvalvontavaltuutetun (jos on vahvistettu edunvalvontavaltakirja) tai edunvalvojan (jos on m\u00e4\u00e4r\u00e4tty sellainen holhouslains\u00e4\u00e4d\u00e4nn\u00f6n mukaan) kanssa. Siksi valtuutetulla tai edunvalvojalla tulisi olla hoitotahto.<\/p>\r\n\r\n\r\n\r\n<h2><strong>Hoitotahdon esimerkkej\u00e4 <br \/><\/strong><\/h2>\r\n\r\n\r\n\r\n<p>T\u00e4ss\u00e4 sivustossa on muutamia tekstimuotoisen hoitotahdon esimerkkej\u00e4 jotka l\u00f6ytyv\u00e4t yll\u00e4 olevasta valikosta.<\/p>\r\n<p>Lomakkeen laadinta on vaikeaa koska jokaisella on oma tilanne ja oma tahto eik\u00e4 kaavamainen lomake yleens\u00e4 sovellu.<\/p>\r\n\r\n\r\n\r\n<p>Ruotsinkieliset voivat hyvin tehd\u00e4 kaksikielisen hoitotahdon, koska etenkin akuuttihoidossa ei useinkaan ole ruotsin kielen osaajia, eik\u00e4 k\u00e4\u00e4nt\u00e4miseen ole aikaa kiireess\u00e4. K\u00e4ytt\u00f6kelpoinen tapa on kirjoittaa kaksipalstaisen vaakasuoran dokumentin, kummallakin kielell\u00e4 oma palsta.<\/p>\r\n\r\n\r\n\r\n<p>26.2.2026<\/p>\r\n","protected":false},"excerpt":{"rendered":"<p>Hoito tarkoittaa t\u00e4ss\u00e4 yhteydess\u00e4 l\u00e4\u00e4ketieteellist\u00e4 hoitoa, l\u00e4\u00e4kehoitoa, terapiaa, leikkausta tai vastaavaa. Kaikki t\u00e4m\u00e4 kuuluu terveyssektoriin ja silloin olet potilas. Terveyssektorissa on tiukat s\u00e4\u00e4nn\u00f6t salassapidolle. Julkinen terveyssektori on voimakkaasti tuettu verovaroista. Asuminen, ruoka, vaatetus, tekemiset ym. ei-l\u00e4\u00e4ketieteelliset asiat ovat hoivaa eik\u00e4 terveyssektorin henkil\u00f6kunta huolehdi n\u00e4ist\u00e4. Hoiva-asioissa olet asiakas, et potilas. Hoiva on osa sosiaalisektoria ja se [&hellip;]<\/p>\n","protected":false},"author":1,"featured_media":0,"parent":36,"menu_order":0,"comment_status":"closed","ping_status":"closed","template":"","meta":{"advanced_seo_description":"","jetpack_seo_html_title":"","jetpack_seo_noindex":false,"footnotes":""},"class_list":["post-47","page","type-page","status-publish","hentry","entry"],"jetpack_sharing_enabled":true,"_links":{"self":[{"href":"https:\/\/syyspuolenturva.fi\/index.php\/wp-json\/wp\/v2\/pages\/47","targetHints":{"allow":["GET"]}}],"collection":[{"href":"https:\/\/syyspuolenturva.fi\/index.php\/wp-json\/wp\/v2\/pages"}],"about":[{"href":"https:\/\/syyspuolenturva.fi\/index.php\/wp-json\/wp\/v2\/types\/page"}],"author":[{"embeddable":true,"href":"https:\/\/syyspuolenturva.fi\/index.php\/wp-json\/wp\/v2\/users\/1"}],"replies":[{"embeddable":true,"href":"https:\/\/syyspuolenturva.fi\/index.php\/wp-json\/wp\/v2\/comments?post=47"}],"version-history":[{"count":10,"href":"https:\/\/syyspuolenturva.fi\/index.php\/wp-json\/wp\/v2\/pages\/47\/revisions"}],"predecessor-version":[{"id":389,"href":"https:\/\/syyspuolenturva.fi\/index.php\/wp-json\/wp\/v2\/pages\/47\/revisions\/389"}],"up":[{"embeddable":true,"href":"https:\/\/syyspuolenturva.fi\/index.php\/wp-json\/wp\/v2\/pages\/36"}],"wp:attachment":[{"href":"https:\/\/syyspuolenturva.fi\/index.php\/wp-json\/wp\/v2\/media?parent=47"}],"curies":[{"name":"wp","href":"https:\/\/api.w.org\/{rel}","templated":true}]}}