{"id":42,"date":"2024-10-04T17:59:03","date_gmt":"2024-10-04T17:59:03","guid":{"rendered":"https:\/\/syyspuolenturva.fi\/?page_id=42"},"modified":"2026-01-26T08:45:38","modified_gmt":"2026-01-26T06:45:38","slug":"edunvalvonta","status":"publish","type":"page","link":"https:\/\/syyspuolenturva.fi\/index.php\/alku\/edunvalvonta\/","title":{"rendered":"Edunvalvonta"},"content":{"rendered":"\r\n<p><img data-recalc-dims=\"1\" loading=\"lazy\" decoding=\"async\" class=\"size-medium wp-image-78 alignright\" src=\"https:\/\/i0.wp.com\/syyspuolenturva.fi\/wp-content\/uploads\/2024\/10\/AT-bild1.jpg?resize=295%2C300&#038;ssl=1\" alt=\"\" width=\"295\" height=\"300\" srcset=\"https:\/\/i0.wp.com\/syyspuolenturva.fi\/wp-content\/uploads\/2024\/10\/AT-bild1.jpg?resize=295%2C300&amp;ssl=1 295w, https:\/\/i0.wp.com\/syyspuolenturva.fi\/wp-content\/uploads\/2024\/10\/AT-bild1.jpg?w=358&amp;ssl=1 358w\" sizes=\"auto, (max-width: 295px) 100vw, 295px\" \/>Kuka hoitaa asiasi, jos et en\u00e4\u00e4 kykene siihen, tapaturman, sairauden, vanhenemisen tai muun syyn vuoksi? Silloin sin\u00e4 ei k\u00e4yt\u00e4nn\u00f6ss\u00e4 ole oikeustoimikelpoinen.<\/p>\r\n\r\n\r\n\r\n<p>T\u00e4ll\u00e4 sivulla kerrotaan edunvalvonnan p\u00e4\u00e4vaihtoehdoista. <a href=\"https:\/\/syyspuolenturva.fi\/index.php\/perusmalli\/\" target=\"_blank\" rel=\"noopener\">Alasivulla<\/a> on suositellun vaihtoehdon, edunvalvontavaltakirjan, laadinnan ohje sek\u00e4 perusmalli. Voit muunnella perusmallia tarpeesi mukaan.<\/p>\r\n<p>Edunvalvontavaltakirjamenettely luotiin jotta<\/p>\r\n<ul>\r\n<li>valtuuttaja saa tahtonsa selv\u00e4ksi;<\/li>\r\n<li>valtuuttaja saa itse valita henkil\u00f6t jotka hoitavat asiat; ja<\/li>\r\n<li>v\u00e4hennetty\u00e4 byrokratiaa.<\/li>\r\n<\/ul>\r\n\r\n\r\n\r\n<p>Kukaan toinen ei saa hoitaa asioitasi ilman virallista oikeutta siihen. Ei riit\u00e4, ett\u00e4 on lapsesi tai aviopuolisosi, eik\u00e4 suullinen valtuutus riit\u00e4 koska sit\u00e4 ei voi todistaa.<\/p>\r\n\r\n\r\n\r\n<p>Edunvalvontavaltakirja voi kattaa kaikki talousasiat mutta my\u00f6s muuta, veroasioita, sosiaaliasiat, p\u00e4\u00e4t\u00f6ksi\u00e4 sek\u00e4 hoidosta ett\u00e4 hoivasta, yleens\u00e4 niin kuin itse tahdot ja toivot.<\/p>\r\n\r\n\r\n\r\n<h2 class=\"wp-block-heading\">P\u00e4\u00e4vaihtoehdot<\/h2>\r\n\r\n\r\n\r\n<p>Edunvalvonnan kolme p\u00e4\u00e4vaihtoehtoa ovat:<\/p>\r\n\r\n\r\n\r\n<ul class=\"wp-block-list\">\r\n<li>kukaan ei hoida, mit\u00e4\u00e4n ei ole valmisteltu, kenell\u00e4k\u00e4\u00e4n ei ole virallisia valtuuksia;<\/li>\r\n\r\n\r\n\r\n<li>edunvalvontavaltakirja (jolle on oma <a href=\"https:\/\/www.finlex.fi\/fi\/lainsaadanto\/2007\/648\">laki<\/a>); sek\u00e4<\/li>\r\n\r\n\r\n\r\n<li>edunvalvoja (<a href=\"https:\/\/www.finlex.fi\/fi\/lainsaadanto\/1999\/442\">holhoustoimilains\u00e4\u00e4d\u00e4nn\u00f6n<\/a>\u00a0mukaan, luonteeltaan viimeinen vaihtoehto).<\/li>\r\n<\/ul>\r\n\r\n\r\n\r\n<p>Ole tarkkana terminologian osalta, se on hankala. \u00c4l\u00e4 k\u00e4yt\u00e4 termi\u00e4 edunvalvoja edunvalvontavaltakirjan valtuutetusta. Muista my\u00f6s, ett\u00e4 maistraatti on fuusioitu ja teht\u00e4v\u00e4t hoitaa nyky\u00e4\u00e4n Digi- ja v\u00e4est\u00f6tietovirasto (DVV).<\/p>\r\n\r\n\r\n\r\n<p>Edunvalvontavaltakirjan vahvistaminen tai edunvalvojan m\u00e4\u00e4r\u00e4\u00e4minen ei tarkoita, ett\u00e4 henkil\u00f6 menett\u00e4isi oikeustoimikelpoisuuden. Voit edelleen hoitaa asioitasi vaikkakin rajoitetusti.<\/p>\r\n\r\n\r\n\r\n<h3 class=\"wp-block-heading\">Kukaan ei hoida<\/h3>\r\n\r\n\r\n\r\n<p>Jos kenell\u00e4k\u00e4\u00e4n ei ole virallista oikeutta monet asiat j\u00e4\u00e4v\u00e4t hoitamatta. Pahimmillaan laskusi menev\u00e4t ulosottoon, taloyhti\u00f6 ottaa asunnon haltuun, kukaan ei p\u00e4\u00e4t\u00e4 hoidon ja hoivan kustannuksista, ym.<\/p>\r\n\r\n\r\n\r\n<h3 class=\"wp-block-heading\">Edunvalvontavaltakirja<\/h3>\r\n\r\n\r\n\r\n<p>Laki edunvalvontavaltuutuksesta luotiin, jotta saataisiin helpompi ja kevyempi edunvalvontamenettely, jossa valtuutettu saa itse m\u00e4\u00e4r\u00e4t\u00e4 mist\u00e4 asioista annetaan valtuutus sek\u00e4 kenelle valtuutus annetaan. Valtuutus on tahdonilmaisu (min\u00e4 valtuutan &#8230;) joka toteutetaan valtakirjalla. Holhouslains\u00e4\u00e4d\u00e4nt\u00f6 oli p\u00e4\u00e4osin viranomaisvaltuutusta varten, ja se j\u00e4i viime k\u00e4den mahdollisuudeksi.<\/p>\r\n\r\n\r\n\r\n<p>Valtakirjassa voit itse antaa valtuuksia asioittesi hoitoa varten, jos et itse kykene. Valtuutuksen annat antamalla edunvalvontavaltakirjan, johon valtuutus sis\u00e4ltyy. Valtuutettu (ei siis edunvalvoja) hoitaa asiasi valtakirjan antamissa rajoissa sitten kun valtakirja vahvistetaan. Valtakirjassa tulisi my\u00f6s sis\u00e4lty\u00e4 varahenkil\u00f6it\u00e4 (toissijainen valtuutettu ja varavaltuutettu), mieluiten my\u00f6s perheen ulkopuolinen varavaltuutettu esteellisyystapauksien varalta.<\/p>\r\n<p>Kun ker\u00e4\u00e4t tietoa siit\u00e4 mit\u00e4 voi ottaa mukaan edunvalvontavaltakirjaan on t\u00e4rke\u00e4t\u00e4 selvitt\u00e4\u00e4 esteellisyystilanteet joissa valtuutetulla ei ole oikeutta edustaa valtakirjanantajaa. Yksi esimerki on jos valtakirjanantajan puoliso kuolee. Silloin perheenj\u00e4senill\u00e4 (esim. lapset) ei ole oikeutta edustaa valtakirjanantajaa kuolinpes\u00e4ss\u00e4 koska itse ovat kuolinpes\u00e4n osaomistajia. Toinen esimerkki on selllaiset kaupat joissa perheenj\u00e4sen haluaa ostaa jotain (esim. kes\u00e4m\u00f6kki) valtakirjanantajalta, tai lahja perheenj\u00e4senelle. Perheenj\u00e4senet ovat liian l\u00e4heist\u00e4 sukua ostajan tai lanhjansaajan kanssa.\u00a0<\/p>\r\n<p>Laki ei m\u00e4\u00e4rittele mit\u00e4 edunvalvontavaltakirjaan otetaan mukaan, se on jokaisen itse p\u00e4\u00e4tett\u00e4v\u00e4. Esim. valvontaa ja raportointia ei tarvitse ottaa mukaan mutta yleens\u00e4 on syyt\u00e4 ottaa ne mukaan. Jos valtakirja on tarkoitettu kattamaan my\u00f6s kiinteist\u00f6asioita ne t\u00e4ytyy ottaa mukaan valtakirjaan.<\/p>\r\n<p>Edunvalvontavaltuutus ei tule voimaan ennenkuin se todella tarvitaan ja vahvistetaan. Edunvalvontavaltuutus lakkaa olemasta voimassa lain mukaan kun:<\/p>\r\n<ul>\r\n<li>valtuutus peruutetaan;<\/li>\r\n<li>valtuuttaja kuolee, jolloin kaikki asiat siirtyv\u00e4t kuolinpes\u00e4n hoitoon; tai<\/li>\r\n<li>valtuutettu ilmoittaa holhousviranomaiselle luopuvansa teht\u00e4v\u00e4st\u00e4.<\/li>\r\n<\/ul>\r\n<p>Jos valtuuttajalle m\u00e4\u00e4r\u00e4t\u00e4\u00e4n edunvalvoja holhoustoimilains\u00e4\u00e4d\u00e4nn\u00f6n mukaan, valtuutus lakkaa olemasta voimassa silt\u00e4 osalta kuin edunvalvojan teht\u00e4viin kuuluu huolehtia niist\u00e4 asioista, joita valtuutus koskee. On tapahtunut ett\u00e4 edunvalvoja on m\u00e4\u00e4r\u00e4tty ottamatta yhteytt\u00e4 omaisiin. T\u00e4ll\u00f6in valtakirjalla ei ole juurikaan merkityst\u00e4. On tapahtunut ett\u00e4 edunvalvoja on m\u00e4\u00e4r\u00e4tty vaikka edunvalvontavaltakirja on laadittu. Edunvalvojan m\u00e4\u00e4r\u00e4\u00e4misest\u00e4 aloite usein tulee joko pankista (laskuja ei makseta ym.), hoivakodista (seuraavat asukkaitaan) tai sosiaaliviranomaisilta (nykytailanteessa hyvinvointialue). Ainakin jotkin hyvinvointialueet seuraavat asiakkaidensa tilannetta ja siin\u00e4 yhteydess\u00e4 rekister\u00f6iv\u00e4t tietoa ett\u00e4 valtakirja on laadittu. Voi olla hyv\u00e4 ilmoittaa pankille ja hoivakodille ett\u00e4 valtakirja on laadittu, ajoissa ennen tarvetta vahvistaa valtakirja.\u00a0<\/p>\r\n\r\n\r\n\r\n<p>Valtakirja voidaan tehd\u00e4 useana alkuper\u00e4iskappaleena. Joka tapauksessa yksi alkuper\u00e4iskappale tulee antaa valtuutetulle s\u00e4ilytett\u00e4v\u00e4ksi koska h\u00e4nen tulee aikanaan vied\u00e4 alkuper\u00e4iskappale DVV:hen yhdess\u00e4 l\u00e4\u00e4k\u00e4rintodistuksen ja joidenkin muiden asiakirjojen kanssa vahvistusta varten. Todistukselle on oma lomake. L\u00e4\u00e4k\u00e4rin tulee todistuksessa todeta, ett\u00e4 valtuuttaja ei en\u00e4\u00e4 ole kykenev\u00e4 hoitamaan asioitaan vaan valtakirjan valtuutus tulee vahvistaa. Vahvistus edellytt\u00e4\u00e4, ett\u00e4 valtakirja on tehty oikein. Valtakirjaa ei voi rekister\u00f6id\u00e4 etuk\u00e4teen, se on yleinen v\u00e4\u00e4rink\u00e4sitys.<\/p>\r\n\r\n\r\n\r\n<p>On huomattava, ett\u00e4 DVV nyky\u00e4\u00e4n vahvistaa valtuutuksen henkil\u00f6 kerrallaan, ei koko valtuutusta eik\u00e4 koko valtakirjaa. Jos valtuutusta ei voida antaa on liian my\u00f6h\u00e4ist\u00e4 tehd\u00e4 uusi koska valtuuttaja yleens\u00e4 ei ole siihen en\u00e4\u00e4 kykenev\u00e4.<\/p>\r\n<p>On varminta k\u00e4ytt\u00e4\u00e4 juristia jotta valtakirja laaditaan oikein niin ett\u00e4 sit\u00e4 ei hyl\u00e4t\u00e4. N\u00e4iden sivujen perusmalli on tarkoitettu keitti\u00f6p\u00f6yt\u00e4keskusteluihin ennen yhteydenottoa juristiin.<\/p>\r\n<p>On henkil\u00f6it\u00e4 &#8211; my\u00f6s juristeja &#8211; joiden mielest\u00e4 valtakirjan valtuutus riitt\u00e4\u00e4. Jos valtakirja laaditaan niin lyhyeksi se ei sis\u00e4ll\u00e4 valtuuttajan tahtoa eri asioista.<\/p>\r\n\r\n\r\n\r\n<p>Vahvistuksen j\u00e4lkeen valtuutettu toimittaa omaisuusluettelon DVV:lle. Muu valvonta sek\u00e4 raportointi tulee m\u00e4\u00e4ritell\u00e4 valtakirjassa. Lopputilitys on annettava.<\/p>\r\n\r\n\r\n\r\n<h3 class=\"wp-block-heading\">Edunvalvoja &#8211; viimeinen vaihtoehto<\/h3>\r\n\r\n\r\n\r\n<p>Jos asiat j\u00e4\u00e4v\u00e4t hoitamatta eik\u00e4 voimassa olevaa edunvalvontavaltakirjaa ole voidaan m\u00e4\u00e4r\u00e4t\u00e4 edunvalvoja holhoustoimilains\u00e4\u00e4d\u00e4nn\u00f6n mukaan.<\/p>\r\n\r\n\r\n\r\n<p>Edunvalvojaa ei m\u00e4\u00e4r\u00e4t\u00e4 automaattisesti. Aloite voi tulla joko henkil\u00f6lt\u00e4 itselt\u00e4\u00e4n, omaisilta tai muilta tahoilta, esim. pankki, sosiaaliviranomaiset, terveysviranomaiset, kun huomaavat ett\u00e4 asiat j\u00e4\u00e4v\u00e4t hoitamatta. Sosiaalitoimelle voi kuka tahansa tehd\u00e4 huoli-ilmoituksen. Aloite edunvalvojan m\u00e4\u00e4r\u00e4\u00e4miseksi tehd\u00e4\u00e4n DVV:lle, joka tutkii asian.<\/p>\r\n\r\n\r\n\r\n<p>Edunvalvojana voi toimia DVV:n virkaedunvalvoja tai joku muu. My\u00f6s omainen voi toimia edunvalvojana. Jos haet itsellesi edunvalvojaa DVV voi nimitt\u00e4\u00e4 edunvalvojan. Muussa tapauksessa DVV hakee p\u00e4\u00e4t\u00f6st\u00e4 edunvalvojasta tuomioistuimelta. T\u00e4m\u00e4 voi kest\u00e4\u00e4, jopa yli vuoden.<\/p>\r\n\r\n\r\n\r\n<p>Edunvalvoja hoitaa ainoastaan taloudellisia asioita sek\u00e4 joitakin muita laissa m\u00e4\u00e4riteltyj\u00e4 asioita. Edunvalvontavaltakirjaan voidaan sis\u00e4llytt\u00e4\u00e4 muitakin asioita, esim. hoitoa ja hoivaa. Virkaedunvalvojalla on harvoin tietoja p\u00e4\u00e4miehen tahdosta.<\/p>\r\n\r\n\r\n\r\n<p>Virkaedunvalvojalla on useimmiten satoja asiakkaita eik\u00e4 siten ole mahdollisuuksia mietti\u00e4 aikaa vievi\u00e4 asioita. My\u00f6s omainen voi hakemuksesta toimia edunvalvojana. T\u00e4m\u00e4 voi olla hyv\u00e4 ratkaisu, ett\u00e4 saadaan asiat hoidettua huolellisuudella, kun t\u00e4llaisella edunvalvojalla on aikaa ja resursseja. Tosin omainen voi tietyiss\u00e4 asioissa olla esteellinen, ja silloin tarvitaan rinnalle toinen edunvalvoja t\u00e4t\u00e4 asiaa varten.<\/p>\r\n\r\n\r\n\r\n\r\n\r\n<p>Edunvalvoja tekee ty\u00f6t\u00e4 ja raportoi toiminnastaan DVV:lle, ei omaisille. Toiminta ja tarkastukset ovat veloitettavaa toimintaa. Tavallisesti lopputilitys tehd\u00e4\u00e4n kuolinpes\u00e4lle.<\/p>\r\n<h2>V\u00e4ltt\u00e4m\u00e4t\u00f6n byrokratia<\/h2>\r\n<p>DVV on velvollinen yll\u00e4pit\u00e4m\u00e4\u00e4n holhousasioiden rekisteri\u00e4. Kun DVV vahvistaa edunvalvontavaltakirjan johon sis\u00e4ltyy oikeus hoitaa valtuuttajan edustaminen taloudellisissa asioissa (n\u00e4in on l\u00e4hes aina) on valtuutus merkitt\u00e4v\u00e4 holhousasioiden rekisteriin. Merkint\u00e4\u00e4n kuuluu valtuutetun nimi ja yhteystiedot. T\u00e4st\u00e4 syyst\u00e4 valtakirjan vahvistaminen haetaan ja tehd\u00e4\u00e4n kullekin henkil\u00f6lle erikseen.<\/p>\r\n<p>Koska my\u00f6s varavaltuutettu saattaa joutua tekem\u00e4\u00e4n valtuuttajan taloudellisissa asioissa p\u00e4\u00e4t\u00f6ksi\u00e4, on t\u00e4llaisen varavaltuutetun haettava itselleen valtakirjan vahvistus. Hakemuksessa on selostettava mink\u00e4laisia taloudellisia p\u00e4\u00e4t\u00f6ksi\u00e4 varavaltuutettu joutuu tekem\u00e4\u00e4n.<\/p>\r\n<p>Kaikki t\u00e4m\u00e4 on v\u00e4\u00e4rink\u00e4yt\u00e4sten est\u00e4mist\u00e4 varten.<\/p>\r\n\r\n\r\n\r\n<h2 class=\"wp-block-heading\">Koordinointi hoitotahdon ja hoivatahdon kanssa<\/h2>\r\n\r\n\r\n\r\n<p>Sek\u00e4 hoitotahto ett\u00e4 hoivatahto voivat sis\u00e4lt\u00e4 sitovia ohjeita, jotka maksavat, esim. hoito \/ hoivapaikan valinta. N\u00e4m\u00e4 tulee ottaa huomioon edunvalvonnassa, helpoiten mainintana edunvalvontavaltakirjassa. Koordinointitarvetta saattaa olla, tapauksesta riippuen.<\/p>\r\n\r\n\r\n\r\n<p>Toinen koordinoitava asia on omaisen ilmoittaminen esim. sairaalaan tultaessa. Omaisen tulisi mieluiten olla joku edunvalvontavaltakirjan valtuutettu taikka mainittu hoitotahdossa tai hoivatahdossa.<\/p>\r\n\r\n\r\n\r\n<h2 class=\"wp-block-heading\">T\u00e4ydent\u00e4vi\u00e4 mahdollisuuksia<\/h2>\r\n\r\n\r\n\r\n<p>Voit my\u00f6s antaa erillisi\u00e4 valtakirjoja edunvalvontavaltakirjan lis\u00e4ksi. Ne voivat koskea apteekkia, erilaisten tilausten peruutuksia (puhelinliittym\u00e4, lehdet ym.) tai tapauksesta riippuen muita. Valtakirjoja voit my\u00f6s tehd\u00e4 digitaalisesti suomi.fi-sivustossa. Katso my\u00f6s digitestamenttia.<\/p>\r\n\r\n\r\n\r\n<h2 class=\"wp-block-heading\">Milloin edunvalvontavaltakirja tulisi tehd\u00e4?<\/h2>\r\n\r\n\r\n\r\n<p>Vastaus on yksinkertainen mutta vaikea: ennen kuin on liian my\u00f6h\u00e4\u00e4n. Esim. pankit ovat sanoneet, ett\u00e4 valtakirja tulisi tehd\u00e4 jos hankkii asunnon, menee naimisiin tai saa lapsen. Jos olet el\u00e4kel\u00e4inen, parasta olisi tehd\u00e4 heti. Moni on kertonut helpotuksen tunteesta kun on tehnyt valtakirjan. &#8221;nyt voin vanheta turvallisesti&#8221;.<\/p>\r\n\r\n\r\n\r\n<p>Jos ei tee valtakirjaa ajoissa tai jos valtakirjaa ei voi vahvistaa on ainoa t\u00e4ysipainoinen vaihtoehto holhoustoimilains\u00e4\u00e4d\u00e4nn\u00f6n mukainen edunvalvoja. Se prosessi voi olla raskas kaikille, my\u00f6s omaisille.<\/p>\r\n\r\n\r\n\r\n<p>26.1.2026<\/p>\r\n","protected":false},"excerpt":{"rendered":"<p>Kuka hoitaa asiasi, jos et en\u00e4\u00e4 kykene siihen, tapaturman, sairauden, vanhenemisen tai muun syyn vuoksi? Silloin sin\u00e4 ei k\u00e4yt\u00e4nn\u00f6ss\u00e4 ole oikeustoimikelpoinen. T\u00e4ll\u00e4 sivulla kerrotaan edunvalvonnan p\u00e4\u00e4vaihtoehdoista. Alasivulla on suositellun vaihtoehdon, edunvalvontavaltakirjan, laadinnan ohje sek\u00e4 perusmalli. Voit muunnella perusmallia tarpeesi mukaan. Edunvalvontavaltakirjamenettely luotiin jotta valtuuttaja saa tahtonsa selv\u00e4ksi; valtuuttaja saa itse valita henkil\u00f6t jotka hoitavat asiat; [&hellip;]<\/p>\n","protected":false},"author":1,"featured_media":0,"parent":36,"menu_order":0,"comment_status":"closed","ping_status":"closed","template":"","meta":{"advanced_seo_description":"","jetpack_seo_html_title":"","jetpack_seo_noindex":false,"footnotes":""},"class_list":["post-42","page","type-page","status-publish","hentry","entry"],"jetpack_sharing_enabled":true,"_links":{"self":[{"href":"https:\/\/syyspuolenturva.fi\/index.php\/wp-json\/wp\/v2\/pages\/42","targetHints":{"allow":["GET"]}}],"collection":[{"href":"https:\/\/syyspuolenturva.fi\/index.php\/wp-json\/wp\/v2\/pages"}],"about":[{"href":"https:\/\/syyspuolenturva.fi\/index.php\/wp-json\/wp\/v2\/types\/page"}],"author":[{"embeddable":true,"href":"https:\/\/syyspuolenturva.fi\/index.php\/wp-json\/wp\/v2\/users\/1"}],"replies":[{"embeddable":true,"href":"https:\/\/syyspuolenturva.fi\/index.php\/wp-json\/wp\/v2\/comments?post=42"}],"version-history":[{"count":23,"href":"https:\/\/syyspuolenturva.fi\/index.php\/wp-json\/wp\/v2\/pages\/42\/revisions"}],"predecessor-version":[{"id":381,"href":"https:\/\/syyspuolenturva.fi\/index.php\/wp-json\/wp\/v2\/pages\/42\/revisions\/381"}],"up":[{"embeddable":true,"href":"https:\/\/syyspuolenturva.fi\/index.php\/wp-json\/wp\/v2\/pages\/36"}],"wp:attachment":[{"href":"https:\/\/syyspuolenturva.fi\/index.php\/wp-json\/wp\/v2\/media?parent=42"}],"curies":[{"name":"wp","href":"https:\/\/api.w.org\/{rel}","templated":true}]}}