{"id":366,"date":"2025-12-07T14:22:39","date_gmt":"2025-12-07T12:22:39","guid":{"rendered":"https:\/\/syyspuolenturva.fi\/?page_id=366"},"modified":"2026-01-01T09:43:46","modified_gmt":"2026-01-01T07:43:46","slug":"esitelmanpito","status":"publish","type":"page","link":"https:\/\/syyspuolenturva.fi\/index.php\/esitelmanpito\/","title":{"rendered":"Esitelm\u00e4npito"},"content":{"rendered":"<p>Jos haluat pit\u00e4\u00e4 esitelm\u00e4n tai alustaa keskustelun n\u00e4iden sivujen aiheista voit k\u00e4ytt\u00e4\u00e4 power-point-kalvoja alla.<\/p>\n<p><a href=\"https:\/\/syyspuolenturva.fi\/\">Syyspuolen turva, yhteenveto<\/a><\/p>\n<p><a href=\"https:\/\/syyspuolenturva.fi\/index.php\/alku\/edunvalvonta\/\">Edunvalvonta<\/a><\/p>\n","protected":false},"excerpt":{"rendered":"<p>Jos haluat pit\u00e4\u00e4 esitelm\u00e4n tai alustaa keskustelun n\u00e4iden sivujen aiheista voit k\u00e4ytt\u00e4\u00e4 power-point-kalvoja alla. Syyspuolen turva, yhteenveto Edunvalvonta<\/p>\n","protected":false},"author":1,"featured_media":0,"parent":0,"menu_order":0,"comment_status":"closed","ping_status":"closed","template":"","meta":{"advanced_seo_description":"","jetpack_seo_html_title":"","jetpack_seo_noindex":false,"footnotes":""},"class_list":["post-366","page","type-page","status-publish","hentry","entry"],"jetpack_sharing_enabled":true,"_links":{"self":[{"href":"https:\/\/syyspuolenturva.fi\/index.php\/wp-json\/wp\/v2\/pages\/366","targetHints":{"allow":["GET"]}}],"collection":[{"href":"https:\/\/syyspuolenturva.fi\/index.php\/wp-json\/wp\/v2\/pages"}],"about":[{"href":"https:\/\/syyspuolenturva.fi\/index.php\/wp-json\/wp\/v2\/types\/page"}],"author":[{"embeddable":true,"href":"https:\/\/syyspuolenturva.fi\/index.php\/wp-json\/wp\/v2\/users\/1"}],"replies":[{"embeddable":true,"href":"https:\/\/syyspuolenturva.fi\/index.php\/wp-json\/wp\/v2\/comments?post=366"}],"version-history":[{"count":2,"href":"https:\/\/syyspuolenturva.fi\/index.php\/wp-json\/wp\/v2\/pages\/366\/revisions"}],"predecessor-version":[{"id":372,"href":"https:\/\/syyspuolenturva.fi\/index.php\/wp-json\/wp\/v2\/pages\/366\/revisions\/372"}],"wp:attachment":[{"href":"https:\/\/syyspuolenturva.fi\/index.php\/wp-json\/wp\/v2\/media?parent=366"}],"curies":[{"name":"wp","href":"https:\/\/api.w.org\/{rel}","templated":true}]}}