{"id":254,"date":"2025-02-25T11:26:57","date_gmt":"2025-02-25T09:26:57","guid":{"rendered":"https:\/\/syyspuolenturva.fi\/?page_id=254"},"modified":"2025-10-29T08:36:39","modified_gmt":"2025-10-29T06:36:39","slug":"sivujen-tausta","status":"publish","type":"page","link":"https:\/\/syyspuolenturva.fi\/index.php\/alku\/sivujen-tausta\/","title":{"rendered":"Sivujen tausta"},"content":{"rendered":"<p><img data-recalc-dims=\"1\" loading=\"lazy\" decoding=\"async\" class=\"size-medium wp-image-78 alignright\" src=\"https:\/\/i0.wp.com\/syyspuolenturva.fi\/wp-content\/uploads\/2024\/10\/AT-bild1.jpg?resize=295%2C300&#038;ssl=1\" alt=\"teemakuva\" width=\"295\" height=\"300\" srcset=\"https:\/\/i0.wp.com\/syyspuolenturva.fi\/wp-content\/uploads\/2024\/10\/AT-bild1.jpg?resize=295%2C300&amp;ssl=1 295w, https:\/\/i0.wp.com\/syyspuolenturva.fi\/wp-content\/uploads\/2024\/10\/AT-bild1.jpg?w=358&amp;ssl=1 358w\" sizes=\"auto, (max-width: 295px) 100vw, 295px\" \/>N\u00e4m\u00e4 sivut julkaistiin maaliskuussa 2015 yhdistyksen Kotkanejdens pension\u00e4rer kotisivun alasivuina. Siihen aikaan ei tainnut olla aihepiirist\u00e4 yht\u00e4\u00e4n julkista neuvontasivustoa. Ty\u00f6ryhm\u00e4n\u00e4 oli yhdistyksen johto sek\u00e4 nettivastaava Arno Wirzenius.<\/p>\n<p>Kyn yhdistys lakkautettiin vuoden 2024 lopussa tehtiin p\u00e4\u00e4t\u00f6s ettei sivuja lakkauteta vaan sis\u00e4lt\u00f6 siirret\u00e4\u00e4n itsen\u00e4iseksi sivustoksi. T\u00e4m\u00e4 tehtiin lokakuussa 2024. T\u00e4rke\u00e4 syy oli ett\u00e4 sivuilla oli ollut 90 000 k\u00e4vij\u00e4\u00e4 olemassaolonsa aikana. Nettivastaava otti vastuun tilap\u00e4isesti kunnes l\u00f6ytyy taho joka on halukas ja pystyv\u00e4 yll\u00e4pit\u00e4m\u00e4\u00e4n niit\u00e4.<\/p>\n<p>Sivut p\u00e4ivitet\u00e4\u00e4n jatkuvasti. T\u00e4st\u00e4 syyst\u00e4 toivomme palautetta ja parannusehdotuksia.<\/p>\n<p>Sivujen nimi &#8211; Syyspuolen turva &#8211; tuli siit\u00e4, ett\u00e4 monet jotka olivat tehneet ainakin jotain n\u00e4ist\u00e4 valmisteluista vaikeita viimeisi\u00e4 vuosia varten kokivat, ett\u00e4 tuli turvattu tunne. Nyt saavat viimeiset vaikeat vuodet jos ovat tullakseen. Syyspuolen turvaa.<\/p>\n<p>29.10.2025<\/p>\n","protected":false},"excerpt":{"rendered":"<p>N\u00e4m\u00e4 sivut julkaistiin maaliskuussa 2015 yhdistyksen Kotkanejdens pension\u00e4rer kotisivun alasivuina. Siihen aikaan ei tainnut olla aihepiirist\u00e4 yht\u00e4\u00e4n julkista neuvontasivustoa. Ty\u00f6ryhm\u00e4n\u00e4 oli yhdistyksen johto sek\u00e4 nettivastaava Arno Wirzenius. Kyn yhdistys lakkautettiin vuoden 2024 lopussa tehtiin p\u00e4\u00e4t\u00f6s ettei sivuja lakkauteta vaan sis\u00e4lt\u00f6 siirret\u00e4\u00e4n itsen\u00e4iseksi sivustoksi. T\u00e4m\u00e4 tehtiin lokakuussa 2024. T\u00e4rke\u00e4 syy oli ett\u00e4 sivuilla oli ollut 90 [&hellip;]<\/p>\n","protected":false},"author":1,"featured_media":0,"parent":36,"menu_order":0,"comment_status":"closed","ping_status":"closed","template":"","meta":{"advanced_seo_description":"","jetpack_seo_html_title":"","jetpack_seo_noindex":false,"footnotes":""},"class_list":["post-254","page","type-page","status-publish","hentry","entry"],"jetpack_sharing_enabled":true,"_links":{"self":[{"href":"https:\/\/syyspuolenturva.fi\/index.php\/wp-json\/wp\/v2\/pages\/254","targetHints":{"allow":["GET"]}}],"collection":[{"href":"https:\/\/syyspuolenturva.fi\/index.php\/wp-json\/wp\/v2\/pages"}],"about":[{"href":"https:\/\/syyspuolenturva.fi\/index.php\/wp-json\/wp\/v2\/types\/page"}],"author":[{"embeddable":true,"href":"https:\/\/syyspuolenturva.fi\/index.php\/wp-json\/wp\/v2\/users\/1"}],"replies":[{"embeddable":true,"href":"https:\/\/syyspuolenturva.fi\/index.php\/wp-json\/wp\/v2\/comments?post=254"}],"version-history":[{"count":11,"href":"https:\/\/syyspuolenturva.fi\/index.php\/wp-json\/wp\/v2\/pages\/254\/revisions"}],"predecessor-version":[{"id":357,"href":"https:\/\/syyspuolenturva.fi\/index.php\/wp-json\/wp\/v2\/pages\/254\/revisions\/357"}],"up":[{"embeddable":true,"href":"https:\/\/syyspuolenturva.fi\/index.php\/wp-json\/wp\/v2\/pages\/36"}],"wp:attachment":[{"href":"https:\/\/syyspuolenturva.fi\/index.php\/wp-json\/wp\/v2\/media?parent=254"}],"curies":[{"name":"wp","href":"https:\/\/api.w.org\/{rel}","templated":true}]}}