{"id":138,"date":"2024-10-10T06:16:25","date_gmt":"2024-10-10T06:16:25","guid":{"rendered":"https:\/\/syyspuolenturva.fi\/?page_id=138"},"modified":"2025-09-11T13:37:40","modified_gmt":"2025-09-11T11:37:40","slug":"hautausohje","status":"publish","type":"page","link":"https:\/\/syyspuolenturva.fi\/index.php\/alku\/testamentti\/hautausohje\/","title":{"rendered":"Hautausohje"},"content":{"rendered":"<div id=\"content\" class=\"site-content clr\">\n<article class=\"single-page-article clr\">\n<div class=\"entry clr\">\n<p><img data-recalc-dims=\"1\" loading=\"lazy\" decoding=\"async\" class=\"size-medium wp-image-78 alignright\" src=\"https:\/\/i0.wp.com\/syyspuolenturva.fi\/wp-content\/uploads\/2024\/10\/AT-bild1.jpg?resize=295%2C300&#038;ssl=1\" alt=\"teemakuva\" width=\"295\" height=\"300\" srcset=\"https:\/\/i0.wp.com\/syyspuolenturva.fi\/wp-content\/uploads\/2024\/10\/AT-bild1.jpg?resize=295%2C300&amp;ssl=1 295w, https:\/\/i0.wp.com\/syyspuolenturva.fi\/wp-content\/uploads\/2024\/10\/AT-bild1.jpg?w=358&amp;ssl=1 358w\" sizes=\"auto, (max-width: 295px) 100vw, 295px\" \/>T\u00e4m\u00e4 sivu on tarkoitettu l\u00e4hinn\u00e4 tavallisimpia hautajaisia varten. Se on pikemmin muistilista kuin ohje.<\/p>\n<h2>M\u00e4\u00e4r\u00e4ykset hautajaisista<\/h2>\n<p>Me ihmiset olemme erilaisia, ja sill\u00e4 on suuri merkitys hautajaisj\u00e4rjestelyille.<\/p>\n<p>Toiset haluavat j\u00e4\u00e4d\u00e4 ihmisten muistiin, n\u00e4ytt\u00e4vill\u00e4 hautajaisilla ja j\u00e4rjestelyill\u00e4, toiset haluavat hiljaiset hautajaiset pelk\u00e4st\u00e4\u00e4n l\u00e4heisten kesken, ja toiset taas haluavat unohtua mahdollisimman nopeasti.<\/p>\n<p>Ensimm\u00e4inen p\u00e4\u00e4t\u00f6s on, haluaako itse m\u00e4\u00e4r\u00e4t\u00e4 hautajaisistaan vai antaako l\u00e4heisten p\u00e4\u00e4tt\u00e4.<\/p>\n<p>Jos haluaa itse m\u00e4\u00e4r\u00e4t\u00e4 hautajaisistaan voi sen tehd\u00e4 hautausohjeella. Siin\u00e4 voi m\u00e4\u00e4r\u00e4t\u00e4 mm. siunaustilaisuudesta, muistotilaisuudesta, kuolinilmoituksesta, muistokirjoituksesta, ja \/ tai haudasta. Ohjetta pidet\u00e4\u00e4n sitovana, vaikka hautaustoimilaissa k\u00e4ytet\u00e4\u00e4n sanaa toivomus. Siksi hautausohje voi v\u00e4hent\u00e4\u00e4 kiistoja hautausj\u00e4rjestelyist\u00e4. On varmempaa tehd\u00e4 erillinen ohje kuin sis\u00e4llytt\u00e4\u00e4 m\u00e4\u00e4r\u00e4ykset testamenttiin, koska testamenttia ehk\u00e4 luetaan vasta hautauksen j\u00e4lkeen.<\/p>\n<p>Suulliset ohjeet ehk\u00e4 eiv\u00e4t tavoita kaikkia niit\u00e4, jotka sittemmin osallistuvat j\u00e4rjestelyihin. Silloin on suurempi kiistojen riski.<\/p>\n<p>Seurakunnilla voi olla lomake hautajaissuunnnitelmaa varten.<\/p>\n<p>Ohje annetaan mieluummin l\u00e4heisille, jotka muutenkin j\u00e4rjest\u00e4v\u00e4t kaiken. Hautaustoimisto on hyv\u00e4ksi avuksi suunnittelussa ja etenkin toteutuksessa.<\/p>\n<p>Joillakin hautaustoimistoilla on hautaustestamentti, joka oikeastaan on etuk\u00e4teistilaus, etuk\u00e4teismaksulla tai ilman. Hautaustestamentti on my\u00f6s hautausohje.<\/p>\n<p>Juutalaisissa ja islamilaisissa hautauksissa uskonnollisilla yhteis\u00f6ill\u00e4 on keskeinen asema hautaustoimiston tilalla.<\/p>\n<p>Perheen, suvun ja oman yhteis\u00f6n perinteill\u00e4 on huomattava merkitys hautauksen eri vaiheiden suunnittelussa ja toteutuksessa. Uskonnollisilla yhteis\u00f6ill\u00e4 on omat s\u00e4\u00e4nn\u00f6t ja perinteet. Esim. juutalaisuudessa ja islamissa on m\u00e4\u00e4r\u00e4yksi\u00e4, ett\u00e4 hautaus tehd\u00e4\u00e4n nopeasti, 24 &#8211; 36\u00a0 tunnin sis\u00e4ll\u00e4. Kumpikaan ei hyv\u00e4ksy polttohautausta. Ortodoksinen kirkko suosii arkkuhautausta ja hautausta ilman tarpeetonta viivyttely\u00e4.<\/p>\n<p>Hautaus vaatii terveysviranomaisten hautausluvan.<\/p>\n<h2>Suruliputus<\/h2>\n<p>Jos kuolet kun asut hoivakodissa tai vastaavassa he hoitavat suruliputuksen. Omaiset kotona tai kotitilalla voivat hoitaa suruliputuksen, tai asunto-osakeyhti\u00f6 hoitaa sen, usein my\u00f6s ty\u00f6paikka. Suruliputus tapahtuu kuolinp\u00e4iv\u00e4n\u00e4 heti kun tieto on tullut, tai jos liputus j\u00e4isi kovin lyhyeksi niin seuraavana p\u00e4iv\u00e4n\u00e4. Suruliputuksessa lippu on koko p\u00e4iv\u00e4n puolisalossa. Jos haluaa unohtua nopeasti niin ehk\u00e4 mit\u00e4\u00e4n suruliputusta ei toteuteta.<\/p>\n<p>Hautajaisp\u00e4iv\u00e4n\u00e4 lippu on puolisalossa hautajaistilaisuuden loppuun ja nostetaan sitten t\u00e4yssalkoon.<\/p>\n<p>Suruliputus tehd\u00e4\u00e4n niin ett\u00e4 lippu ensin nostetaan t\u00e4yssalkoon ja lasketaan sitten yl\u00e4reuna kolmanneksen salon mitasta, jolloin lipun alareuna on salon puolessav\u00e4liss\u00e4. Kun lippu lasketaan, se nostetaan ensin t\u00e4yssalkoon.<\/p>\n<h2>Adressit<\/h2>\n<\/div>\n<\/article>\n<\/div>\n<p>On tavallista l\u00e4hett\u00e4\u00e4 surunvalitteluadressi tai kukkia omaisille, tai muulla tavoin osoittaa my\u00f6t\u00e4tuntoa.<\/p>\n<p>Jos haluaa unohtua nopeasti voi yritt\u00e4\u00e4, ettei tiedota kuolintapauksesta sukulaisille ja yst\u00e4ville, vaikkakin se voi olla k\u00e4yt\u00e4nn\u00f6ss\u00e4 vaikeata.<\/p>\n<h2>Arkku ja uurna<\/h2>\n<p>Yleens\u00e4 hankitaan ruumisarkku ja tarvittaessa tuhkauurna hautaustoimistosta. Jos pystyy tekem\u00e4\u00e4n kauniin uurnan itse se on henkil\u00f6kohtaisempi. Hautaustoimisto antaa ohjeita.<\/p>\n<h2>Siunaustilaisuus<\/h2>\n<p>Siunaustilaisuus on uskonnollinen tilaisuus mink\u00e4 vuoksi musiikin tulee olla uskonnollinen tai joka tapauksessa sopiva. Musiikista sovitaan kanttorin tai vastaavan kanssa.<\/p>\n<p>Hautausohjeessa voi m\u00e4\u00e4r\u00e4t\u00e4 joko siunaustilaisuuden p\u00e4\u00e4piirteist\u00e4 tai tilaisuuden koko ohjelmasta yksityiskohtaisesti, mukaan laskien papin valinta, ohjelma ja musiikki sek\u00e4 mit\u00e4 papin puheen tulisi sis\u00e4lt\u00e4\u00e4 tai v\u00e4ltt\u00e4\u00e4. My\u00f6s osanottajien puheista arkun tai haudan \u00e4\u00e4ress\u00e4 voi m\u00e4\u00e4r\u00e4t\u00e4.<\/p>\n<p>Jos siunaustilaisuus tapahtuu kirkossa, kappelissa tai vastaavassa tulee noudattaa seurakunnaan tai vastaavan uskonnollisen yhteis\u00f6n ohjeita.<\/p>\n<p>Er\u00e4s aikaisimmista p\u00e4\u00e4t\u00f6ksist\u00e4 on p\u00e4\u00e4t\u00f6s siunaustilaisuuden osallistujista. Hiljaisuudessa tapahtuvassa hautajaisissa ovat yleens\u00e4 mukana ainoastaan l\u00e4hiomaiset. Avoin kutsu kaikille julkistetaan yleens\u00e4 kuolinilmoituksessa viikko tai pari ennen siunaustilaisuutta.<\/p>\n<p>Jos haluaa m\u00e4\u00e4r\u00e4t\u00e4 kukista, se tehd\u00e4\u00e4n kutsussa. Kukkien sijaan voi tukea jotain yhteis\u00f6\u00e4. T\u00e4ll\u00f6in voi kirkon tai kappelin ovella jakaa kukka jokaiselle, mik\u00e4 on ilmoitettava kutsussa.<\/p>\n<p>Toinen aikainen p\u00e4\u00e4t\u00f6s on arkkuhautaus tai polttohautaus. Seurakunnat ja viranomaiset suosittelevat polttohautausta koska silloin tarvitaan pienempi maa-alue hautausmaata varten. Tuhkauurnan voi haudata arkkuhautaan ja siten v\u00e4ltt\u00e4\u00e4 uuden haudan perustamista.<\/p>\n<p>Tuhkaus on yleens\u00e4 tehty siunaustilaisuuden j\u00e4lkeen, mutta sen voi kyll\u00e4 tehd\u00e4 jo ennen siunaustilaisuutta.<\/p>\n<p>Tilaisuuden ohjelman voi suunnitella monella tavalla. Ohjelma mielell\u00e4\u00e4n tulostetaan lauluteksteineen niit\u00e4 lauluja tai virsi\u00e4, jotka osallistujat laulavat. Ohjelmassa voi sallia lyhyit\u00e4 muistosanomia tai toivoa ettei puheita pidet\u00e4. Kukat j\u00e4tet\u00e4\u00e4n useimmiten arkun viereen, jos on polttohautaus, tai haudalle jos on arkkuhautaus, arkun hautaan laskemisen j\u00e4lkeen.<\/p>\n<p>On erilaisia perinteit\u00e4 koskien niit\u00e4 muistotekstej\u00e4, kortteja ja nauhoja, joita liitet\u00e4\u00e4n haudan kukkiin. Joko omaiset ottavat ne talteen heti tilaisuuden j\u00e4lkeen, tai annetaan niiden olla haudalla muutaman p\u00e4iv\u00e4n.<\/p>\n<p>Hautauksen voi tehd\u00e4 my\u00f6s ilman siunaustilaisuutta, erityisesti jos haluaa unohtua nopeasti.<\/p>\n<h2>Muistotilaisuus<\/h2>\n<p>Muistotilaisuuden voi pit\u00e4\u00e4 seurakunnan tiloissa, ravintolassa tai kodissa. Ohjelma on vapaa, puheita tai ei, musiikkia ja laulua tai ei, adressien lukemista tai ei. Tarjoilu on my\u00f6s vapaa. Jos on useita vieraita muilta paikkakunnilta on ehk\u00e4 tavallisempaa tarjota ruokaa.<\/p>\n<p>Iso muistotilaisuus on tapa kunnioittaa kuollutta ja samalla muistaa h\u00e4net.<\/p>\n<p>Muistotilaisuutta pienempi vaihtoehto voi olla lounas tai vastaava l\u00e4hiomaisille, ilman muistotilaisuutta. T\u00e4st\u00e4kin voi m\u00e4\u00e4r\u00e4t\u00e4 hautausohjeessa.<\/p>\n<h2>Muistojumalanpalveluksia<\/h2>\n<p>Perheill\u00e4 ja yhteis\u00f6ill\u00e4 voi olla perinteit\u00e4 j\u00e4rjest\u00e4\u00e4 useampia jumalanpalvelutilaisuuksia tai muistotilaisuuksia ennen \/ j\u00e4lkeen varsinaista siunaustilaisuutta. T\u00e4m\u00e4 voi perustua uskonnollisiin tapoihin mutta my\u00f6s jos kuollutta haluaa muistaa kauemmin.<\/p>\n<p>Ainakin joissakin lutherilaisissa seurakunnissa luetaan vuoden aikana kuolleiden nimet pyh\u00e4inp\u00e4iv\u00e4n\u00e4.<\/p>\n<p>Ortodoksisessa kirkossa on muistojumalanpalveluksia nelj\u00e4 kertaa varsinaisen siunaustilaisuuden lis\u00e4ksi.<\/p>\n<h2>Kuolinilmoitus<\/h2>\n<p>Kuolinilmoitukset ovat tavallisia mutta eiv\u00e4t pakollisia. Seurakunnat yleisesti julkaisevat kuolleiden nimet.<\/p>\n<p>Kuolinilmoituksia julkaistaan lehdess\u00e4 yleens\u00e4 siunaustilaisuuden j\u00e4lkeen, jos on hiljaiset hautajaiset pelk\u00e4st\u00e4\u00e4n l\u00e4hiomaisille. Jos on avoin kutsu siunaustilaisuuteen, voidaan kuolinilmoitus julkaista kutsun kera, viikko tai pari ennen siunaustilaisuutta.<\/p>\n<p>Kuolinilmoitus on perheen ilmoitus, ett\u00e4 rakas henkil\u00f6 on kuollut. Siksi on yleens\u00e4 mukana l\u00e4hiomaisten nimi\u00e4, joskus muitakin sukulaisia, harvemmin muita. Ty\u00f6paikka ja \/ tai ty\u00f6toverit julkaisevat joskus oman kuolinilmoituksen.<\/p>\n<h2>Muistokirjoitus<\/h2>\n<p>Muistokirjoituksen voi julkaista lehdess\u00e4. Se voidaan julkaista samanaikaisesti kuolinilmoituksen kanssa tai my\u00f6hemmin. Hyv\u00e4 muistokirjoitus on melko vaikea kirjoitettava, sen pit\u00e4\u00e4 olla kohtelias, kuvaileva ja mielenkiintoinen. Useimmiten kirjoittaja on lapsi tai hyv\u00e4 yst\u00e4v\u00e4.<\/p>\n<p>Muistokirjoituksen voi kielt\u00e4\u00e4 hautausohjeessa, jos haluaa niin.<\/p>\n<h2>Hautavaihtoehdot<\/h2>\n<div id=\"content\" class=\"site-content clr\">\n<article class=\"single-page-article clr\">\n<div class=\"entry clr\">\n<p>Hautaisohje voi sis\u00e4lt\u00e4\u00e4 ohjeita haudasta.<\/p>\n<p>Hautavaihtoehtoja:<\/p>\n<ul>\n<li>j\u00e4rjestetty hautausmaa;\n<ul>\n<li>perhehauta \/ sukuhauta;<\/li>\n<li>uusi arkkuhauta tai uurnahauta;<\/li>\n<li>oleva arkkuhauta tai uurnahauta;<\/li>\n<li>uurnalehto;<\/li>\n<\/ul>\n<\/li>\n<li>ulkopuolella j\u00e4rjestetyn hautausmaan\n<ul>\n<li>yksityinen hauta omalla maalla;<\/li>\n<li>sirottaa tuhka esim. mereen.<\/li>\n<\/ul>\n<\/li>\n<\/ul>\n<\/div>\n<p>Vaihtoehdot riippuvat monesta asiasta. T\u00e4rke\u00e4 asia on, ett\u00e4 varsinaiset hautapaikat yleens\u00e4 vaativat yll\u00e4pitoa, kun uurnalehto tai sirotettu tuhka ei vaadi kunnossapitoa. Perheill\u00e4 ja alueilla on erilaisia perinteit\u00e4 haudoilla k\u00e4ynti\u00e4 varten sek\u00e4 hoitoa varten, kukkien ja kynttil\u00f6iden vienti\u00e4, ym. Osittain t\u00e4m\u00e4 riippuu siit\u00e4, asuuko joku perheenj\u00e4sen haudan l\u00e4hell\u00e4.<\/p>\n<p>Uurnalehto on periaatteessa ainoastaan paikka, jossa my\u00f6hemmin voi muistaa kuollutta, kukkakimpulla tai kynttil\u00e4ll\u00e4 syksyn aikana.<\/p>\n<p>Nimett\u00f6min tapa on sirotella tuhka esim. mereen eik\u00e4 laittaa minnek\u00e4\u00e4n kuolleen nimi n\u00e4kyviin. T\u00e4m\u00e4 on nopein tapa unohtua.<\/p>\n<p>Omaiset ovat velvollisia hoitaa haudat itse tai sopia seurakunnan kanssa hoidosta.<\/p>\n<p>Valtionkirkon hautausmaita voi k\u00e4ytt\u00e4\u00e4 my\u00f6s, jos kuollut ei ole kuulunut kirkkoon. Jotkin yhteis\u00f6t avustavat maallisilla hautausj\u00e4rjestelyill\u00e4. Suomessa on kymmenkunta maallista (ei-uskonnollista) hautausmaata, useita ortodoksisia sek\u00e4 juutalaisia ja islamilaisia hautausmaita.<\/p>\n<h2>Muistomerkki<\/h2>\n<p>Hautakivi, risti tai muu muistomerkki haudalla on valittavissa. Muistomerkki ei ole pakollinen. Seurakunnan hyv\u00e4ksynt\u00e4 tarvitaan kuitenkin muistomerkille.<\/p>\n<p>Uurnalehdossa muistomerkki voi olla yksinkertainen nimi tai pelkk\u00e4 nimen kaiverrus yhteiseen muistomerkkiin. Joissakin uurnalehdoissa on muistomerkki niille, jotka on haudattu mereen (siroteltu tuhka).<\/p>\n<\/article>\n<article class=\"single-page-article clr\">\n<h2>Hautajaisavustus<\/h2>\n<\/article>\n<p>Joillakin tahoilla on tarjolla hautajaisavustus, kunta, vakuutus tai joku muu, jos kuollut on ollut sellaisen yhteis\u00f6n j\u00e4senen\u00e4.<\/p>\n<h2>Unohtua<\/h2>\n<p>Joka haluaa unohtua ja sekin mahdollisimman nopeasti valitsee minimin. Minimi vaatii kuitenkin yksinkertaisen arkun, uurnan tuhkalle ja ett\u00e4 tuhka sirotetaan mereen. Ei siis siunaustilaisuutta, ei muistotilaisuutta, ei kuolinilmoitusta, ei muistokirjoitusta, ei hautakive\u00e4 eik\u00e4 hautaa.<\/p>\n<p>30.8.2025<\/p>\n<\/div>\n","protected":false},"excerpt":{"rendered":"<p>T\u00e4m\u00e4 sivu on tarkoitettu l\u00e4hinn\u00e4 tavallisimpia hautajaisia varten. Se on pikemmin muistilista kuin ohje. M\u00e4\u00e4r\u00e4ykset hautajaisista Me ihmiset olemme erilaisia, ja sill\u00e4 on suuri merkitys hautajaisj\u00e4rjestelyille. Toiset haluavat j\u00e4\u00e4d\u00e4 ihmisten muistiin, n\u00e4ytt\u00e4vill\u00e4 hautajaisilla ja j\u00e4rjestelyill\u00e4, toiset haluavat hiljaiset hautajaiset pelk\u00e4st\u00e4\u00e4n l\u00e4heisten kesken, ja toiset taas haluavat unohtua mahdollisimman nopeasti. Ensimm\u00e4inen p\u00e4\u00e4t\u00f6s on, haluaako itse m\u00e4\u00e4r\u00e4t\u00e4 [&hellip;]<\/p>\n","protected":false},"author":1,"featured_media":0,"parent":74,"menu_order":0,"comment_status":"closed","ping_status":"closed","template":"","meta":{"advanced_seo_description":"","jetpack_seo_html_title":"","jetpack_seo_noindex":false,"footnotes":""},"class_list":["post-138","page","type-page","status-publish","hentry","entry"],"jetpack_sharing_enabled":true,"_links":{"self":[{"href":"https:\/\/syyspuolenturva.fi\/index.php\/wp-json\/wp\/v2\/pages\/138","targetHints":{"allow":["GET"]}}],"collection":[{"href":"https:\/\/syyspuolenturva.fi\/index.php\/wp-json\/wp\/v2\/pages"}],"about":[{"href":"https:\/\/syyspuolenturva.fi\/index.php\/wp-json\/wp\/v2\/types\/page"}],"author":[{"embeddable":true,"href":"https:\/\/syyspuolenturva.fi\/index.php\/wp-json\/wp\/v2\/users\/1"}],"replies":[{"embeddable":true,"href":"https:\/\/syyspuolenturva.fi\/index.php\/wp-json\/wp\/v2\/comments?post=138"}],"version-history":[{"count":17,"href":"https:\/\/syyspuolenturva.fi\/index.php\/wp-json\/wp\/v2\/pages\/138\/revisions"}],"predecessor-version":[{"id":321,"href":"https:\/\/syyspuolenturva.fi\/index.php\/wp-json\/wp\/v2\/pages\/138\/revisions\/321"}],"up":[{"embeddable":true,"href":"https:\/\/syyspuolenturva.fi\/index.php\/wp-json\/wp\/v2\/pages\/74"}],"wp:attachment":[{"href":"https:\/\/syyspuolenturva.fi\/index.php\/wp-json\/wp\/v2\/media?parent=138"}],"curies":[{"name":"wp","href":"https:\/\/api.w.org\/{rel}","templated":true}]}}