{"id":125,"date":"2024-10-07T17:31:24","date_gmt":"2024-10-07T17:31:24","guid":{"rendered":"https:\/\/syyspuolenturva.fi\/?page_id=125"},"modified":"2025-09-11T13:43:14","modified_gmt":"2025-09-11T11:43:14","slug":"hoitotahto-kielto","status":"publish","type":"page","link":"https:\/\/syyspuolenturva.fi\/index.php\/alku\/hoito\/hoitotahto-kielto\/","title":{"rendered":"Hoitotahto kielto"},"content":{"rendered":"<div id=\"content\" class=\"site-content clr\">\n<article class=\"single-page-article clr\">\n<div class=\"entry clr\">\n<p><img data-recalc-dims=\"1\" loading=\"lazy\" decoding=\"async\" class=\"size-medium wp-image-78 alignright\" src=\"https:\/\/i0.wp.com\/syyspuolenturva.fi\/wp-content\/uploads\/2024\/10\/AT-bild1.jpg?resize=295%2C300&#038;ssl=1\" alt=\"teemakuva\" width=\"295\" height=\"300\" srcset=\"https:\/\/i0.wp.com\/syyspuolenturva.fi\/wp-content\/uploads\/2024\/10\/AT-bild1.jpg?resize=295%2C300&amp;ssl=1 295w, https:\/\/i0.wp.com\/syyspuolenturva.fi\/wp-content\/uploads\/2024\/10\/AT-bild1.jpg?w=358&amp;ssl=1 358w\" sizes=\"auto, (max-width: 295px) 100vw, 295px\" \/>T\u00e4ten m\u00e4\u00e4r\u00e4\u00e4n min\u00e4, Hoito Tahto, syntynyt 30.2.1943, ett\u00e4 t\u00e4m\u00e4 hoitotahto on potilaslain mukainen vakaa tahtoni. Se korvaa kaikki aikaisemmat hoitotahtoasiakirjat ja tulee liitt\u00e4\u00e4 potilasasiakirjoihini sek\u00e4 sis\u00e4llytt\u00e4\u00e4 minun Kanta-sivuille.<\/p>\n<p>Hoitotahto tulee voimaan heti, mutta voin tarvittaessa t\u00e4ydenet\u00e4\u00e4 ja \/ tai muuttaa sit\u00e4 viimeist\u00e4\u00e4n hoitotilanteessa jos olen siihen kykenev\u00e4.<\/p>\n<p>Tarvittaessa saa vaimoni Silja, sek\u00e4 lapseni Alfa, Beta ja Gamma tutustua potilasasiakirjoihini.<\/p>\n<p>Jos esim. tapaturman, sairauden tai korkean i\u00e4n vuoksi joudun peruuttamattomaan tilaan jossa olen t\u00e4ysin menett\u00e4nyt toimintakykyisen autonomiani eik\u00e4 minulla ole havaittavissa kontaktia ymp\u00e4rist\u00f6\u00f6ni, tulee akuuttihoitoa, tehohoitoa ja muu samantyyppinen hoito j\u00e4tt\u00e4\u00e4 k\u00e4ytt\u00e4m\u00e4tt\u00e4, ja resuskitointia ei tule suorittaa. Toimenpiteit\u00e4 kuten suonensis\u00e4inen nesteytys, antibioottien k\u00e4ytt\u00f6 ja muita samantyyppisi\u00e4 l\u00e4\u00e4ketieteellisi\u00e4 hoitomuotoja saa k\u00e4ytt\u00e4\u00e4 ainoastaan jos on realistisia mahdollisuuksia ett\u00e4 n\u00e4ill\u00e4 saisin nopeasti takaisin aikaisempi toimintakykyni ja kontakti ymp\u00e4rist\u00f6\u00f6n pitk\u00e4ksi aikaa.<\/p>\n<p>Jos olen vaipunut yll\u00e4 mainittuun tilaan jossa minulla ei ole kontaktia ymp\u00e4rist\u00f6\u00f6ni tai omaisiini tulee hoitoni rajoittaa tavanomaiseen prim\u00e4\u00e4rihoitoon ja kivunlievitykseen tarpeen mukaan. T\u00e4ss\u00e4 vaiheessa ei my\u00f6sk\u00e4\u00e4n anneta ruokaa ja juomaa ellen itse kykene juomaan tai nielem\u00e4\u00e4n, letkusy\u00f6tt\u00f6\u00e4 ei saa k\u00e4ytt\u00e4\u00e4, eik\u00e4 el\u00e4m\u00e4\u00e4 pident\u00e4v\u00e4\u00e4 hoitoa pid\u00e4 mill\u00e4\u00e4n tavoilla antaa.<\/p>\n<p>Jos huolimatta yll\u00e4 olevasta syntyy ep\u00e4varmuutta hoitomuodoistani, enk\u00e4 itse kykene ilmaisemaan tahtoni, tulee laillinen edustajani (edunvalvontavaltakirjan valtuutettu) edustaa minua kun toimenpiteist\u00e4 p\u00e4\u00e4tet\u00e4\u00e4n.<\/p>\n<p>Helsingiss\u00e4 7.10.2024<\/p>\n<p>Hoito Tahto<\/p>\n<\/div>\n<\/article>\n<\/div>\n","protected":false},"excerpt":{"rendered":"<p>T\u00e4ten m\u00e4\u00e4r\u00e4\u00e4n min\u00e4, Hoito Tahto, syntynyt 30.2.1943, ett\u00e4 t\u00e4m\u00e4 hoitotahto on potilaslain mukainen vakaa tahtoni. Se korvaa kaikki aikaisemmat hoitotahtoasiakirjat ja tulee liitt\u00e4\u00e4 potilasasiakirjoihini sek\u00e4 sis\u00e4llytt\u00e4\u00e4 minun Kanta-sivuille. Hoitotahto tulee voimaan heti, mutta voin tarvittaessa t\u00e4ydenet\u00e4\u00e4 ja \/ tai muuttaa sit\u00e4 viimeist\u00e4\u00e4n hoitotilanteessa jos olen siihen kykenev\u00e4. Tarvittaessa saa vaimoni Silja, sek\u00e4 lapseni Alfa, Beta [&hellip;]<\/p>\n","protected":false},"author":1,"featured_media":0,"parent":47,"menu_order":0,"comment_status":"closed","ping_status":"closed","template":"","meta":{"advanced_seo_description":"","jetpack_seo_html_title":"","jetpack_seo_noindex":false,"footnotes":""},"class_list":["post-125","page","type-page","status-publish","hentry","entry"],"jetpack_sharing_enabled":true,"_links":{"self":[{"href":"https:\/\/syyspuolenturva.fi\/index.php\/wp-json\/wp\/v2\/pages\/125","targetHints":{"allow":["GET"]}}],"collection":[{"href":"https:\/\/syyspuolenturva.fi\/index.php\/wp-json\/wp\/v2\/pages"}],"about":[{"href":"https:\/\/syyspuolenturva.fi\/index.php\/wp-json\/wp\/v2\/types\/page"}],"author":[{"embeddable":true,"href":"https:\/\/syyspuolenturva.fi\/index.php\/wp-json\/wp\/v2\/users\/1"}],"replies":[{"embeddable":true,"href":"https:\/\/syyspuolenturva.fi\/index.php\/wp-json\/wp\/v2\/comments?post=125"}],"version-history":[{"count":1,"href":"https:\/\/syyspuolenturva.fi\/index.php\/wp-json\/wp\/v2\/pages\/125\/revisions"}],"predecessor-version":[{"id":127,"href":"https:\/\/syyspuolenturva.fi\/index.php\/wp-json\/wp\/v2\/pages\/125\/revisions\/127"}],"up":[{"embeddable":true,"href":"https:\/\/syyspuolenturva.fi\/index.php\/wp-json\/wp\/v2\/pages\/47"}],"wp:attachment":[{"href":"https:\/\/syyspuolenturva.fi\/index.php\/wp-json\/wp\/v2\/media?parent=125"}],"curies":[{"name":"wp","href":"https:\/\/api.w.org\/{rel}","templated":true}]}}