{"id":119,"date":"2024-10-07T17:05:02","date_gmt":"2024-10-07T17:05:02","guid":{"rendered":"https:\/\/syyspuolenturva.fi\/?page_id=119"},"modified":"2025-09-11T13:42:44","modified_gmt":"2025-09-11T11:42:44","slug":"hoitotahto-elaman-laatu","status":"publish","type":"page","link":"https:\/\/syyspuolenturva.fi\/index.php\/alku\/hoito\/hoitotahto-elaman-laatu\/","title":{"rendered":"Hoitotahto el\u00e4m\u00e4n laatu"},"content":{"rendered":"<p>&nbsp;<\/p>\n<table>\n<tbody>\n<tr>\n<td><img data-recalc-dims=\"1\" loading=\"lazy\" decoding=\"async\" class=\" wp-image-78 alignright\" src=\"https:\/\/i0.wp.com\/syyspuolenturva.fi\/wp-content\/uploads\/2024\/10\/AT-bild1.jpg?resize=98%2C100&#038;ssl=1\" alt=\"teemakuva\" width=\"98\" height=\"100\" srcset=\"https:\/\/i0.wp.com\/syyspuolenturva.fi\/wp-content\/uploads\/2024\/10\/AT-bild1.jpg?resize=295%2C300&amp;ssl=1 295w, https:\/\/i0.wp.com\/syyspuolenturva.fi\/wp-content\/uploads\/2024\/10\/AT-bild1.jpg?w=358&amp;ssl=1 358w\" sizes=\"auto, (max-width: 98px) 100vw, 98px\" \/>T\u00e4m\u00e4 on hoitotahtoni potilaslain mukaan, kirjattu Kantaj\u00e4rjestelm\u00e4\u00e4n k\u00e4ytt\u00e4j\u00e4rajapinnan Omakanta kautta.<\/p>\n<p>Min\u00e4 Hoito Tahto, syntynyt 30.2.1943, m\u00e4\u00e4r\u00e4\u00e4n seuraavaa:<\/p>\n<p>Viimeist\u00e4\u00e4n sin\u00e4 p\u00e4iv\u00e4n\u00e4 jolloin muutan hoivakotiin haluan ett\u00e4 el\u00e4m\u00e4nlaatuni arvioidaan seuraavien kysymysten avulla:<\/p>\n<p>1. Tunnenko omaiseni ja iloitsenko niiden tapaamisesta?<\/p>\n<p>2. Onko minulla my\u00f6nteist\u00e4 sosiaalista kanssak\u00e4ymist\u00e4?<\/p>\n<p>3. Iloitsenko sy\u00f6misest\u00e4?<\/p>\n<p>4. Nukunko useimmiten hyvin?<\/p>\n<p>Jos vastaukset kaikkiin kysymyksiin on &#8221;kyll\u00e4&#8221; haluan ett\u00e4 akuuttisairaudet hoidetaan mahdollisuuksien mukaan asumispaikassani. Jos\u00a0 vastaus yhteen tai useampaan kysymykseen on kielteinen haluan ett\u00e4 hoito on pelk\u00e4st\u00e4\u00e4n oireita lievitt\u00e4v\u00e4\u00e4 (palliatiivinen hoito).<\/p>\n<p>T\u00e4m\u00e4 hoitotahtoni tulee tiedottaa hoivapaikkaani niin ettei minua turhanp\u00e4iten l\u00e4hetet\u00e4 sairaalan akuuttihoitoon.<\/p>\n<p>Helsingiss\u00e4 7.10.2024<\/p>\n<p>Hoito Tahto<\/td>\n<td><img data-recalc-dims=\"1\" loading=\"lazy\" decoding=\"async\" class=\" wp-image-78 alignright\" src=\"https:\/\/i0.wp.com\/syyspuolenturva.fi\/wp-content\/uploads\/2024\/10\/AT-bild1.jpg?resize=96%2C98&#038;ssl=1\" alt=\"teemakuva\" width=\"96\" height=\"98\" srcset=\"https:\/\/i0.wp.com\/syyspuolenturva.fi\/wp-content\/uploads\/2024\/10\/AT-bild1.jpg?resize=295%2C300&amp;ssl=1 295w, https:\/\/i0.wp.com\/syyspuolenturva.fi\/wp-content\/uploads\/2024\/10\/AT-bild1.jpg?w=358&amp;ssl=1 358w\" sizes=\"auto, (max-width: 96px) 100vw, 96px\" \/>Detta \u00e4r mitt v\u00e5rddirektiv enligt patientlagen, insatt i Kanta-databasen genom anv\u00e4ndargr\u00e4nssnittet Omakanta.<\/p>\n<p>Jag Hoito Tahto, f\u00f6dd 30.2.1943, best\u00e4mmer f\u00f6ljande:<\/p>\n<p>Senast den dagen jag p\u00e5 grund av nedsatt funktionsf\u00f6rm\u00e5ga flyttar till servicehem vill jag att min livskvalit\u00e9 utv\u00e4rderas baserat p\u00e5 f\u00f6ljande fr\u00e5gor:<\/p>\n<p>1. K\u00e4nner jag mina anh\u00f6riga och har jag gl\u00e4dje av att tr\u00e4ffa dem?<\/p>\n<p>2. Har jag positiv social samvaro?<\/p>\n<p>3. F\u00e5r jag gl\u00e4dje av matstunder?<\/p>\n<p>4. Sover jag i regel gott?<\/p>\n<p>Om svaren p\u00e5 alla fr\u00e5gor \u00e4r &#8221;ja&#8221; \u00f6nskar jag att man behandlar akuta sjukdomar s\u00e5 gott det g\u00e5r d\u00e4r jag bor, antingen hemma eller p\u00e5 ett v\u00e5rdhem. Om svaret p\u00e5 en eller flera av dessa fyra fr\u00e5gor \u00e4r nekande vill jag att v\u00e5rden \u00e4r enbart symptomlindrande (palliativ v\u00e5rd).<\/p>\n<p>Detta v\u00e5rddirektiv skall meddelas till det omv\u00e5rdnadsst\u00e4lle d\u00e4r jag bor\u00a0 s\u00e5 att jag inte i on\u00f6dan s\u00e4nds till sjukhusets akutv\u00e5rd.<\/p>\n<p>&nbsp;<\/p>\n<p>&nbsp;<\/td>\n<\/tr>\n<\/tbody>\n<\/table>\n<p>&nbsp;<\/p>\n","protected":false},"excerpt":{"rendered":"<p>&nbsp; T\u00e4m\u00e4 on hoitotahtoni potilaslain mukaan, kirjattu Kantaj\u00e4rjestelm\u00e4\u00e4n k\u00e4ytt\u00e4j\u00e4rajapinnan Omakanta kautta. Min\u00e4 Hoito Tahto, syntynyt 30.2.1943, m\u00e4\u00e4r\u00e4\u00e4n seuraavaa: Viimeist\u00e4\u00e4n sin\u00e4 p\u00e4iv\u00e4n\u00e4 jolloin muutan hoivakotiin haluan ett\u00e4 el\u00e4m\u00e4nlaatuni arvioidaan seuraavien kysymysten avulla: 1. Tunnenko omaiseni ja iloitsenko niiden tapaamisesta? 2. Onko minulla my\u00f6nteist\u00e4 sosiaalista kanssak\u00e4ymist\u00e4? 3. Iloitsenko sy\u00f6misest\u00e4? 4. Nukunko useimmiten hyvin? Jos vastaukset kaikkiin kysymyksiin [&hellip;]<\/p>\n","protected":false},"author":1,"featured_media":0,"parent":47,"menu_order":0,"comment_status":"closed","ping_status":"closed","template":"","meta":{"advanced_seo_description":"","jetpack_seo_html_title":"","jetpack_seo_noindex":false,"footnotes":""},"class_list":["post-119","page","type-page","status-publish","hentry","entry"],"jetpack_sharing_enabled":true,"_links":{"self":[{"href":"https:\/\/syyspuolenturva.fi\/index.php\/wp-json\/wp\/v2\/pages\/119","targetHints":{"allow":["GET"]}}],"collection":[{"href":"https:\/\/syyspuolenturva.fi\/index.php\/wp-json\/wp\/v2\/pages"}],"about":[{"href":"https:\/\/syyspuolenturva.fi\/index.php\/wp-json\/wp\/v2\/types\/page"}],"author":[{"embeddable":true,"href":"https:\/\/syyspuolenturva.fi\/index.php\/wp-json\/wp\/v2\/users\/1"}],"replies":[{"embeddable":true,"href":"https:\/\/syyspuolenturva.fi\/index.php\/wp-json\/wp\/v2\/comments?post=119"}],"version-history":[{"count":6,"href":"https:\/\/syyspuolenturva.fi\/index.php\/wp-json\/wp\/v2\/pages\/119\/revisions"}],"predecessor-version":[{"id":237,"href":"https:\/\/syyspuolenturva.fi\/index.php\/wp-json\/wp\/v2\/pages\/119\/revisions\/237"}],"up":[{"embeddable":true,"href":"https:\/\/syyspuolenturva.fi\/index.php\/wp-json\/wp\/v2\/pages\/47"}],"wp:attachment":[{"href":"https:\/\/syyspuolenturva.fi\/index.php\/wp-json\/wp\/v2\/media?parent=119"}],"curies":[{"name":"wp","href":"https:\/\/api.w.org\/{rel}","templated":true}]}}