{"id":112,"date":"2024-10-07T10:48:53","date_gmt":"2024-10-07T10:48:53","guid":{"rendered":"https:\/\/syyspuolenturva.fi\/?page_id=112"},"modified":"2025-09-11T13:43:38","modified_gmt":"2025-09-11T11:43:38","slug":"hoitotahto-lyhyt","status":"publish","type":"page","link":"https:\/\/syyspuolenturva.fi\/index.php\/alku\/hoito\/hoitotahto-lyhyt\/","title":{"rendered":"Hoitotahto lyhyt"},"content":{"rendered":"<div id=\"primary\" class=\"content-area clr\">\n<div id=\"content\" class=\"site-content clr\">\n<article class=\"single-page-article clr\">\n<div class=\"entry clr\">\n<p>T\u00e4m\u00e4 on potilaslain mukainen hoitotahtoni, tallennettu my\u00f6s Kanta-tietokantaan k\u00e4ytt\u00e4j\u00e4rajapinnan Omakanta kautta.<\/p>\n<p>Min\u00e4 Hoito Tahto, syntynyt 30.2.1943, m\u00e4\u00e4r\u00e4\u00e4n, ett\u00e4 jos hoitotilanteessa olen kykenem\u00e4t\u00f6n p\u00e4\u00e4tt\u00e4m\u00e4\u00e4n hoidostani tulee t\u00e4t\u00e4 hoitotahtoa k\u00e4ytt\u00e4\u00e4 kuten potilaslaissa on m\u00e4\u00e4r\u00e4tty. Syy voi olla esim. onnettomuus, sairaus tai korkea ik\u00e4.<\/p>\n<p>Hoidossani saa k\u00e4ytt\u00e4\u00e4 hoitomuotoja jotka yll\u00e4pit\u00e4v\u00e4t elintoimintojani vain jos on selke\u00e4 toive ett\u00e4 tilani silloin korjautuu. Palliatiivista hoitoa saa tarvittaessa k\u00e4ytt\u00e4\u00e4.<\/p>\n<p>Helsingiss\u00e4 7.10.2024<\/p>\n<p>Hoito Tahto<\/p>\n<\/div>\n<\/article>\n<\/div>\n<\/div>\n","protected":false},"excerpt":{"rendered":"<p>T\u00e4m\u00e4 on potilaslain mukainen hoitotahtoni, tallennettu my\u00f6s Kanta-tietokantaan k\u00e4ytt\u00e4j\u00e4rajapinnan Omakanta kautta. Min\u00e4 Hoito Tahto, syntynyt 30.2.1943, m\u00e4\u00e4r\u00e4\u00e4n, ett\u00e4 jos hoitotilanteessa olen kykenem\u00e4t\u00f6n p\u00e4\u00e4tt\u00e4m\u00e4\u00e4n hoidostani tulee t\u00e4t\u00e4 hoitotahtoa k\u00e4ytt\u00e4\u00e4 kuten potilaslaissa on m\u00e4\u00e4r\u00e4tty. Syy voi olla esim. onnettomuus, sairaus tai korkea ik\u00e4. Hoidossani saa k\u00e4ytt\u00e4\u00e4 hoitomuotoja jotka yll\u00e4pit\u00e4v\u00e4t elintoimintojani vain jos on selke\u00e4 toive ett\u00e4 tilani [&hellip;]<\/p>\n","protected":false},"author":1,"featured_media":0,"parent":47,"menu_order":0,"comment_status":"closed","ping_status":"closed","template":"","meta":{"advanced_seo_description":"","jetpack_seo_html_title":"","jetpack_seo_noindex":false,"footnotes":""},"class_list":["post-112","page","type-page","status-publish","hentry","entry"],"jetpack_sharing_enabled":true,"_links":{"self":[{"href":"https:\/\/syyspuolenturva.fi\/index.php\/wp-json\/wp\/v2\/pages\/112","targetHints":{"allow":["GET"]}}],"collection":[{"href":"https:\/\/syyspuolenturva.fi\/index.php\/wp-json\/wp\/v2\/pages"}],"about":[{"href":"https:\/\/syyspuolenturva.fi\/index.php\/wp-json\/wp\/v2\/types\/page"}],"author":[{"embeddable":true,"href":"https:\/\/syyspuolenturva.fi\/index.php\/wp-json\/wp\/v2\/users\/1"}],"replies":[{"embeddable":true,"href":"https:\/\/syyspuolenturva.fi\/index.php\/wp-json\/wp\/v2\/comments?post=112"}],"version-history":[{"count":5,"href":"https:\/\/syyspuolenturva.fi\/index.php\/wp-json\/wp\/v2\/pages\/112\/revisions"}],"predecessor-version":[{"id":122,"href":"https:\/\/syyspuolenturva.fi\/index.php\/wp-json\/wp\/v2\/pages\/112\/revisions\/122"}],"up":[{"embeddable":true,"href":"https:\/\/syyspuolenturva.fi\/index.php\/wp-json\/wp\/v2\/pages\/47"}],"wp:attachment":[{"href":"https:\/\/syyspuolenturva.fi\/index.php\/wp-json\/wp\/v2\/media?parent=112"}],"curies":[{"name":"wp","href":"https:\/\/api.w.org\/{rel}","templated":true}]}}